{"id":17,"date":"2023-07-18T10:22:09","date_gmt":"2023-07-18T10:22:09","guid":{"rendered":"https:\/\/sovereignmediajp.com\/4s\/?page_id=17"},"modified":"2024-06-29T13:17:55","modified_gmt":"2024-06-29T13:17:55","slug":"mercados","status":"publish","type":"page","link":"https:\/\/www.sovereignmediajp.com\/4s\/mercados\/","title":{"rendered":"MERCADOS"},"content":{"rendered":"\n<div class=\"wp-block-columns is-layout-flex wp-container-core-columns-is-layout-9d6595d7 wp-block-columns-is-layout-flex\">\n<div class=\"wp-block-column clsSpace is-layout-flow wp-block-column-is-layout-flow\">\n<p class=\"has-text-color has-medium-font-size\" style=\"color:#8b000e\">Especialistas en la compra, planificaci\u00f3n y agencia de asesoramiento en publicidad externa en Asia. A continuaci\u00f3n, se muestra una lista parcial de los pa\u00edses, ciudades y todos los formatos disponibles. Para conocer otras ciudades de publicidad externa y los formatos de espacio publicitario, por favor, solicite la informaci\u00f3n.<\/p>\n\n\n\n<p class=\"has-medium-font-size\"><strong>Jap\u00f3n<\/strong>:<\/p>\n\n\n\n<p class=\"has-medium-font-size\">M\u00e1s de 120 pantallas de v\u00eddeo digital a nivel nacional,<br>Todos los aeropuertos incluyendo:<\/p>\n\n\n\n<p class=\"has-medium-font-size\">Tokio Narita y Haneda, Osaka Kansai y Itami, Kobe, Nagoya Chubu, Fukuoka<\/p>\n\n\n\n<p class=\"has-medium-font-size\">Todas las l\u00edneas de trenes, subterr\u00e1neos y l\u00edneas de autobuses en todo el pa\u00eds.<\/p>\n\n\n\n<p class=\"has-medium-font-size\"><strong>Thailandia:<\/strong><\/p>\n\n\n\n<p class=\"has-medium-font-size\">Bangkok | Pattaya | Phuket | Chiang Mai | Khon Kean | Krabi | Koh Samui | Hua Hin | Trang | Hat Yai | Krabi | Jomtien |<\/p>\n\n\n\n<p class=\"has-medium-font-size\">Vallas \/ Ballas Supervisadas (con efectos de iluminaci\u00f3n de maqueta \/ emergente), tejados y ne\u00f3n.<\/p>\n\n\n\n<p class=\"has-medium-font-size\">Muros | Envoltura de edificios: envolturas gigantes de muros, ventanas y edificios utilizando malla palo.<\/p>\n\n\n\n<p class=\"has-medium-font-size\">M\u00f3vil: anuncios en camiones, m\u00f3viles&nbsp;<em>trivision<\/em>, camiones digitales m\u00f3viles, cajas de luz m\u00f3viles, envolturas de taxi\/TukTuk.<\/p>\n\n\n\n<p class=\"has-medium-font-size\">Digitalizaci\u00f3n OOH\/Interior: pantallas externas con monitores digitales en todo Bangkok y el pa\u00eds.<\/p>\n\n\n\n<p class=\"has-medium-font-size\">Pilares BTS: en Sukhumvit &#8220;<em>City Vision BTS<\/em>&#8220;<\/p>\n\n\n\n<p class=\"has-medium-font-size\">Enlaces de aeropuertos: De Phaya Thai a Suvarnabhumi: carteles en estaciones, envolturas de trenes, etiquetas en las ventanas, anuncios, etc.<\/p>\n\n\n\n<p class=\"has-medium-font-size\"><br><strong>BTS Sky Train: <\/strong>cajas de luz en pasarelas BTS, envolturas en trenes, pantallas LCD en trenes para anuncios de tipo &#8220;comercial de TV&#8221; (con sonido), en paredes de las estaciones, escaleras mec\u00e1nicas, en digitales LED de la estaci\u00f3n, pegatinas en puertas y ventanas, envoltura del techo y m\u00e1s.<\/p>\n\n\n\n<p class=\"has-medium-font-size\"><br><strong>[AOT] Aeropuerto Suvarnabhumi y Don Muang:<\/strong> caja de luz, carteles, anuncios, digitalizaci\u00f3n, puente a\u00e9reo.<br>MRT Metro de Bangkok: cajas de luz en estaciones, pantallas LCD en trenes para anuncios tipo &#8220;comercial de TV&#8221; (con sonido), en paredes de las estaciones, escaleras mec\u00e1nicas, en digitales LED de la estaci\u00f3n, pegatinas en puertas y ventanas, envoltura del techo y m\u00e1s.<br>Centros comerciales: MBK Siam, Central Pattana, Future Park, Fashion Island, Seacon Square, Siam Square, Centralworld, villa HuaHin Market, The Avenue-Pattaya, centro comercial IT. anuncios de video en pantallas\/tabletas en cajas de pago Tesco-Lotus, Club Wholesale MAKRO, tiendas BIG C. farmacias Watsons.<\/p>\n\n\n\n<p class=\"has-medium-font-size\"><strong>China:<\/strong><br>([Hong Kong S.A.R.], Guangdong, Shandong, Sichuan, Henan, Hebei, Liaoning Jiangsu, Zhejiang, Shanxi Interior Mongolia, Xinjiang, Ningxia, Guizhou, Gansu, Chongqing, Hunan, Hubei, Anhui)<\/p>\n\n\n\n<p class=\"has-medium-font-size\"><strong>Exterior:<\/strong> Vallas, LED, autobuses, metro, aeropuertos, aparcamiento subterr\u00e1neo, ascensores, caja de luz y m\u00e1s<\/p>\n\n\n\n<p class=\"has-medium-font-size\">Publicidad en Autopistas Tren bala de alta velocidad nacional, autopista del aeropuerto, autopista Guangdong, Hebei, autopista Shanxi, Liaoning, Mongolia Interior, tren de alta velocidad, trenes de alta velocidad de Heilongjiang, autopista Shanghai, autopista Zhejiang, autopista Jiangsu, Jiangxi, autopista Shandong, autopista Henan, autopista Hubei, Hunan, tren de alta velocidad de Chongqing, autopista Sichuan, autopista Guizhou, puentes de autopistas Shaanxi, interurbanas.<\/p>\n\n\n\n<p class=\"has-medium-font-size\">Carreteras Nacionales estaci\u00f3n de tren de alta velocidad, publicidad en aeropuerto, estaci\u00f3n de espera de autob\u00fas, publicidad de autobuses, publicidad de peaje, estaci\u00f3n de tren de Beijing, estaci\u00f3n de tren de Shanghai, estaci\u00f3n de muelle de Guangdong, publicidad en aeropuerto expr\u00e9s, Sichuan, carreteras nacionales y provinciales del Estado de Shandong en Guizhou, Hebei, autobuses y estaciones de Mongolia Interior, aeropuerto de Liaoning, publicidad exterior en Guangdong<\/p>\n\n\n\n<p class=\"has-medium-font-size\"><strong>Metro de la ciudad:<\/strong>&nbsp;Publicidad en autobuses, estaciones de metro, publicidad en gasolineras, publicidad en taxis, publicidad en aeropuerto expr\u00e9s, publicidad en estacionamientos, autobuses Hebei Guangdong, Liaoning, autobuses de Shanghai, Zhejiang, autobuses PDI de Jiangsu Gong, Fujian, autobuses de Shandong, metro de Beijing, metro de Shanghai, publicidad en autopista y puentes en Shaanxi, OOH de una sola columna, redes de publicidad en edificio de oficinas, centro comercial City Square, gasolineras, supermercados, hoteles, taxia, universidades, ascensor y escaleras mec\u00e1nicas del metro, estacionamientos de cines, hospitales, estadios, marquesinas, vallas y muros.<\/p>\n\n\n\n<p class=\"has-medium-font-size\"><strong>Prensa:<\/strong> Norte, Este, Sur, Central, Nacional \u2013peri\u00f3dicos regionales, en ingl\u00e9s y de negocio &#8211; Publicaciones<br><strong>Revistaa: <\/strong>Negocios mensuales, semanales, Hogar, Estilo de Vida, Inform\u00e1tica, A bordo, Autos, Viajes, Muejeres.<\/p>\n\n\n\n<p class=\"has-medium-font-size\"><strong>Corea del Sur:<\/strong><br>(Aeropuerto de Se\u00fal, Busan, Incheon y m\u00e1s)<br><strong>Externa: <\/strong>Metro, pantallas en puertas de la plataforma, paredes, LCD, interior \/ exterior del metro, autob\u00fas urbano, paradas de autob\u00fas, Autob\u00fas Limo Aeropuerto, vallas en autopista IIA, cajas de luz y m\u00e1s<\/p>\n\n\n\n<p class=\"has-medium-font-size\">Peri\u00f3dicos y Revistas de Inform\u00e1tica<\/p>\n\n\n\n<p class=\"has-medium-font-size\"><strong>EE.UU.:<\/strong><br><strong>* Todas las principales ciudades: <\/strong>vallas, tr\u00e1nsito, taxi, metro, carteles de espect\u00e1culos, m\u00f3viles, v\u00eddeo m\u00f3viles \u00a1y mucho m\u00e1s!<\/p>\n\n\n\n<p class=\"has-medium-font-size\"><strong>Publicidad a\u00e9rea: <\/strong>NY, LA, DC, Boston, Chicago, Las Vegas, Miami, San Francisco, Canad\u00e1<\/p>\n\n\n\n<p class=\"has-medium-font-size\"><strong>En todo el mundo:<\/strong><\/p>\n\n\n\n<p class=\"has-medium-font-size\">Varios medios importantes en los siguientes pa\u00edses y en sus principales ciudades:<br><strong>Asia:<\/strong> Tailandia, China, Hong Kong, India, Indonesia, Malasia, Taiw\u00e1n, Vietnam, Camboya, Corea del Sur, Filipinas, Singapur<br><strong>Pac\u00edfico Sur:<\/strong> Australia, Nueva Zelanda,<\/p>\n\n\n\n<p class=\"has-medium-font-size\"><strong>UE: <\/strong>Reino Unido, Francia, Italia, Francia, Portugal, Alemania, Italia, Polonia, Hungr\u00eda, Espa\u00f1a, B\u00e9lgica, Suiza, Pa\u00edses Bajos, Rep\u00fablica Checa\/Eslovaquia, Austria, Suecia, Finlandia, Noruega, Dinamarca, Grecia, Croacia, Bosnia<br><br><strong>Europa del Este: <\/strong>Rusia, Rumania, Ucrania, Hungr\u00eda, Bulgaria, Ucrania, Bulgaria<\/p>\n\n\n\n<p class=\"has-medium-font-size\"><strong>Oriente Medio: <\/strong>Emiratos \u00c1rabes Unidos, Turqu\u00eda, Irak, L\u00edbano<br><strong>Am\u00e9rica del Norte:<\/strong> Canad\u00e1 y M\u00e9xico<br><strong>El Caribe:<\/strong> Rep\u00fablica Dominicana, Trinidad y Tobago, Bahamas, Antigua, St. Croix, St. Thomas, Islas Caim\u00e1n, Jamaica, Aruba, Curazao, Barbados, Puerto Rico, Reino Unido-Islas V\u00edrgenes, <strong>EE.UU.:<\/strong> Islas V\u00edrgenes, St. Martin, Islas Turcas y Caicos, Cozumel,<\/p>\n\n\n\n<p class=\"has-medium-font-size\"><strong>Centroam\u00e9rica: <\/strong>Guatemala, Costa Rica, Honduras, Panam\u00e1, El Salvador, Nicaragua.<br><strong>Am\u00e9rica del Sur:<\/strong> Chile, Per\u00fa, Brasil, Argentina, Uruguay, Paraguay, Colombia, Venezuela.<\/p>\n\n\n\n<p class=\"has-medium-font-size\"><strong>\u00c1frica:<\/strong> Sud\u00e1frica, Kenia, Tanzania, Camer\u00fan, Gab\u00f3n, Nigeria.<\/p>\n<\/div>\n<\/div>\n","protected":false},"excerpt":{"rendered":"<p>Especialistas en la compra, planificaci\u00f3n y agencia de asesoramiento en publicidad externa en Asia. A continuaci\u00f3n, se muestra una lista parcial de los pa\u00edses, ciudades y todos los formatos disponibles. Para conocer otras ciudades de publicidad externa y los formatos [&hellip;]<\/p>\n","protected":false},"author":1,"featured_media":0,"parent":0,"menu_order":0,"comment_status":"closed","ping_status":"closed","template":"","meta":{"_pvb_checkbox_block_on_post":false,"footnotes":""},"class_list":["post-17","page","type-page","status-publish","hentry"],"yoast_head":"<!-- This site is optimized with the Yoast SEO plugin v25.0 - https:\/\/yoast.com\/wordpress\/plugins\/seo\/ -->\n<title>MERCADOS - Sovereign Comm Spanish<\/title>\n<meta name=\"robots\" content=\"index, follow, max-snippet:-1, max-image-preview:large, max-video-preview:-1\" \/>\n<link rel=\"canonical\" href=\"https:\/\/www.sovereignmediajp.com\/4s\/mercados\/\" \/>\n<meta property=\"og:locale\" content=\"es_ES\" \/>\n<meta property=\"og:type\" content=\"article\" \/>\n<meta property=\"og:title\" content=\"MERCADOS - Sovereign Comm Spanish\" \/>\n<meta property=\"og:description\" content=\"Especialistas en la compra, planificaci\u00f3n y agencia de asesoramiento en publicidad externa en Asia. A continuaci\u00f3n, se muestra una lista parcial de los pa\u00edses, ciudades y todos los formatos disponibles. Para conocer otras ciudades de publicidad externa y los formatos [&hellip;]\" \/>\n<meta property=\"og:url\" content=\"https:\/\/www.sovereignmediajp.com\/4s\/mercados\/\" \/>\n<meta property=\"og:site_name\" content=\"Sovereign Comm Spanish\" \/>\n<meta property=\"article:modified_time\" content=\"2024-06-29T13:17:55+00:00\" \/>\n<meta property=\"og:image\" content=\"https:\/\/www.sovereignmediajp.com\/4s\/wp-content\/uploads\/sites\/14\/revslider\/main-slider\/Untitled-1024-x-490-px-1024-x-400-px.png\" \/>\n\t<meta property=\"og:image:width\" content=\"1024\" \/>\n\t<meta property=\"og:image:height\" content=\"400\" \/>\n\t<meta property=\"og:image:type\" content=\"image\/png\" \/>\n<meta name=\"twitter:card\" content=\"summary_large_image\" \/>\n<meta name=\"twitter:label1\" content=\"Tiempo de lectura\" \/>\n\t<meta name=\"twitter:data1\" content=\"4 minutos\" \/>\n<script type=\"application\/ld+json\" class=\"yoast-schema-graph\">{\"@context\":\"https:\/\/schema.org\",\"@graph\":[{\"@type\":\"WebPage\",\"@id\":\"https:\/\/www.sovereignmediajp.com\/4s\/mercados\/\",\"url\":\"https:\/\/www.sovereignmediajp.com\/4s\/mercados\/\",\"name\":\"MERCADOS - Sovereign Comm Spanish\",\"isPartOf\":{\"@id\":\"https:\/\/www.sovereignmediajp.com\/4s\/#website\"},\"datePublished\":\"2023-07-18T10:22:09+00:00\",\"dateModified\":\"2024-06-29T13:17:55+00:00\",\"breadcrumb\":{\"@id\":\"https:\/\/www.sovereignmediajp.com\/4s\/mercados\/#breadcrumb\"},\"inLanguage\":\"es\",\"potentialAction\":[{\"@type\":\"ReadAction\",\"target\":[\"https:\/\/www.sovereignmediajp.com\/4s\/mercados\/\"]}]},{\"@type\":\"BreadcrumbList\",\"@id\":\"https:\/\/www.sovereignmediajp.com\/4s\/mercados\/#breadcrumb\",\"itemListElement\":[{\"@type\":\"ListItem\",\"position\":1,\"name\":\"Home\",\"item\":\"https:\/\/www.sovereignmediajp.com\/4s\/\"},{\"@type\":\"ListItem\",\"position\":2,\"name\":\"MERCADOS\"}]},{\"@type\":\"WebSite\",\"@id\":\"https:\/\/www.sovereignmediajp.com\/4s\/#website\",\"url\":\"https:\/\/www.sovereignmediajp.com\/4s\/\",\"name\":\"Sovereign Comm Spanish\",\"description\":\"Agencia de planificaci\u00f3n y compra de medios OOH\",\"publisher\":{\"@id\":\"https:\/\/www.sovereignmediajp.com\/4s\/#organization\"},\"alternateName\":\"sovereignmediajp\",\"potentialAction\":[{\"@type\":\"SearchAction\",\"target\":{\"@type\":\"EntryPoint\",\"urlTemplate\":\"https:\/\/www.sovereignmediajp.com\/4s\/?s={search_term_string}\"},\"query-input\":{\"@type\":\"PropertyValueSpecification\",\"valueRequired\":true,\"valueName\":\"search_term_string\"}}],\"inLanguage\":\"es\"},{\"@type\":\"Organization\",\"@id\":\"https:\/\/www.sovereignmediajp.com\/4s\/#organization\",\"name\":\"sovereign media\",\"alternateName\":\"sovereign media\",\"url\":\"https:\/\/www.sovereignmediajp.com\/4s\/\",\"logo\":{\"@type\":\"ImageObject\",\"inLanguage\":\"es\",\"@id\":\"https:\/\/www.sovereignmediajp.com\/4s\/#\/schema\/logo\/image\/\",\"url\":\"https:\/\/www.sovereignmediajp.com\/4s\/wp-content\/uploads\/sites\/14\/2023\/07\/favicon.jpg\",\"contentUrl\":\"https:\/\/www.sovereignmediajp.com\/4s\/wp-content\/uploads\/sites\/14\/2023\/07\/favicon.jpg\",\"width\":52,\"height\":66,\"caption\":\"sovereign media\"},\"image\":{\"@id\":\"https:\/\/www.sovereignmediajp.com\/4s\/#\/schema\/logo\/image\/\"}}]}<\/script>\n<!-- \/ Yoast SEO plugin. -->","yoast_head_json":{"title":"MERCADOS - Sovereign Comm Spanish","robots":{"index":"index","follow":"follow","max-snippet":"max-snippet:-1","max-image-preview":"max-image-preview:large","max-video-preview":"max-video-preview:-1"},"canonical":"https:\/\/www.sovereignmediajp.com\/4s\/mercados\/","og_locale":"es_ES","og_type":"article","og_title":"MERCADOS - Sovereign Comm Spanish","og_description":"Especialistas en la compra, planificaci\u00f3n y agencia de asesoramiento en publicidad externa en Asia. A continuaci\u00f3n, se muestra una lista parcial de los pa\u00edses, ciudades y todos los formatos disponibles. Para conocer otras ciudades de publicidad externa y los formatos [&hellip;]","og_url":"https:\/\/www.sovereignmediajp.com\/4s\/mercados\/","og_site_name":"Sovereign Comm Spanish","article_modified_time":"2024-06-29T13:17:55+00:00","og_image":[{"width":1024,"height":400,"url":"https:\/\/www.sovereignmediajp.com\/4s\/wp-content\/uploads\/sites\/14\/revslider\/main-slider\/Untitled-1024-x-490-px-1024-x-400-px.png","type":"image\/png"}],"twitter_card":"summary_large_image","twitter_misc":{"Tiempo de lectura":"4 minutos"},"schema":{"@context":"https:\/\/schema.org","@graph":[{"@type":"WebPage","@id":"https:\/\/www.sovereignmediajp.com\/4s\/mercados\/","url":"https:\/\/www.sovereignmediajp.com\/4s\/mercados\/","name":"MERCADOS - Sovereign Comm Spanish","isPartOf":{"@id":"https:\/\/www.sovereignmediajp.com\/4s\/#website"},"datePublished":"2023-07-18T10:22:09+00:00","dateModified":"2024-06-29T13:17:55+00:00","breadcrumb":{"@id":"https:\/\/www.sovereignmediajp.com\/4s\/mercados\/#breadcrumb"},"inLanguage":"es","potentialAction":[{"@type":"ReadAction","target":["https:\/\/www.sovereignmediajp.com\/4s\/mercados\/"]}]},{"@type":"BreadcrumbList","@id":"https:\/\/www.sovereignmediajp.com\/4s\/mercados\/#breadcrumb","itemListElement":[{"@type":"ListItem","position":1,"name":"Home","item":"https:\/\/www.sovereignmediajp.com\/4s\/"},{"@type":"ListItem","position":2,"name":"MERCADOS"}]},{"@type":"WebSite","@id":"https:\/\/www.sovereignmediajp.com\/4s\/#website","url":"https:\/\/www.sovereignmediajp.com\/4s\/","name":"Sovereign Comm Spanish","description":"Agencia de planificaci\u00f3n y compra de medios OOH","publisher":{"@id":"https:\/\/www.sovereignmediajp.com\/4s\/#organization"},"alternateName":"sovereignmediajp","potentialAction":[{"@type":"SearchAction","target":{"@type":"EntryPoint","urlTemplate":"https:\/\/www.sovereignmediajp.com\/4s\/?s={search_term_string}"},"query-input":{"@type":"PropertyValueSpecification","valueRequired":true,"valueName":"search_term_string"}}],"inLanguage":"es"},{"@type":"Organization","@id":"https:\/\/www.sovereignmediajp.com\/4s\/#organization","name":"sovereign media","alternateName":"sovereign media","url":"https:\/\/www.sovereignmediajp.com\/4s\/","logo":{"@type":"ImageObject","inLanguage":"es","@id":"https:\/\/www.sovereignmediajp.com\/4s\/#\/schema\/logo\/image\/","url":"https:\/\/www.sovereignmediajp.com\/4s\/wp-content\/uploads\/sites\/14\/2023\/07\/favicon.jpg","contentUrl":"https:\/\/www.sovereignmediajp.com\/4s\/wp-content\/uploads\/sites\/14\/2023\/07\/favicon.jpg","width":52,"height":66,"caption":"sovereign media"},"image":{"@id":"https:\/\/www.sovereignmediajp.com\/4s\/#\/schema\/logo\/image\/"}}]}},"_links":{"self":[{"href":"https:\/\/www.sovereignmediajp.com\/4s\/wp-json\/wp\/v2\/pages\/17","targetHints":{"allow":["GET"]}}],"collection":[{"href":"https:\/\/www.sovereignmediajp.com\/4s\/wp-json\/wp\/v2\/pages"}],"about":[{"href":"https:\/\/www.sovereignmediajp.com\/4s\/wp-json\/wp\/v2\/types\/page"}],"author":[{"embeddable":true,"href":"https:\/\/www.sovereignmediajp.com\/4s\/wp-json\/wp\/v2\/users\/1"}],"replies":[{"embeddable":true,"href":"https:\/\/www.sovereignmediajp.com\/4s\/wp-json\/wp\/v2\/comments?post=17"}],"version-history":[{"count":5,"href":"https:\/\/www.sovereignmediajp.com\/4s\/wp-json\/wp\/v2\/pages\/17\/revisions"}],"predecessor-version":[{"id":86,"href":"https:\/\/www.sovereignmediajp.com\/4s\/wp-json\/wp\/v2\/pages\/17\/revisions\/86"}],"wp:attachment":[{"href":"https:\/\/www.sovereignmediajp.com\/4s\/wp-json\/wp\/v2\/media?parent=17"}],"curies":[{"name":"wp","href":"https:\/\/api.w.org\/{rel}","templated":true}]}}