{"id":14,"date":"2023-07-18T10:21:50","date_gmt":"2023-07-18T10:21:50","guid":{"rendered":"https:\/\/sovereignmediajp.com\/4s\/?page_id=14"},"modified":"2024-06-29T13:17:56","modified_gmt":"2024-06-29T13:17:56","slug":"servicios","status":"publish","type":"page","link":"https:\/\/www.sovereignmediajp.com\/4s\/servicios\/","title":{"rendered":"SERVICIOS"},"content":{"rendered":"\n<div class=\"wp-block-columns is-layout-flex wp-container-core-columns-is-layout-9d6595d7 wp-block-columns-is-layout-flex\">\n<div class=\"wp-block-column clsSpace is-layout-flow wp-block-column-is-layout-flow\">\n<p class=\"has-medium-font-size\"><strong><mark style=\"background-color:rgba(0, 0, 0, 0);color:#8b000e\" class=\"has-inline-color\">Sovereign Comm<\/mark><\/strong>\u00a0proporciona planificaci\u00f3n y compra de publicidad externa para su mercado en espec\u00edfico y para sus tipos de espacios publicitarios en todo el mundo. Nos especializamos en la publicidad externa en Asia, especialmente en Jap\u00f3n, China [Hong Kong, Macao y la parte continental], Tailandia, Singapur y los EE.UU., planeamos expandirnos a m\u00e1s de 155 pa\u00edses.<\/p>\n\n\n\n<p class=\"has-medium-font-size\"><br>Los mercados de espacio publicitario externos en Asia son nuestra primera y m\u00e1s importante especialidad a la hora de la planificaci\u00f3n, compra y asesoramiento en publicidad OOH (publicidad externa). Somos la uno de las pocos especialistas de publicidad externa de Asia ubicados en Bangkok que se centra en toda la regi\u00f3n.<br>P\u00f3ngase en contacto con nosotros con su mercado ya previsto y su espacio publicitario RFP deseado y nos pondremos en contacto con usted lo m\u00e1s pronto posible.<\/p>\n\n\n\n<hr class=\"wp-block-separator has-alpha-channel-opacity\"\/>\n\n\n\n<p class=\"has-medium-font-size\"><br><br>M\u00e1s sobre nuestra publicidad OOH o &#8220;fuera de casa&#8221; &#8230;<br><br><strong>Paneles de Vallas\/Carteles<\/strong>: Este tipo de publicidad es muy popular y ofrece una gran circulaci\u00f3n y costos por tasas de impresi\u00f3n. Estos anuncios no pueden ser &#8220;apagados&#8221; a diferencia de la televisi\u00f3n\/radio durante una pausa publicitaria, por lo tanto, este espacio publicitario es casi siempre visto por el p\u00fablico.<br><br><strong>Paneles de v\u00eddeo digital:<\/strong>\u00a0Comm Sovereign tiene una gran red de paneles digitales de v\u00eddeo en Jap\u00f3n, as\u00ed como en los EE.UU. y en la mayor\u00eda de los mercados internacionales. Nuestros paneles de v\u00eddeo se combinan uno o ambos tipos de campa\u00f1as publicitarias &#8220;impresas&#8221; o de &#8220;TV&#8221;. Este moderno espacio publicitario externo suele ser m\u00e1s rentable que los espacios tradicionales. Adem\u00e1s, los paneles de video de campa\u00f1as publicitarias pueden ser colocados por un per\u00edodo relativamente corto, en comparaci\u00f3n con los anuncios de muros o vallas publicitarias, porque, por lo general, hay una lista de espera\/tiempo para la colocaci\u00f3n de murales\/vallas y esto no suele ser el caso de los paneles de v\u00eddeo. Una campa\u00f1a publicitaria tiene que ser colocada en su mercado, con poca antelaci\u00f3n y con un video que funcione bien.<br>Tr\u00e1nsito \u2013 Publicidad exterior en autobuses y trenes y paradas de autobuses: Este espacio publicitario es econ\u00f3mico y excelente para una campa\u00f1a publicitaria de corto plazo, con una audiencia de peatones y conductores.<br><strong>Tr\u00e1nsito<\/strong>\u00a0\u2013 Estaciones de metro o trenes subterr\u00e1neos: Viajeros en estaciones de trenes o dentro del vag\u00f3n o en diferentes puntos de la ciudad.<br><br><strong>Aeropuerto<\/strong>: viajeros saliendo o entrando de un aeropuerto de la ciudad. El espacio publicitario usualmente est\u00e1 disponible en los terminales de salida y llegada y antes o despu\u00e9s de las aduanas.<br><br><strong>Las vallas m\u00f3viles<\/strong>\u00a0y los anuncios en camiones y en taxis son m\u00e1s rentables y se pueden utilizar como el espacio publicitario en vez de usarlas en muros y en espacios dentro de un mercado donde son inexistentes o costosas. Pregunte acerca de las ventajas de la publicidad en camiones y por qu\u00e9 con ella se puede penetrar pr\u00e1cticamente cualquier mercado que era complicado para los medios populares.<\/p>\n\n\n\n<p class=\"has-medium-font-size\"><strong>Eventos y Planificaci\u00f3n<\/strong>: Los eventos en una ubicaci\u00f3n estrat\u00e9gica ofrece un contacto directo con la audiencia y expone su mensaje\/producto de una manera visible, a diferencia de la publicidad OOH tradicional. Ofrece grandes ventajas, donde el p\u00fablico puede sentir, ver o tocar su producto\/servicio.<br>Podemos convertir un espacio vac\u00edo en un lugar de encuentro creando una atracci\u00f3n y una emoci\u00f3n en los transe\u00fantes.<br>Se pueden distribuir muestras, as\u00ed como folletos, adem\u00e1s de tener pantallas, monitores de v\u00eddeo, m\u00fasica y de m\u00e1s. Investigaremos el mejor lugar disponible para llevar a cabo su evento promocional.<br>Por otra parte, se puede planificar un espacio m\u00e1s privado para aumentar las oportunidades de negocio con el cliente.<\/p>\n<\/div>\n<\/div>\n","protected":false},"excerpt":{"rendered":"<p>Sovereign Comm\u00a0proporciona planificaci\u00f3n y compra de publicidad externa para su mercado en espec\u00edfico y para sus tipos de espacios publicitarios en todo el mundo. Nos especializamos en la publicidad externa en Asia, especialmente en Jap\u00f3n, China [Hong Kong, Macao y [&hellip;]<\/p>\n","protected":false},"author":1,"featured_media":0,"parent":0,"menu_order":0,"comment_status":"closed","ping_status":"closed","template":"","meta":{"_pvb_checkbox_block_on_post":false,"footnotes":""},"class_list":["post-14","page","type-page","status-publish","hentry"],"yoast_head":"<!-- This site is optimized with the Yoast SEO plugin v25.0 - https:\/\/yoast.com\/wordpress\/plugins\/seo\/ -->\n<title>SERVICIOS - Sovereign Comm Spanish<\/title>\n<meta name=\"robots\" content=\"index, follow, max-snippet:-1, max-image-preview:large, max-video-preview:-1\" \/>\n<link rel=\"canonical\" href=\"https:\/\/www.sovereignmediajp.com\/4s\/servicios\/\" \/>\n<meta property=\"og:locale\" content=\"es_ES\" \/>\n<meta property=\"og:type\" content=\"article\" \/>\n<meta property=\"og:title\" content=\"SERVICIOS - Sovereign Comm Spanish\" \/>\n<meta property=\"og:description\" content=\"Sovereign Comm\u00a0proporciona planificaci\u00f3n y compra de publicidad externa para su mercado en espec\u00edfico y para sus tipos de espacios publicitarios en todo el mundo. Nos especializamos en la publicidad externa en Asia, especialmente en Jap\u00f3n, China [Hong Kong, Macao y [&hellip;]\" \/>\n<meta property=\"og:url\" content=\"https:\/\/www.sovereignmediajp.com\/4s\/servicios\/\" \/>\n<meta property=\"og:site_name\" content=\"Sovereign Comm Spanish\" \/>\n<meta property=\"article:modified_time\" content=\"2024-06-29T13:17:56+00:00\" \/>\n<meta property=\"og:image\" content=\"https:\/\/www.sovereignmediajp.com\/4s\/wp-content\/uploads\/sites\/14\/revslider\/main-slider\/Untitled-1024-x-490-px-1024-x-400-px.png\" \/>\n\t<meta property=\"og:image:width\" content=\"1024\" \/>\n\t<meta property=\"og:image:height\" content=\"400\" \/>\n\t<meta property=\"og:image:type\" content=\"image\/png\" \/>\n<meta name=\"twitter:card\" content=\"summary_large_image\" \/>\n<meta name=\"twitter:label1\" content=\"Tiempo de lectura\" \/>\n\t<meta name=\"twitter:data1\" content=\"3 minutos\" \/>\n<script type=\"application\/ld+json\" class=\"yoast-schema-graph\">{\"@context\":\"https:\/\/schema.org\",\"@graph\":[{\"@type\":\"WebPage\",\"@id\":\"https:\/\/www.sovereignmediajp.com\/4s\/servicios\/\",\"url\":\"https:\/\/www.sovereignmediajp.com\/4s\/servicios\/\",\"name\":\"SERVICIOS - Sovereign Comm Spanish\",\"isPartOf\":{\"@id\":\"https:\/\/www.sovereignmediajp.com\/4s\/#website\"},\"datePublished\":\"2023-07-18T10:21:50+00:00\",\"dateModified\":\"2024-06-29T13:17:56+00:00\",\"breadcrumb\":{\"@id\":\"https:\/\/www.sovereignmediajp.com\/4s\/servicios\/#breadcrumb\"},\"inLanguage\":\"es\",\"potentialAction\":[{\"@type\":\"ReadAction\",\"target\":[\"https:\/\/www.sovereignmediajp.com\/4s\/servicios\/\"]}]},{\"@type\":\"BreadcrumbList\",\"@id\":\"https:\/\/www.sovereignmediajp.com\/4s\/servicios\/#breadcrumb\",\"itemListElement\":[{\"@type\":\"ListItem\",\"position\":1,\"name\":\"Home\",\"item\":\"https:\/\/www.sovereignmediajp.com\/4s\/\"},{\"@type\":\"ListItem\",\"position\":2,\"name\":\"SERVICIOS\"}]},{\"@type\":\"WebSite\",\"@id\":\"https:\/\/www.sovereignmediajp.com\/4s\/#website\",\"url\":\"https:\/\/www.sovereignmediajp.com\/4s\/\",\"name\":\"Sovereign Comm Spanish\",\"description\":\"Agencia de planificaci\u00f3n y compra de medios OOH\",\"publisher\":{\"@id\":\"https:\/\/www.sovereignmediajp.com\/4s\/#organization\"},\"alternateName\":\"sovereignmediajp\",\"potentialAction\":[{\"@type\":\"SearchAction\",\"target\":{\"@type\":\"EntryPoint\",\"urlTemplate\":\"https:\/\/www.sovereignmediajp.com\/4s\/?s={search_term_string}\"},\"query-input\":{\"@type\":\"PropertyValueSpecification\",\"valueRequired\":true,\"valueName\":\"search_term_string\"}}],\"inLanguage\":\"es\"},{\"@type\":\"Organization\",\"@id\":\"https:\/\/www.sovereignmediajp.com\/4s\/#organization\",\"name\":\"sovereign media\",\"alternateName\":\"sovereign media\",\"url\":\"https:\/\/www.sovereignmediajp.com\/4s\/\",\"logo\":{\"@type\":\"ImageObject\",\"inLanguage\":\"es\",\"@id\":\"https:\/\/www.sovereignmediajp.com\/4s\/#\/schema\/logo\/image\/\",\"url\":\"https:\/\/www.sovereignmediajp.com\/4s\/wp-content\/uploads\/sites\/14\/2023\/07\/favicon.jpg\",\"contentUrl\":\"https:\/\/www.sovereignmediajp.com\/4s\/wp-content\/uploads\/sites\/14\/2023\/07\/favicon.jpg\",\"width\":52,\"height\":66,\"caption\":\"sovereign media\"},\"image\":{\"@id\":\"https:\/\/www.sovereignmediajp.com\/4s\/#\/schema\/logo\/image\/\"}}]}<\/script>\n<!-- \/ Yoast SEO plugin. -->","yoast_head_json":{"title":"SERVICIOS - Sovereign Comm Spanish","robots":{"index":"index","follow":"follow","max-snippet":"max-snippet:-1","max-image-preview":"max-image-preview:large","max-video-preview":"max-video-preview:-1"},"canonical":"https:\/\/www.sovereignmediajp.com\/4s\/servicios\/","og_locale":"es_ES","og_type":"article","og_title":"SERVICIOS - Sovereign Comm Spanish","og_description":"Sovereign Comm\u00a0proporciona planificaci\u00f3n y compra de publicidad externa para su mercado en espec\u00edfico y para sus tipos de espacios publicitarios en todo el mundo. Nos especializamos en la publicidad externa en Asia, especialmente en Jap\u00f3n, China [Hong Kong, Macao y [&hellip;]","og_url":"https:\/\/www.sovereignmediajp.com\/4s\/servicios\/","og_site_name":"Sovereign Comm Spanish","article_modified_time":"2024-06-29T13:17:56+00:00","og_image":[{"width":1024,"height":400,"url":"https:\/\/www.sovereignmediajp.com\/4s\/wp-content\/uploads\/sites\/14\/revslider\/main-slider\/Untitled-1024-x-490-px-1024-x-400-px.png","type":"image\/png"}],"twitter_card":"summary_large_image","twitter_misc":{"Tiempo de lectura":"3 minutos"},"schema":{"@context":"https:\/\/schema.org","@graph":[{"@type":"WebPage","@id":"https:\/\/www.sovereignmediajp.com\/4s\/servicios\/","url":"https:\/\/www.sovereignmediajp.com\/4s\/servicios\/","name":"SERVICIOS - Sovereign Comm Spanish","isPartOf":{"@id":"https:\/\/www.sovereignmediajp.com\/4s\/#website"},"datePublished":"2023-07-18T10:21:50+00:00","dateModified":"2024-06-29T13:17:56+00:00","breadcrumb":{"@id":"https:\/\/www.sovereignmediajp.com\/4s\/servicios\/#breadcrumb"},"inLanguage":"es","potentialAction":[{"@type":"ReadAction","target":["https:\/\/www.sovereignmediajp.com\/4s\/servicios\/"]}]},{"@type":"BreadcrumbList","@id":"https:\/\/www.sovereignmediajp.com\/4s\/servicios\/#breadcrumb","itemListElement":[{"@type":"ListItem","position":1,"name":"Home","item":"https:\/\/www.sovereignmediajp.com\/4s\/"},{"@type":"ListItem","position":2,"name":"SERVICIOS"}]},{"@type":"WebSite","@id":"https:\/\/www.sovereignmediajp.com\/4s\/#website","url":"https:\/\/www.sovereignmediajp.com\/4s\/","name":"Sovereign Comm Spanish","description":"Agencia de planificaci\u00f3n y compra de medios OOH","publisher":{"@id":"https:\/\/www.sovereignmediajp.com\/4s\/#organization"},"alternateName":"sovereignmediajp","potentialAction":[{"@type":"SearchAction","target":{"@type":"EntryPoint","urlTemplate":"https:\/\/www.sovereignmediajp.com\/4s\/?s={search_term_string}"},"query-input":{"@type":"PropertyValueSpecification","valueRequired":true,"valueName":"search_term_string"}}],"inLanguage":"es"},{"@type":"Organization","@id":"https:\/\/www.sovereignmediajp.com\/4s\/#organization","name":"sovereign media","alternateName":"sovereign media","url":"https:\/\/www.sovereignmediajp.com\/4s\/","logo":{"@type":"ImageObject","inLanguage":"es","@id":"https:\/\/www.sovereignmediajp.com\/4s\/#\/schema\/logo\/image\/","url":"https:\/\/www.sovereignmediajp.com\/4s\/wp-content\/uploads\/sites\/14\/2023\/07\/favicon.jpg","contentUrl":"https:\/\/www.sovereignmediajp.com\/4s\/wp-content\/uploads\/sites\/14\/2023\/07\/favicon.jpg","width":52,"height":66,"caption":"sovereign media"},"image":{"@id":"https:\/\/www.sovereignmediajp.com\/4s\/#\/schema\/logo\/image\/"}}]}},"_links":{"self":[{"href":"https:\/\/www.sovereignmediajp.com\/4s\/wp-json\/wp\/v2\/pages\/14","targetHints":{"allow":["GET"]}}],"collection":[{"href":"https:\/\/www.sovereignmediajp.com\/4s\/wp-json\/wp\/v2\/pages"}],"about":[{"href":"https:\/\/www.sovereignmediajp.com\/4s\/wp-json\/wp\/v2\/types\/page"}],"author":[{"embeddable":true,"href":"https:\/\/www.sovereignmediajp.com\/4s\/wp-json\/wp\/v2\/users\/1"}],"replies":[{"embeddable":true,"href":"https:\/\/www.sovereignmediajp.com\/4s\/wp-json\/wp\/v2\/comments?post=14"}],"version-history":[{"count":9,"href":"https:\/\/www.sovereignmediajp.com\/4s\/wp-json\/wp\/v2\/pages\/14\/revisions"}],"predecessor-version":[{"id":193,"href":"https:\/\/www.sovereignmediajp.com\/4s\/wp-json\/wp\/v2\/pages\/14\/revisions\/193"}],"wp:attachment":[{"href":"https:\/\/www.sovereignmediajp.com\/4s\/wp-json\/wp\/v2\/media?parent=14"}],"curies":[{"name":"wp","href":"https:\/\/api.w.org\/{rel}","templated":true}]}}