{"id":11,"date":"2023-07-18T10:21:31","date_gmt":"2023-07-18T10:21:31","guid":{"rendered":"https:\/\/sovereignmediajp.com\/4s\/?page_id=11"},"modified":"2024-06-29T13:17:55","modified_gmt":"2024-06-29T13:17:55","slug":"home","status":"publish","type":"page","link":"https:\/\/www.sovereignmediajp.com\/4s\/","title":{"rendered":"HOME"},"content":{"rendered":"\n<div class=\"wp-block-columns is-layout-flex wp-container-core-columns-is-layout-9d6595d7 wp-block-columns-is-layout-flex\">\n<div class=\"wp-block-column clsSpace is-layout-flow wp-block-column-is-layout-flow\">\n<p class=\"has-medium-font-size\"><strong><mark style=\"background-color:rgba(0, 0, 0, 0);color:#8b000e\" class=\"has-inline-color\">Sovereign Comm<\/mark><\/strong>\u00a0le lleva Jap\u00f3n, Asia y al mundo a usted. Lo conectamos a una red de alto perfil de muros, vallas, pantallas de video digitales, paneles, vallas m\u00f3viles, aeropuertos, autobuses, metro, trenes, taxis, eventos, pancartas, carteles, publicidad de autobuses, paneles, centros comerciales, B2B y otros anuncios publicitarios externos no tradicionales para publicitar directamente y para agencias de publicidad de los EE.UU., Jap\u00f3n, Hong Kong, Singapur, Tailandia y m\u00e1s\u2026<\/p>\n\n\n\n<p class=\"has-medium-font-size\"><br>Nos especializamos en la publicidad externa, conocida como OOH, en casi toda Asia. Nosotros hacemos el trabajo \u2013 planificaci\u00f3n, compra, consultor\u00eda, negociaci\u00f3n, creatividad y m\u00e1s \u2013 como deber\u00eda hacerlo un especialista en publicidad externa.<br>Si usted representa a una agencia o es un planificador de medios externo para distintas marcas en el mundo y para la publicidad externa en Jap\u00f3n, Asia y en EE.UU., nosotros nos enfocamos en atender a empresas como la suya. Haga clic en Servicios en el men\u00fa para ver nuestra capacidad. Nuestra alta velocidad, tarifas bajas, especialidad en OOH y habilidades ling\u00fcistas es lo que nos distingue del resto en la regi\u00f3n asi\u00e1tica en cuanto a los servicios de planificaci\u00f3n y compra de publicidad externa.<\/p>\n\n\n\n<p class=\"has-medium-font-size\">Sovereign Comm le proporcionar\u00e1 distintos servicios de compra y planificaci\u00f3n publicitaria en los siguientes mercados y m\u00e1s:<br>JAP\u00d3N<br>SINGAPUR<br>HONG KONG Y CHINA<br>THAILANDIA<br>MALASIA<br>MACAO<br>COREA DEL SUR<br>TAIWAN<br>AUSTRALIA \/ NUEVA ZELANDA<br>Lista completa<a href=\"http:\/\/www.sovereignmediajp.com\/spsvs.html\"><\/a><\/p>\n\n\n\n<p class=\"has-medium-font-size\">Ofrecemos otras ubicaciones de anuncios en Asia&#8230;<br>&#8211; Prensa, revistas, online, alternativas externas y m\u00e1s&#8230;<br>&#8211; Busqueda y recomendaciones det t\u00edtulos B2B.<br>&#8211; Revistas y entretenimientos a bordo.<br>&#8211; Publicidad Intenacional de Reclutamiento.<br>&#8211; T\u00edtulos comerciales en China continental y en los principales peri\u00f3dicos y revistas chinas de circulaci\u00f3n diaria.<br>&#8211; Publicidad en l\u00ednea.<br>&#8211; Exposiciones Recomendaciones y arreglos en general \/ log\u00edstica<br>-Radio<br>-Televisi\u00f3n<br>-Online<br>-Prensa<\/p>\n\n\n\n<p class=\"has-medium-font-size\">Sovereign Comm tiene acceso a m\u00e1s de 6.700 proveedores de medios de comunicaci\u00f3n solo en Asia, llegando a casi 10.000 en todo el mundo, los cuales abarcan espacios externos, de TV, radio, prensa, alternatios y en l\u00ednea.<\/p>\n<\/div>\n<\/div>\n","protected":false},"excerpt":{"rendered":"<p>Sovereign Comm\u00a0le lleva Jap\u00f3n, Asia y al mundo a usted. Lo conectamos a una red de alto perfil de muros, vallas, pantallas de video digitales, paneles, vallas m\u00f3viles, aeropuertos, autobuses, metro, trenes, taxis, eventos, pancartas, carteles, publicidad de autobuses, paneles, [&hellip;]<\/p>\n","protected":false},"author":1,"featured_media":0,"parent":0,"menu_order":0,"comment_status":"closed","ping_status":"closed","template":"","meta":{"_pvb_checkbox_block_on_post":false,"footnotes":""},"class_list":["post-11","page","type-page","status-publish","hentry"],"yoast_head":"<!-- This site is optimized with the Yoast SEO plugin v25.0 - https:\/\/yoast.com\/wordpress\/plugins\/seo\/ -->\n<title>HOME - Sovereign Comm Spanish<\/title>\n<meta name=\"robots\" content=\"index, follow, max-snippet:-1, max-image-preview:large, max-video-preview:-1\" \/>\n<link rel=\"canonical\" href=\"https:\/\/www.sovereignmediajp.com\/4s\/\" \/>\n<meta property=\"og:locale\" content=\"es_ES\" \/>\n<meta property=\"og:type\" content=\"article\" \/>\n<meta property=\"og:title\" content=\"HOME - Sovereign Comm Spanish\" \/>\n<meta property=\"og:description\" content=\"Sovereign Comm\u00a0le lleva Jap\u00f3n, Asia y al mundo a usted. Lo conectamos a una red de alto perfil de muros, vallas, pantallas de video digitales, paneles, vallas m\u00f3viles, aeropuertos, autobuses, metro, trenes, taxis, eventos, pancartas, carteles, publicidad de autobuses, paneles, [&hellip;]\" \/>\n<meta property=\"og:url\" content=\"https:\/\/www.sovereignmediajp.com\/4s\/\" \/>\n<meta property=\"og:site_name\" content=\"Sovereign Comm Spanish\" \/>\n<meta property=\"article:modified_time\" content=\"2024-06-29T13:17:55+00:00\" \/>\n<meta property=\"og:image\" content=\"https:\/\/www.sovereignmediajp.com\/4s\/wp-content\/uploads\/sites\/14\/revslider\/main-slider\/Untitled-1024-x-490-px-1024-x-400-px.png\" \/>\n\t<meta property=\"og:image:width\" content=\"1024\" \/>\n\t<meta property=\"og:image:height\" content=\"400\" \/>\n\t<meta property=\"og:image:type\" content=\"image\/png\" \/>\n<meta name=\"twitter:card\" content=\"summary_large_image\" \/>\n<meta name=\"twitter:label1\" content=\"Tiempo de lectura\" \/>\n\t<meta name=\"twitter:data1\" content=\"2 minutos\" \/>\n<script type=\"application\/ld+json\" class=\"yoast-schema-graph\">{\"@context\":\"https:\/\/schema.org\",\"@graph\":[{\"@type\":\"WebPage\",\"@id\":\"https:\/\/www.sovereignmediajp.com\/4s\/\",\"url\":\"https:\/\/www.sovereignmediajp.com\/4s\/\",\"name\":\"HOME - Sovereign Comm Spanish\",\"isPartOf\":{\"@id\":\"https:\/\/www.sovereignmediajp.com\/4s\/#website\"},\"datePublished\":\"2023-07-18T10:21:31+00:00\",\"dateModified\":\"2024-06-29T13:17:55+00:00\",\"breadcrumb\":{\"@id\":\"https:\/\/www.sovereignmediajp.com\/4s\/#breadcrumb\"},\"inLanguage\":\"es\",\"potentialAction\":[{\"@type\":\"ReadAction\",\"target\":[\"https:\/\/www.sovereignmediajp.com\/4s\/\"]}]},{\"@type\":\"BreadcrumbList\",\"@id\":\"https:\/\/www.sovereignmediajp.com\/4s\/#breadcrumb\",\"itemListElement\":[{\"@type\":\"ListItem\",\"position\":1,\"name\":\"Home\",\"item\":\"https:\/\/www.sovereignmediajp.com\/4s\/\"},{\"@type\":\"ListItem\",\"position\":2,\"name\":\"HOME\"}]},{\"@type\":\"WebSite\",\"@id\":\"https:\/\/www.sovereignmediajp.com\/4s\/#website\",\"url\":\"https:\/\/www.sovereignmediajp.com\/4s\/\",\"name\":\"Sovereign Comm Spanish\",\"description\":\"Agencia de planificaci\u00f3n y compra de medios OOH\",\"publisher\":{\"@id\":\"https:\/\/www.sovereignmediajp.com\/4s\/#organization\"},\"alternateName\":\"sovereignmediajp\",\"potentialAction\":[{\"@type\":\"SearchAction\",\"target\":{\"@type\":\"EntryPoint\",\"urlTemplate\":\"https:\/\/www.sovereignmediajp.com\/4s\/?s={search_term_string}\"},\"query-input\":{\"@type\":\"PropertyValueSpecification\",\"valueRequired\":true,\"valueName\":\"search_term_string\"}}],\"inLanguage\":\"es\"},{\"@type\":\"Organization\",\"@id\":\"https:\/\/www.sovereignmediajp.com\/4s\/#organization\",\"name\":\"sovereign media\",\"alternateName\":\"sovereign media\",\"url\":\"https:\/\/www.sovereignmediajp.com\/4s\/\",\"logo\":{\"@type\":\"ImageObject\",\"inLanguage\":\"es\",\"@id\":\"https:\/\/www.sovereignmediajp.com\/4s\/#\/schema\/logo\/image\/\",\"url\":\"https:\/\/www.sovereignmediajp.com\/4s\/wp-content\/uploads\/sites\/14\/2023\/07\/favicon.jpg\",\"contentUrl\":\"https:\/\/www.sovereignmediajp.com\/4s\/wp-content\/uploads\/sites\/14\/2023\/07\/favicon.jpg\",\"width\":52,\"height\":66,\"caption\":\"sovereign media\"},\"image\":{\"@id\":\"https:\/\/www.sovereignmediajp.com\/4s\/#\/schema\/logo\/image\/\"}}]}<\/script>\n<!-- \/ Yoast SEO plugin. -->","yoast_head_json":{"title":"HOME - Sovereign Comm Spanish","robots":{"index":"index","follow":"follow","max-snippet":"max-snippet:-1","max-image-preview":"max-image-preview:large","max-video-preview":"max-video-preview:-1"},"canonical":"https:\/\/www.sovereignmediajp.com\/4s\/","og_locale":"es_ES","og_type":"article","og_title":"HOME - Sovereign Comm Spanish","og_description":"Sovereign Comm\u00a0le lleva Jap\u00f3n, Asia y al mundo a usted. Lo conectamos a una red de alto perfil de muros, vallas, pantallas de video digitales, paneles, vallas m\u00f3viles, aeropuertos, autobuses, metro, trenes, taxis, eventos, pancartas, carteles, publicidad de autobuses, paneles, [&hellip;]","og_url":"https:\/\/www.sovereignmediajp.com\/4s\/","og_site_name":"Sovereign Comm Spanish","article_modified_time":"2024-06-29T13:17:55+00:00","og_image":[{"width":1024,"height":400,"url":"https:\/\/www.sovereignmediajp.com\/4s\/wp-content\/uploads\/sites\/14\/revslider\/main-slider\/Untitled-1024-x-490-px-1024-x-400-px.png","type":"image\/png"}],"twitter_card":"summary_large_image","twitter_misc":{"Tiempo de lectura":"2 minutos"},"schema":{"@context":"https:\/\/schema.org","@graph":[{"@type":"WebPage","@id":"https:\/\/www.sovereignmediajp.com\/4s\/","url":"https:\/\/www.sovereignmediajp.com\/4s\/","name":"HOME - Sovereign Comm Spanish","isPartOf":{"@id":"https:\/\/www.sovereignmediajp.com\/4s\/#website"},"datePublished":"2023-07-18T10:21:31+00:00","dateModified":"2024-06-29T13:17:55+00:00","breadcrumb":{"@id":"https:\/\/www.sovereignmediajp.com\/4s\/#breadcrumb"},"inLanguage":"es","potentialAction":[{"@type":"ReadAction","target":["https:\/\/www.sovereignmediajp.com\/4s\/"]}]},{"@type":"BreadcrumbList","@id":"https:\/\/www.sovereignmediajp.com\/4s\/#breadcrumb","itemListElement":[{"@type":"ListItem","position":1,"name":"Home","item":"https:\/\/www.sovereignmediajp.com\/4s\/"},{"@type":"ListItem","position":2,"name":"HOME"}]},{"@type":"WebSite","@id":"https:\/\/www.sovereignmediajp.com\/4s\/#website","url":"https:\/\/www.sovereignmediajp.com\/4s\/","name":"Sovereign Comm Spanish","description":"Agencia de planificaci\u00f3n y compra de medios OOH","publisher":{"@id":"https:\/\/www.sovereignmediajp.com\/4s\/#organization"},"alternateName":"sovereignmediajp","potentialAction":[{"@type":"SearchAction","target":{"@type":"EntryPoint","urlTemplate":"https:\/\/www.sovereignmediajp.com\/4s\/?s={search_term_string}"},"query-input":{"@type":"PropertyValueSpecification","valueRequired":true,"valueName":"search_term_string"}}],"inLanguage":"es"},{"@type":"Organization","@id":"https:\/\/www.sovereignmediajp.com\/4s\/#organization","name":"sovereign media","alternateName":"sovereign media","url":"https:\/\/www.sovereignmediajp.com\/4s\/","logo":{"@type":"ImageObject","inLanguage":"es","@id":"https:\/\/www.sovereignmediajp.com\/4s\/#\/schema\/logo\/image\/","url":"https:\/\/www.sovereignmediajp.com\/4s\/wp-content\/uploads\/sites\/14\/2023\/07\/favicon.jpg","contentUrl":"https:\/\/www.sovereignmediajp.com\/4s\/wp-content\/uploads\/sites\/14\/2023\/07\/favicon.jpg","width":52,"height":66,"caption":"sovereign media"},"image":{"@id":"https:\/\/www.sovereignmediajp.com\/4s\/#\/schema\/logo\/image\/"}}]}},"_links":{"self":[{"href":"https:\/\/www.sovereignmediajp.com\/4s\/wp-json\/wp\/v2\/pages\/11","targetHints":{"allow":["GET"]}}],"collection":[{"href":"https:\/\/www.sovereignmediajp.com\/4s\/wp-json\/wp\/v2\/pages"}],"about":[{"href":"https:\/\/www.sovereignmediajp.com\/4s\/wp-json\/wp\/v2\/types\/page"}],"author":[{"embeddable":true,"href":"https:\/\/www.sovereignmediajp.com\/4s\/wp-json\/wp\/v2\/users\/1"}],"replies":[{"embeddable":true,"href":"https:\/\/www.sovereignmediajp.com\/4s\/wp-json\/wp\/v2\/comments?post=11"}],"version-history":[{"count":5,"href":"https:\/\/www.sovereignmediajp.com\/4s\/wp-json\/wp\/v2\/pages\/11\/revisions"}],"predecessor-version":[{"id":192,"href":"https:\/\/www.sovereignmediajp.com\/4s\/wp-json\/wp\/v2\/pages\/11\/revisions\/192"}],"wp:attachment":[{"href":"https:\/\/www.sovereignmediajp.com\/4s\/wp-json\/wp\/v2\/media?parent=11"}],"curies":[{"name":"wp","href":"https:\/\/api.w.org\/{rel}","templated":true}]}}