{"id":7,"date":"2023-07-18T04:03:33","date_gmt":"2023-07-18T04:03:33","guid":{"rendered":"https:\/\/sovereignmediajp.com\/1f\/?page_id=7"},"modified":"2024-06-29T13:17:34","modified_gmt":"2024-06-29T13:17:34","slug":"agence-de-publicite-japon-asie","status":"publish","type":"page","link":"https:\/\/www.sovereignmediajp.com\/1f\/","title":{"rendered":"Agence de publicit\u00e9 Japon et Asie"},"content":{"rendered":"\n<div class=\"wp-block-columns is-layout-flex wp-container-core-columns-is-layout-9d6595d7 wp-block-columns-is-layout-flex\">\n<div class=\"wp-block-column clsSpace is-layout-flow wp-block-column-is-layout-flow\">\n<p class=\"has-medium-font-size\"><strong><mark style=\"background-color:rgba(0, 0, 0, 0);color:#8b000e\" class=\"has-inline-color\">Sovereign Comm dessert le Japon,<\/mark><\/strong>l\u2019Asie et le monde pour vous. Nous vous rendons accessible les meilleurs emplacements : murs, panneaux d\u2019affichages, affichages num\u00e9riques vid\u00e9os, panneaux, panneaux d\u2019affichages mobiles, a\u00e9roports, bus, m\u00e9tro, train, taxi, \u00e9v\u00e9nements, banni\u00e8res, affiches, bus, panneaux, centres commerciaux, B2B et autres publicit\u00e9s ext\u00e9rieures non-traditionnelles pour faire la promotion et de la publicit\u00e9 aux \u00c9tats-Unis, Japon, Hong Kong, Singapour, Tha\u00eflande et beaucoup d\u2019autres\u2026&#8230;<\/p>\n\n\n\n<p class=\"has-medium-font-size\">Nous sommes sp\u00e9cialis\u00e9s dans la publicit\u00e9 ext\u00e9rieure, AKA OOH, dans l\u2019ensemble de l\u2019Asie. Nous nous occupons de la planification du travail, achats, expertise-conseils, n\u00e9gociations, cr\u00e9ations et plus \u2013 tel qu\u2019un sp\u00e9cialiste des publicit\u00e9s ext\u00e9rieures se doit d\u2019\u00eatre.<\/p>\n\n\n\n<p class=\"has-medium-font-size\">Si vous \u00eates une agence ou un acheteur d\u2019espace publicitaire pour une marque n\u2019importe o\u00f9 dans le monde, nous couvrons le march\u00e9 asiatique pour vous, vous pouvez nous<a href=\"https:\/\/sovereignmediajp.com\/request-for-proposal-form\/\"> contacter.<\/a> Cliquez sur Services dans le menu pour constater notre potentiel. Notre vitesse, sp\u00e9cialit\u00e9 de publicit\u00e9 ext\u00e9rieure et notre capacit\u00e9 \u00e0 travailler dans diff\u00e9rents langages sont ce qui nous distingue des autres services de publicit\u00e9s ext\u00e9rieures dans la r\u00e9gion asiatique.<\/p>\n\n\n\n<p class=\"has-medium-font-size\">Sovereign Comm vous fournira ses services d\u2019achats et planification de publicit\u00e9s ext\u00e9rieures dans les march\u00e9s suivants et plus encore\u00a0:<\/p>\n\n\n\n<p class=\"has-medium-font-size\">JAPON<br>SINGAPOUR<br>HONG KONG<br>CHINE<br>MALAISIE<br>MACAU<br>COR\u00c9E DU SUD<br>TAIWAN<br>AUSTRALIE \/ NOUVELLE Z\u00c9LANDE<\/p>\n\n\n\n<ul class=\"has-medium-font-size wp-block-list\">\n<li>Journaux asiatique, Magazines, En ligne, Affichages ext\u00e9rieurs &amp; plus\u2026<\/li>\n\n\n\n<li>Radio<\/li>\n\n\n\n<li>T\u00e9l\u00e9vision<\/li>\n\n\n\n<li>En ligne<\/li>\n\n\n\n<li>Journaux<\/li>\n\n\n\n<li>Magazine<\/li>\n<\/ul>\n\n\n\n<p class=\"has-medium-font-size\"><em>En Asie seulement, Sovereign Comm a acc\u00e8s \u00e0 plus de 6700 fournisseur de m\u00e9dias, atteignant plus 10\u00a0000 espaces ext\u00e9rieurs, T\u00e9l\u00e9vision, Radio, Impressions, espaces d\u2019affichage alternatifs et en ligne.<\/em><\/p>\n<\/div>\n<\/div>\n","protected":false},"excerpt":{"rendered":"<p>Sovereign Comm dessert le Japon,l\u2019Asie et le monde pour vous. Nous vous rendons accessible les meilleurs emplacements : murs, panneaux d\u2019affichages, affichages num\u00e9riques vid\u00e9os, panneaux, panneaux d\u2019affichages mobiles, a\u00e9roports, bus, m\u00e9tro, train, taxi, \u00e9v\u00e9nements, banni\u00e8res, affiches, bus, panneaux, centres commerciaux, [&hellip;]<\/p>\n","protected":false},"author":1,"featured_media":54,"parent":0,"menu_order":0,"comment_status":"closed","ping_status":"closed","template":"","meta":{"_pvb_checkbox_block_on_post":false,"footnotes":""},"class_list":["post-7","page","type-page","status-publish","has-post-thumbnail","hentry"],"yoast_head":"<!-- This site is optimized with the Yoast SEO plugin v25.0 - https:\/\/yoast.com\/wordpress\/plugins\/seo\/ -->\n<title>Agence de publicit\u00e9 Japon et Asie - Sovereign Comm French<\/title>\n<meta name=\"robots\" content=\"index, follow, max-snippet:-1, max-image-preview:large, max-video-preview:-1\" \/>\n<link rel=\"canonical\" href=\"https:\/\/www.sovereignmediajp.com\/1f\/\" \/>\n<meta property=\"og:locale\" content=\"fr_FR\" \/>\n<meta property=\"og:type\" content=\"article\" \/>\n<meta property=\"og:title\" content=\"Agence de publicit\u00e9 Japon et Asie - Sovereign Comm French\" \/>\n<meta property=\"og:description\" content=\"Sovereign Comm dessert le Japon,l\u2019Asie et le monde pour vous. Nous vous rendons accessible les meilleurs emplacements : murs, panneaux d\u2019affichages, affichages num\u00e9riques vid\u00e9os, panneaux, panneaux d\u2019affichages mobiles, a\u00e9roports, bus, m\u00e9tro, train, taxi, \u00e9v\u00e9nements, banni\u00e8res, affiches, bus, panneaux, centres commerciaux, [&hellip;]\" \/>\n<meta property=\"og:url\" content=\"https:\/\/www.sovereignmediajp.com\/1f\/\" \/>\n<meta property=\"og:site_name\" content=\"Sovereign Comm French\" \/>\n<meta property=\"article:modified_time\" content=\"2024-06-29T13:17:34+00:00\" \/>\n<meta property=\"og:image\" content=\"https:\/\/www.sovereignmediajp.com\/1f\/wp-content\/uploads\/sites\/12\/2023\/07\/slide-8.jpg\" \/>\n\t<meta property=\"og:image:width\" content=\"747\" \/>\n\t<meta property=\"og:image:height\" content=\"185\" \/>\n\t<meta property=\"og:image:type\" content=\"image\/jpeg\" \/>\n<meta name=\"twitter:card\" content=\"summary_large_image\" \/>\n<meta name=\"twitter:label1\" content=\"Dur\u00e9e de lecture estim\u00e9e\" \/>\n\t<meta name=\"twitter:data1\" content=\"2 minutes\" \/>\n<script type=\"application\/ld+json\" class=\"yoast-schema-graph\">{\"@context\":\"https:\/\/schema.org\",\"@graph\":[{\"@type\":\"WebPage\",\"@id\":\"https:\/\/www.sovereignmediajp.com\/1f\/\",\"url\":\"https:\/\/www.sovereignmediajp.com\/1f\/\",\"name\":\"Agence de publicit\u00e9 Japon et Asie - Sovereign Comm French\",\"isPartOf\":{\"@id\":\"https:\/\/www.sovereignmediajp.com\/1f\/#website\"},\"primaryImageOfPage\":{\"@id\":\"https:\/\/www.sovereignmediajp.com\/1f\/#primaryimage\"},\"image\":{\"@id\":\"https:\/\/www.sovereignmediajp.com\/1f\/#primaryimage\"},\"thumbnailUrl\":\"https:\/\/www.sovereignmediajp.com\/1f\/wp-content\/uploads\/sites\/12\/2023\/07\/slide-8.jpg\",\"datePublished\":\"2023-07-18T04:03:33+00:00\",\"dateModified\":\"2024-06-29T13:17:34+00:00\",\"breadcrumb\":{\"@id\":\"https:\/\/www.sovereignmediajp.com\/1f\/#breadcrumb\"},\"inLanguage\":\"fr-FR\",\"potentialAction\":[{\"@type\":\"ReadAction\",\"target\":[\"https:\/\/www.sovereignmediajp.com\/1f\/\"]}]},{\"@type\":\"ImageObject\",\"inLanguage\":\"fr-FR\",\"@id\":\"https:\/\/www.sovereignmediajp.com\/1f\/#primaryimage\",\"url\":\"https:\/\/www.sovereignmediajp.com\/1f\/wp-content\/uploads\/sites\/12\/2023\/07\/slide-8.jpg\",\"contentUrl\":\"https:\/\/www.sovereignmediajp.com\/1f\/wp-content\/uploads\/sites\/12\/2023\/07\/slide-8.jpg\",\"width\":747,\"height\":185},{\"@type\":\"BreadcrumbList\",\"@id\":\"https:\/\/www.sovereignmediajp.com\/1f\/#breadcrumb\",\"itemListElement\":[{\"@type\":\"ListItem\",\"position\":1,\"name\":\"Home\",\"item\":\"https:\/\/www.sovereignmediajp.com\/1f\/\"},{\"@type\":\"ListItem\",\"position\":2,\"name\":\"ACCUEIL\"}]},{\"@type\":\"WebSite\",\"@id\":\"https:\/\/www.sovereignmediajp.com\/1f\/#website\",\"url\":\"https:\/\/www.sovereignmediajp.com\/1f\/\",\"name\":\"Sovereign Comm French\",\"description\":\"Agence de planification et d&#039;achat de m\u00e9dias OOH\",\"publisher\":{\"@id\":\"https:\/\/www.sovereignmediajp.com\/1f\/#organization\"},\"alternateName\":\"sovereignmediajp\",\"potentialAction\":[{\"@type\":\"SearchAction\",\"target\":{\"@type\":\"EntryPoint\",\"urlTemplate\":\"https:\/\/www.sovereignmediajp.com\/1f\/?s={search_term_string}\"},\"query-input\":{\"@type\":\"PropertyValueSpecification\",\"valueRequired\":true,\"valueName\":\"search_term_string\"}}],\"inLanguage\":\"fr-FR\"},{\"@type\":\"Organization\",\"@id\":\"https:\/\/www.sovereignmediajp.com\/1f\/#organization\",\"name\":\"sovereign media\",\"alternateName\":\"sovereign media\",\"url\":\"https:\/\/www.sovereignmediajp.com\/1f\/\",\"logo\":{\"@type\":\"ImageObject\",\"inLanguage\":\"fr-FR\",\"@id\":\"https:\/\/www.sovereignmediajp.com\/1f\/#\/schema\/logo\/image\/\",\"url\":\"https:\/\/www.sovereignmediajp.com\/1f\/wp-content\/uploads\/sites\/12\/2023\/07\/favicon.jpg\",\"contentUrl\":\"https:\/\/www.sovereignmediajp.com\/1f\/wp-content\/uploads\/sites\/12\/2023\/07\/favicon.jpg\",\"width\":52,\"height\":66,\"caption\":\"sovereign media\"},\"image\":{\"@id\":\"https:\/\/www.sovereignmediajp.com\/1f\/#\/schema\/logo\/image\/\"}}]}<\/script>\n<!-- \/ Yoast SEO plugin. -->","yoast_head_json":{"title":"Agence de publicit\u00e9 Japon et Asie - Sovereign Comm French","robots":{"index":"index","follow":"follow","max-snippet":"max-snippet:-1","max-image-preview":"max-image-preview:large","max-video-preview":"max-video-preview:-1"},"canonical":"https:\/\/www.sovereignmediajp.com\/1f\/","og_locale":"fr_FR","og_type":"article","og_title":"Agence de publicit\u00e9 Japon et Asie - Sovereign Comm French","og_description":"Sovereign Comm dessert le Japon,l\u2019Asie et le monde pour vous. Nous vous rendons accessible les meilleurs emplacements : murs, panneaux d\u2019affichages, affichages num\u00e9riques vid\u00e9os, panneaux, panneaux d\u2019affichages mobiles, a\u00e9roports, bus, m\u00e9tro, train, taxi, \u00e9v\u00e9nements, banni\u00e8res, affiches, bus, panneaux, centres commerciaux, [&hellip;]","og_url":"https:\/\/www.sovereignmediajp.com\/1f\/","og_site_name":"Sovereign Comm French","article_modified_time":"2024-06-29T13:17:34+00:00","og_image":[{"width":747,"height":185,"url":"https:\/\/www.sovereignmediajp.com\/1f\/wp-content\/uploads\/sites\/12\/2023\/07\/slide-8.jpg","type":"image\/jpeg"}],"twitter_card":"summary_large_image","twitter_misc":{"Dur\u00e9e de lecture estim\u00e9e":"2 minutes"},"schema":{"@context":"https:\/\/schema.org","@graph":[{"@type":"WebPage","@id":"https:\/\/www.sovereignmediajp.com\/1f\/","url":"https:\/\/www.sovereignmediajp.com\/1f\/","name":"Agence de publicit\u00e9 Japon et Asie - Sovereign Comm French","isPartOf":{"@id":"https:\/\/www.sovereignmediajp.com\/1f\/#website"},"primaryImageOfPage":{"@id":"https:\/\/www.sovereignmediajp.com\/1f\/#primaryimage"},"image":{"@id":"https:\/\/www.sovereignmediajp.com\/1f\/#primaryimage"},"thumbnailUrl":"https:\/\/www.sovereignmediajp.com\/1f\/wp-content\/uploads\/sites\/12\/2023\/07\/slide-8.jpg","datePublished":"2023-07-18T04:03:33+00:00","dateModified":"2024-06-29T13:17:34+00:00","breadcrumb":{"@id":"https:\/\/www.sovereignmediajp.com\/1f\/#breadcrumb"},"inLanguage":"fr-FR","potentialAction":[{"@type":"ReadAction","target":["https:\/\/www.sovereignmediajp.com\/1f\/"]}]},{"@type":"ImageObject","inLanguage":"fr-FR","@id":"https:\/\/www.sovereignmediajp.com\/1f\/#primaryimage","url":"https:\/\/www.sovereignmediajp.com\/1f\/wp-content\/uploads\/sites\/12\/2023\/07\/slide-8.jpg","contentUrl":"https:\/\/www.sovereignmediajp.com\/1f\/wp-content\/uploads\/sites\/12\/2023\/07\/slide-8.jpg","width":747,"height":185},{"@type":"BreadcrumbList","@id":"https:\/\/www.sovereignmediajp.com\/1f\/#breadcrumb","itemListElement":[{"@type":"ListItem","position":1,"name":"Home","item":"https:\/\/www.sovereignmediajp.com\/1f\/"},{"@type":"ListItem","position":2,"name":"ACCUEIL"}]},{"@type":"WebSite","@id":"https:\/\/www.sovereignmediajp.com\/1f\/#website","url":"https:\/\/www.sovereignmediajp.com\/1f\/","name":"Sovereign Comm French","description":"Agence de planification et d&#039;achat de m\u00e9dias OOH","publisher":{"@id":"https:\/\/www.sovereignmediajp.com\/1f\/#organization"},"alternateName":"sovereignmediajp","potentialAction":[{"@type":"SearchAction","target":{"@type":"EntryPoint","urlTemplate":"https:\/\/www.sovereignmediajp.com\/1f\/?s={search_term_string}"},"query-input":{"@type":"PropertyValueSpecification","valueRequired":true,"valueName":"search_term_string"}}],"inLanguage":"fr-FR"},{"@type":"Organization","@id":"https:\/\/www.sovereignmediajp.com\/1f\/#organization","name":"sovereign media","alternateName":"sovereign media","url":"https:\/\/www.sovereignmediajp.com\/1f\/","logo":{"@type":"ImageObject","inLanguage":"fr-FR","@id":"https:\/\/www.sovereignmediajp.com\/1f\/#\/schema\/logo\/image\/","url":"https:\/\/www.sovereignmediajp.com\/1f\/wp-content\/uploads\/sites\/12\/2023\/07\/favicon.jpg","contentUrl":"https:\/\/www.sovereignmediajp.com\/1f\/wp-content\/uploads\/sites\/12\/2023\/07\/favicon.jpg","width":52,"height":66,"caption":"sovereign media"},"image":{"@id":"https:\/\/www.sovereignmediajp.com\/1f\/#\/schema\/logo\/image\/"}}]}},"_links":{"self":[{"href":"https:\/\/www.sovereignmediajp.com\/1f\/wp-json\/wp\/v2\/pages\/7","targetHints":{"allow":["GET"]}}],"collection":[{"href":"https:\/\/www.sovereignmediajp.com\/1f\/wp-json\/wp\/v2\/pages"}],"about":[{"href":"https:\/\/www.sovereignmediajp.com\/1f\/wp-json\/wp\/v2\/types\/page"}],"author":[{"embeddable":true,"href":"https:\/\/www.sovereignmediajp.com\/1f\/wp-json\/wp\/v2\/users\/1"}],"replies":[{"embeddable":true,"href":"https:\/\/www.sovereignmediajp.com\/1f\/wp-json\/wp\/v2\/comments?post=7"}],"version-history":[{"count":9,"href":"https:\/\/www.sovereignmediajp.com\/1f\/wp-json\/wp\/v2\/pages\/7\/revisions"}],"predecessor-version":[{"id":281,"href":"https:\/\/www.sovereignmediajp.com\/1f\/wp-json\/wp\/v2\/pages\/7\/revisions\/281"}],"wp:featuredmedia":[{"embeddable":true,"href":"https:\/\/www.sovereignmediajp.com\/1f\/wp-json\/wp\/v2\/media\/54"}],"wp:attachment":[{"href":"https:\/\/www.sovereignmediajp.com\/1f\/wp-json\/wp\/v2\/media?parent=7"}],"curies":[{"name":"wp","href":"https:\/\/api.w.org\/{rel}","templated":true}]}}