{"id":19,"date":"2023-07-18T04:04:50","date_gmt":"2023-07-18T04:04:50","guid":{"rendered":"https:\/\/sovereignmediajp.com\/1f\/?page_id=19"},"modified":"2024-06-29T13:17:35","modified_gmt":"2024-06-29T13:17:35","slug":"mkts","status":"publish","type":"page","link":"https:\/\/www.sovereignmediajp.com\/1f\/mkts\/","title":{"rendered":"MARCHES"},"content":{"rendered":"\n<div class=\"wp-block-columns is-layout-flex wp-container-core-columns-is-layout-9d6595d7 wp-block-columns-is-layout-flex\">\n<div class=\"wp-block-column clsSpace is-layout-flow wp-block-column-is-layout-flow\">\n<p class=\"has-medium-font-size\">Sp\u00e9cialistes des publicit\u00e9s ext\u00e9rieures en Asie en achats, planification et agence de consultation, vous trouverez dessous une liste des pays, villes et formats disponibles. Pour d\u2019autres villes et espaces de publicit\u00e9s ou formats diff\u00e9rents merci de nous contacter.<\/p>\n\n\n\n<p class=\"has-medium-font-size\"><strong>Japon&nbsp;:<\/strong><br>*120 panneaux d\u2019affichage vid\u00e9os disponibles \u00e0 travers 39 villes au Japon.*<br>*Affichage sur bus avec choix des trajets dans n\u2019importer quelle ville*<br>*Diff\u00e9rentes alternatives de publicit\u00e9s ext\u00e9rieures peuvent \u00eatre demand\u00e9es dans n\u2019importe quelle ville*<br><strong>Osaka:<\/strong> Panneaux d\u2019affichages, vid\u00e9o num\u00e9rique, stations de train, centres commerciaux, affiches de rue, affichages lat\u00e9rales sur camion &amp; diff\u00e9rents formats d\u2019affichages publicitaires<br><strong>Kyoto:<\/strong> Panneaux d\u2019affichages, vid\u00e9o, stations de train, panneaux d\u2019affiches, centres commerciaux &amp; autres diff\u00e9rents types<br><strong>Tokyo:<\/strong> Panneaux d\u2019affichages murs\/spectaculaires, num\u00e9rique, abris bus, centres commerciaux, bus, taxi, c\u00f4t\u00e9 lat\u00e9ral de camions, panneaux d\u2019affiches, stations de train, m\u00e9tro et trams, parking, affiches de rue, affichage sur bus et plus.<br><strong>A\u00e9roports:<\/strong> Tokyo Narita et Haneda, Osaka Kansai et Itami, Kobe, Nagoya Chubu, Fukuoka. Tous formats.<br>Kobe \/ Sannomiya, panneaux d\u2019affichages, vid\u00e9os num\u00e9riques, abris bus, stations de train, centres commerciaux, affichage sur bus<br><strong>Nagoya: <\/strong>Panneaux d\u2019affichage, num\u00e9rique, abris bus, centres commerciaux, c\u00f4t\u00e9 lat\u00e9ral de camions et plus.<br><strong>Sapporo:<\/strong> Panneaux d\u2019affichages, vid\u00e9o et plus.<br><strong>Sendai:<\/strong> Panneaux d\u2019affichages.<br><strong>Hiroshima: <\/strong>Panneaux d\u2019affichages, vid\u00e9o et plus.<br><strong>Yokohama:<\/strong> Panneaux d\u2019affichage, abris bus, vid\u00e9o, centre commerciaux et autres<br><strong>Fukuoka: <\/strong>Panneaux d\u2019affichage, vid\u00e9o, panneaux, affichages int\u00e9rieurs, affichage sur bus et plus.<br><strong>Kawasaki:<\/strong> Panneaux d\u2019affichage, centre commerciaux, c\u00f4t\u00e9s lat\u00e9raux de bus, abris bus<br><strong>Niigata: <\/strong>Abris bus, affichage sur bus et plus<br><strong>Transport:<\/strong> Disponible dans toutes les villes sur les trams, lignes ferroviaires publiques\/priv\u00e9es, plateformes int\u00e9rieures ou ext\u00e9rieures<\/p>\n\n\n\n<p class=\"has-medium-font-size\"><strong>Tha\u00eflande&nbsp;:<\/strong><br>Bangkok | Pattaya | Phuket | Chiang Mai | Khon Kean | Krabi | Koh Samui | Hua Hin | Trang | Hat Yai | Krabi | Jomtien|<br>Panneaux d\u2019affichage \/ Panneaux d\u2019affichage g\u00e9ant (avec maquettes et effets de lumi\u00e8re), abris et n\u00e9on.<br><strong>Murs | Affichages sur immeubles:<\/strong> murs g\u00e9ants, fen\u00eatres et affichages sur immeubles utilisant un filet collant.<br><strong>Mobile: <\/strong>publicit\u00e9s sur camion, trivisions mobiles, affichage num\u00e9rique sur camion, affichage r\u00e9tro\u00e9clair\u00e9 mobile, affichage sur taxi\/TukTuk.<br><strong>Publicit\u00e9&nbsp;num\u00e9rique ext\u00e9rieure ou int\u00e9rieure:<\/strong> \u00e9crans num\u00e9riques ext\u00e9rieurs dans tout Bangkok et ailleurs dans le monde.<br><strong>Colonnes BTS: <\/strong>sur Sukhumvit \u00ab&nbsp;Vision Urbaine BTS&nbsp;\u00bb<br><strong>Connexion a\u00e9roports: <\/strong>Phaya Tha\u00ef \u00e0 Suvarnabhumi&nbsp;: affiches, train, autocollants de fen\u00eatre, banni\u00e8res etc.<br><strong>Train a\u00e9rien BTS:<\/strong> affichages r\u00e9tro\u00e9clair\u00e9s dans les rues pi\u00e9tonnes BTS, affichage sur train, publicit\u00e9s sur \u00e9crans LCD dans les trains en tant que \u00ab&nbsp;t\u00e9l\u00e9vision commerciale&nbsp;\u00bb avec son, dans les stations, les escalators, bornes de r\u00e9servations DEL, autocollants pour portes ou fen\u00eatres, plafond &amp; plus.<br><strong>[AOT] A\u00e9roports Suvarnabhumi et Don Muang:<\/strong> affichages r\u00e9tro\u00e9clair\u00e9s, affiches, banni\u00e8res, num\u00e9riques, ponts a\u00e9riens.<br><strong>M\u00e9tro de Bangkok MRT:<\/strong> affichage r\u00e9tro\u00e9clair\u00e9 pour stations, publicit\u00e9s sur \u00e9crans LCD dans les wagons en tant que \u00ab&nbsp;t\u00e9l\u00e9vision commerciale&nbsp;\u00bb avec son, sur les murs de la station, escalators, bornes de r\u00e9servations DEL, autocollants pour portes ou fen\u00eatres, plafond &amp; plus.<br><strong>Centres commerciaux: <\/strong>MBK Siam, Central Pattaya, Future Park, Fashion Island, Seacon Square, Siam Square, Centralworld, HuaHin Market village, The Avenue-Pattaya, centre IT.<\/p>\n\n\n\n<p class=\"has-medium-font-size\"><strong>Chine:<\/strong><\/p>\n\n\n\n<p class=\"has-medium-font-size\">Hong Kong S.A.R.,<\/p>\n\n\n\n<p class=\"has-medium-font-size\">Guangdong, Shandong, Sichuan, Henan, Hebei, Liaoning Jiangsu, Zhejiang, Shanxi Inner Mongolia, Xinjiang, Ningxia, Guizhou, Gansu, Chongqing, Hunan, Hubei, Anhui).<br><strong>\u00c0 l\u2019ext\u00e9rieur: <\/strong>Panneaux d\u2019affichage, DEL, Bus, M\u00e9tro, A\u00e9roport, parking souterrain, ascenseur, affichage r\u00e9tro\u00e9clair\u00e9 et plus.<br>Publicit\u00e9 dans les trains \u00e0 grande vitesse nationaux, voie rapide a\u00e9roports, voie rapide Guangdong, Hebei, voie rapide Shanxi, Liaoning, Inner Mongolia, trains \u00e0 grande vitesse, train \u00e0 grande vitesse Heilongjian, voie rapide Shanghai, voie rapide Zhejiang, voie rapide Jiangsu, Jiangxi, voie rapide Shandong, voie rapide Henan, voie rapide Hubei, Hunan, train \u00e0 grande vitesse Chongqing, voie rapide Sichuan, voie rapide Guizhou, ponts des voies rapides Shaanxi, Intercit\u00e9.<br>Stations de trains \u00e0 grande vitesse nationaux, publicit\u00e9 dans les a\u00e9roports, salles d\u2019attente de bus, publicit\u00e9 Coach, publicit\u00e9 Toll, stations de train Beijing, stations de train Shanghai, colonnes des stations Guangdong, publicit\u00e9 rapide dans les a\u00e9roports, Sichuan, voies rapides nationales et provinciales Shandong \u00e0 Guizhou, Hebei, Mongolia, Liaoning, publicit\u00e9 ext\u00e9rieure dans les a\u00e9roports de Guangdong.<br><strong>M\u00e9tro urbain:<\/strong> publicit\u00e9 de bus, publicit\u00e9 dans les stations essences, dans les taxis, a\u00e9roports, parking, les bus Hebei Guangdong, Liaoning, bus de Shanghai, Zhejiang, bus PDI Jiangsu Gong, Fujian, bus de Shandong, m\u00e9tro de Beijing, m\u00e9tro de Shanghai, voies rapides de Shaanxi et publicit\u00e9s sur les ponts, publicit\u00e9 ext\u00e9rieure sur colonne, r\u00e9seaux d\u2019immeuble de bureaux pour affichage de publicit\u00e9s, centres commerciaux urbains, stations essences, supermarch\u00e9s, h\u00f4tels, taxi, universit\u00e9s, ascenseurs et escalateurs dans les m\u00e9tros, parking de cin\u00e9ma, h\u00f4pitaux, stades, abris bus, panneaux d\u2019affichage et murs.<br><strong>Journaux:<\/strong> Nord, Est, Sud, Centre, journaux Nationaux \u2013 R\u00e9gionaux, Anglais et d\u2019affaires, publications.<br><strong>Magazine: <\/strong>business mensuel, hebdomadaire, maison, style de vie, technologies, \u00e0 bord, automobiles, voyages, f\u00e9minin.<\/p>\n\n\n\n<p class=\"has-medium-font-size\"><strong>Cor\u00e9e du Sud&nbsp;:<\/strong><br><strong>A\u00e9roports:<\/strong> Incheon (ICN), Busan (PUS), Daegu (TAE), Seoul Gimpo (GMP), Jeju (CJU), Cheongju (CJJ) et tous les a\u00e9roports civils.<br><strong>Affichage sur bus:<\/strong> S\u00e9oul, Daegu, Busan et plus.<br><strong>Affichage sur immeubles \/ fen\u00eatres:<\/strong> S\u00e9oul, Daegu, Busan et plus.<br><strong>Panneaux d\u2019affichages: <\/strong>Villes nationales et voies rapides \u00e0 haute fr\u00e9quentation.<br>Espace publicitaire sur mur, panneaux d\u2019affichage AKA.<br>Train rapide AREX pour l\u2019a\u00e9roport d\u2019Incheon Intl.<br>Affichage sur les limousines d\u2019a\u00e9roports.<br>Terminaux et stations de bus nationaux.<br>Toutes les lignes de m\u00e9tros de Seoul Metropolitan Rapid Transit Corp.<br><strong>\u00c9crans num\u00e9riques:<\/strong> S\u00e9oul, Daegu, Busan et plus.<br><strong>COEX: <\/strong>espace publicitaire conf\u00e9rences et centres commerciaux.<br>Magazines et journaux technologies.<\/p>\n\n\n\n<p class=\"has-medium-font-size\"><strong>Ta\u00efwan&nbsp;:<\/strong><br>| Taipei | New Taipei | Tainan | Taoyuan| Taichung | Kaohsiung | A\u00e9roports de TPE \/ TSA |<br>Panneaux d\u2019affichages : Panneaux d\u2019affichages, grands formats paysage, panneaux d\u2019affiches, panneaux r\u00e9tro\u00e9clair\u00e9s, affichage sur immeuble, enseignes sur toits et n\u00e9on.<br>Mur | Affichage sur immeuble&nbsp;: M\u00e9ga taille de mur, fen\u00eatre et immeuble, utilisation de filets autocollants.<br><strong>Mobile: <\/strong>Publicit\u00e9 sur camions, trivisions mobile, \u00e9crans num\u00e9riques sur camion, affichages r\u00e9tro\u00e9clair\u00e9s mobiles, affichage sur taxi.<br><strong>Publicit\u00e9 ext\u00e9rieure sur \u00e9cran num\u00e9rique:<\/strong> Publicit\u00e9 ext\u00e9rieure sur \u00e9cran num\u00e9rique dans tout Ta\u00efwan et ailleurs.<br><strong>M\u00e9tro:<\/strong> Affiches dans les stations, affichage sur train, autocollants sur les fen\u00eatres de train, banni\u00e8re etc.<br><strong>Taipei101:<\/strong> Affichages r\u00e9tro\u00e9clair\u00e9es et \u00e9crans num\u00e9riques pour conf\u00e9rences, expositions et centres commerciaux {cliquez pour le blog}.<br><strong>A\u00e9roports TSA\/TPE\/KHH: <\/strong>affichages r\u00e9tro\u00e9clair\u00e9s, affiches, banni\u00e8res, num\u00e9rique, pont a\u00e9rien.<br>\u00c9quipe de promotion de rue.<\/p>\n\n\n\n<p class=\"has-medium-font-size\"><strong>\u00c9tats-Unis:<\/strong><br><strong>*La majorit\u00e9 des grandes villes \/ couverture totale: <\/strong>panneaux d\u2019affichages, transports en commun, taxis, m\u00e9tro, affiches pour superproductions, mobile ou vid\u00e9o mobile et beaucoup d\u2019autres.<br><strong>Los Angeles&nbsp;(et toute sa p\u00e9riph\u00e9rie):<\/strong> panneaux d\u2019affichages, m\u00fbr, bus et abris bus, taxi et affichage par \u00e9crans num\u00e9riques, bus MTA et trains dans toute la ville.<br><strong>Sport &amp; Loisir:<\/strong> Service complet de sport&nbsp;: pendant le jeu \/ affichages et sponsoring visible \u00e0 la t\u00e9l\u00e9vision pour de la promotion et repr\u00e9sentation de marque. Possibilit\u00e9s&nbsp;: Major League Baseball, NBA, NCAA et beaucoup d\u2019autres sports.<\/p>\n\n\n\n<p class=\"has-medium-font-size\">\u00c9tats-Unis et Canada<br><strong>T\u00e9l\u00e9phonie portable: <\/strong>Publicit\u00e9s sur mobile \u2013 Votre publicit\u00e9 sur les meilleurs t\u00e9l\u00e9phones mobiles, \u00e0 l\u2019\u00e9chelle mondiale, avec possibilit\u00e9 de cibler une d\u00e9mographie donn\u00e9e et une zone g\u00e9ographique.<br>Publicit\u00e9 vid\u00e9o, pleine \u00e9cran, des coupons 2-d et acc\u00e8s en temps r\u00e9el aux statistiques.<br>\u00c9tats-Unis et monde entier<\/p>\n\n\n\n<p class=\"has-medium-font-size\"><strong>Monde entier:<\/strong><br>Diff\u00e9rents interm\u00e9diaires majeurs dans les pays suivants et leurs principales grandes villes&nbsp;:<br><strong>Asie:<\/strong> Tha\u00eflande, Chine, Hong Kong, Inde, Indon\u00e9sie, Malaisie, Ta\u00efwan, Vietnam, Cambodge, Cor\u00e9e du Sud, Philippines, Singapour.<br><strong>Pacifique Sud: <\/strong>Australie et Nouvelle Z\u00e9lande.<br><strong>UE:<\/strong> Royaume Unis, France, Italie, Portugal, Allemagne, Pologne, Hongrie, Espagne, Belgique, Suisse, Pays-Bas, R\u00e9publique Tch\u00e8que \/ Slovaquie, Autriche, Su\u00e8de, Finlande, Norv\u00e8ge, Danemark, Gr\u00e8ce, Croatie, Bosnie.<br><strong>Europe de l\u2019Est:<\/strong> Russie, Romanie, Ukraine, Hongrie, Bulgarie.<br><strong>Moyen Orient:<\/strong> \u00c9mirats Arabes Unis, Turquie, Irak, Lebanon.<br><strong>Am\u00e9rique du Nord: <\/strong>Canada (Qu\u00e9bec, Ontario, Alberta, Colombie britannique, Vancouver), Mexico.<br><strong>Cara\u00efbes:<\/strong> R\u00e9publique dominicaine, Trinidad Tobago, Bahamas, Antigua, St.Croix, St.Thomas, Cayman, Jama\u00efque, Aruba, Curacao, Barbados, Puerto Rico, \u00eeles UK-Virgin, \u00eeles US-Virgin, St. Martin, Turks &amp; Caicos.<br><strong>Am\u00e9rique Centrale:<\/strong> Venezuela, Guatemala, Costa Rica, Honduras, Panama, El Salvador, Nicaragua, Colombie.<br><strong>Am\u00e9rique du Sud:<\/strong> Chili, P\u00e9rou, Br\u00e9sil, Argentine, R\u00e9publique dominicaine, Uruguay, Paraguay, Colombie.<br>Afrique: Afrique du Sud, Kenya, Tanzanie, Cameroun, Gabon, Nigeria, Mozambique.<\/p>\n\n\n\n<p class=\"has-medium-font-size\">Pays dans lesquels nous avons un r\u00e9seau exploitant des comp\u00e9tences uniques pour une grande diversit\u00e9 de publicit\u00e9 ext\u00e9rieure incluant la publicit\u00e9 alternative\/non-traditionnelle&nbsp;:<\/p>\n\n\n\n<ul class=\"has-medium-font-size wp-block-list\">\n<li>\u00c9tats-Unis<\/li>\n\n\n\n<li>Italie<\/li>\n\n\n\n<li>Japon<\/li>\n\n\n\n<li>Chine<\/li>\n\n\n\n<li>Royaume-Unis<\/li>\n\n\n\n<li>France<\/li>\n\n\n\n<li>Canada<\/li>\n\n\n\n<li>Tha\u00eflande<\/li>\n\n\n\n<li>Singapour<\/li>\n\n\n\n<li>Le Sud-Est de l\u2019Asie en g\u00e9n\u00e9ral<\/li>\n<\/ul>\n\n\n\n<p class=\"has-text-align-center has-medium-font-size\"><\/p>\n<\/div>\n<\/div>\n","protected":false},"excerpt":{"rendered":"<p>Sp\u00e9cialistes des publicit\u00e9s ext\u00e9rieures en Asie en achats, planification et agence de consultation, vous trouverez dessous une liste des pays, villes et formats disponibles. Pour d\u2019autres villes et espaces de publicit\u00e9s ou formats diff\u00e9rents merci de nous contacter. Japon&nbsp;:*120 panneaux [&hellip;]<\/p>\n","protected":false},"author":1,"featured_media":53,"parent":0,"menu_order":0,"comment_status":"closed","ping_status":"closed","template":"","meta":{"_pvb_checkbox_block_on_post":false,"footnotes":""},"class_list":["post-19","page","type-page","status-publish","has-post-thumbnail","hentry"],"yoast_head":"<!-- This site is optimized with the Yoast SEO plugin v25.0 - https:\/\/yoast.com\/wordpress\/plugins\/seo\/ -->\n<title>MARCHES - Sovereign Comm French<\/title>\n<meta name=\"robots\" content=\"index, follow, max-snippet:-1, max-image-preview:large, max-video-preview:-1\" \/>\n<link rel=\"canonical\" href=\"https:\/\/www.sovereignmediajp.com\/1f\/mkts\/\" \/>\n<meta property=\"og:locale\" content=\"fr_FR\" \/>\n<meta property=\"og:type\" content=\"article\" \/>\n<meta property=\"og:title\" content=\"MARCHES - Sovereign Comm French\" \/>\n<meta property=\"og:description\" content=\"Sp\u00e9cialistes des publicit\u00e9s ext\u00e9rieures en Asie en achats, planification et agence de consultation, vous trouverez dessous une liste des pays, villes et formats disponibles. Pour d\u2019autres villes et espaces de publicit\u00e9s ou formats diff\u00e9rents merci de nous contacter. Japon&nbsp;:*120 panneaux [&hellip;]\" \/>\n<meta property=\"og:url\" content=\"https:\/\/www.sovereignmediajp.com\/1f\/mkts\/\" \/>\n<meta property=\"og:site_name\" content=\"Sovereign Comm French\" \/>\n<meta property=\"article:modified_time\" content=\"2024-06-29T13:17:35+00:00\" \/>\n<meta property=\"og:image\" content=\"https:\/\/www.sovereignmediajp.com\/1f\/wp-content\/uploads\/sites\/12\/2023\/07\/slide-7.jpg\" \/>\n\t<meta property=\"og:image:width\" content=\"747\" \/>\n\t<meta property=\"og:image:height\" content=\"185\" \/>\n\t<meta property=\"og:image:type\" content=\"image\/jpeg\" \/>\n<meta name=\"twitter:card\" content=\"summary_large_image\" \/>\n<meta name=\"twitter:label1\" content=\"Dur\u00e9e de lecture estim\u00e9e\" \/>\n\t<meta name=\"twitter:data1\" content=\"6 minutes\" \/>\n<script type=\"application\/ld+json\" class=\"yoast-schema-graph\">{\"@context\":\"https:\/\/schema.org\",\"@graph\":[{\"@type\":\"WebPage\",\"@id\":\"https:\/\/www.sovereignmediajp.com\/1f\/mkts\/\",\"url\":\"https:\/\/www.sovereignmediajp.com\/1f\/mkts\/\",\"name\":\"MARCHES - Sovereign Comm French\",\"isPartOf\":{\"@id\":\"https:\/\/www.sovereignmediajp.com\/1f\/#website\"},\"primaryImageOfPage\":{\"@id\":\"https:\/\/www.sovereignmediajp.com\/1f\/mkts\/#primaryimage\"},\"image\":{\"@id\":\"https:\/\/www.sovereignmediajp.com\/1f\/mkts\/#primaryimage\"},\"thumbnailUrl\":\"https:\/\/www.sovereignmediajp.com\/1f\/wp-content\/uploads\/sites\/12\/2023\/07\/slide-7.jpg\",\"datePublished\":\"2023-07-18T04:04:50+00:00\",\"dateModified\":\"2024-06-29T13:17:35+00:00\",\"breadcrumb\":{\"@id\":\"https:\/\/www.sovereignmediajp.com\/1f\/mkts\/#breadcrumb\"},\"inLanguage\":\"fr-FR\",\"potentialAction\":[{\"@type\":\"ReadAction\",\"target\":[\"https:\/\/www.sovereignmediajp.com\/1f\/mkts\/\"]}]},{\"@type\":\"ImageObject\",\"inLanguage\":\"fr-FR\",\"@id\":\"https:\/\/www.sovereignmediajp.com\/1f\/mkts\/#primaryimage\",\"url\":\"https:\/\/www.sovereignmediajp.com\/1f\/wp-content\/uploads\/sites\/12\/2023\/07\/slide-7.jpg\",\"contentUrl\":\"https:\/\/www.sovereignmediajp.com\/1f\/wp-content\/uploads\/sites\/12\/2023\/07\/slide-7.jpg\",\"width\":747,\"height\":185},{\"@type\":\"BreadcrumbList\",\"@id\":\"https:\/\/www.sovereignmediajp.com\/1f\/mkts\/#breadcrumb\",\"itemListElement\":[{\"@type\":\"ListItem\",\"position\":1,\"name\":\"Home\",\"item\":\"https:\/\/www.sovereignmediajp.com\/1f\/\"},{\"@type\":\"ListItem\",\"position\":2,\"name\":\"MARCHES\"}]},{\"@type\":\"WebSite\",\"@id\":\"https:\/\/www.sovereignmediajp.com\/1f\/#website\",\"url\":\"https:\/\/www.sovereignmediajp.com\/1f\/\",\"name\":\"Sovereign Comm French\",\"description\":\"Agence de planification et d&#039;achat de m\u00e9dias OOH\",\"publisher\":{\"@id\":\"https:\/\/www.sovereignmediajp.com\/1f\/#organization\"},\"alternateName\":\"sovereignmediajp\",\"potentialAction\":[{\"@type\":\"SearchAction\",\"target\":{\"@type\":\"EntryPoint\",\"urlTemplate\":\"https:\/\/www.sovereignmediajp.com\/1f\/?s={search_term_string}\"},\"query-input\":{\"@type\":\"PropertyValueSpecification\",\"valueRequired\":true,\"valueName\":\"search_term_string\"}}],\"inLanguage\":\"fr-FR\"},{\"@type\":\"Organization\",\"@id\":\"https:\/\/www.sovereignmediajp.com\/1f\/#organization\",\"name\":\"sovereign media\",\"alternateName\":\"sovereign media\",\"url\":\"https:\/\/www.sovereignmediajp.com\/1f\/\",\"logo\":{\"@type\":\"ImageObject\",\"inLanguage\":\"fr-FR\",\"@id\":\"https:\/\/www.sovereignmediajp.com\/1f\/#\/schema\/logo\/image\/\",\"url\":\"https:\/\/www.sovereignmediajp.com\/1f\/wp-content\/uploads\/sites\/12\/2023\/07\/favicon.jpg\",\"contentUrl\":\"https:\/\/www.sovereignmediajp.com\/1f\/wp-content\/uploads\/sites\/12\/2023\/07\/favicon.jpg\",\"width\":52,\"height\":66,\"caption\":\"sovereign media\"},\"image\":{\"@id\":\"https:\/\/www.sovereignmediajp.com\/1f\/#\/schema\/logo\/image\/\"}}]}<\/script>\n<!-- \/ Yoast SEO plugin. -->","yoast_head_json":{"title":"MARCHES - Sovereign Comm French","robots":{"index":"index","follow":"follow","max-snippet":"max-snippet:-1","max-image-preview":"max-image-preview:large","max-video-preview":"max-video-preview:-1"},"canonical":"https:\/\/www.sovereignmediajp.com\/1f\/mkts\/","og_locale":"fr_FR","og_type":"article","og_title":"MARCHES - Sovereign Comm French","og_description":"Sp\u00e9cialistes des publicit\u00e9s ext\u00e9rieures en Asie en achats, planification et agence de consultation, vous trouverez dessous une liste des pays, villes et formats disponibles. Pour d\u2019autres villes et espaces de publicit\u00e9s ou formats diff\u00e9rents merci de nous contacter. Japon&nbsp;:*120 panneaux [&hellip;]","og_url":"https:\/\/www.sovereignmediajp.com\/1f\/mkts\/","og_site_name":"Sovereign Comm French","article_modified_time":"2024-06-29T13:17:35+00:00","og_image":[{"width":747,"height":185,"url":"https:\/\/www.sovereignmediajp.com\/1f\/wp-content\/uploads\/sites\/12\/2023\/07\/slide-7.jpg","type":"image\/jpeg"}],"twitter_card":"summary_large_image","twitter_misc":{"Dur\u00e9e de lecture estim\u00e9e":"6 minutes"},"schema":{"@context":"https:\/\/schema.org","@graph":[{"@type":"WebPage","@id":"https:\/\/www.sovereignmediajp.com\/1f\/mkts\/","url":"https:\/\/www.sovereignmediajp.com\/1f\/mkts\/","name":"MARCHES - Sovereign Comm French","isPartOf":{"@id":"https:\/\/www.sovereignmediajp.com\/1f\/#website"},"primaryImageOfPage":{"@id":"https:\/\/www.sovereignmediajp.com\/1f\/mkts\/#primaryimage"},"image":{"@id":"https:\/\/www.sovereignmediajp.com\/1f\/mkts\/#primaryimage"},"thumbnailUrl":"https:\/\/www.sovereignmediajp.com\/1f\/wp-content\/uploads\/sites\/12\/2023\/07\/slide-7.jpg","datePublished":"2023-07-18T04:04:50+00:00","dateModified":"2024-06-29T13:17:35+00:00","breadcrumb":{"@id":"https:\/\/www.sovereignmediajp.com\/1f\/mkts\/#breadcrumb"},"inLanguage":"fr-FR","potentialAction":[{"@type":"ReadAction","target":["https:\/\/www.sovereignmediajp.com\/1f\/mkts\/"]}]},{"@type":"ImageObject","inLanguage":"fr-FR","@id":"https:\/\/www.sovereignmediajp.com\/1f\/mkts\/#primaryimage","url":"https:\/\/www.sovereignmediajp.com\/1f\/wp-content\/uploads\/sites\/12\/2023\/07\/slide-7.jpg","contentUrl":"https:\/\/www.sovereignmediajp.com\/1f\/wp-content\/uploads\/sites\/12\/2023\/07\/slide-7.jpg","width":747,"height":185},{"@type":"BreadcrumbList","@id":"https:\/\/www.sovereignmediajp.com\/1f\/mkts\/#breadcrumb","itemListElement":[{"@type":"ListItem","position":1,"name":"Home","item":"https:\/\/www.sovereignmediajp.com\/1f\/"},{"@type":"ListItem","position":2,"name":"MARCHES"}]},{"@type":"WebSite","@id":"https:\/\/www.sovereignmediajp.com\/1f\/#website","url":"https:\/\/www.sovereignmediajp.com\/1f\/","name":"Sovereign Comm French","description":"Agence de planification et d&#039;achat de m\u00e9dias OOH","publisher":{"@id":"https:\/\/www.sovereignmediajp.com\/1f\/#organization"},"alternateName":"sovereignmediajp","potentialAction":[{"@type":"SearchAction","target":{"@type":"EntryPoint","urlTemplate":"https:\/\/www.sovereignmediajp.com\/1f\/?s={search_term_string}"},"query-input":{"@type":"PropertyValueSpecification","valueRequired":true,"valueName":"search_term_string"}}],"inLanguage":"fr-FR"},{"@type":"Organization","@id":"https:\/\/www.sovereignmediajp.com\/1f\/#organization","name":"sovereign media","alternateName":"sovereign media","url":"https:\/\/www.sovereignmediajp.com\/1f\/","logo":{"@type":"ImageObject","inLanguage":"fr-FR","@id":"https:\/\/www.sovereignmediajp.com\/1f\/#\/schema\/logo\/image\/","url":"https:\/\/www.sovereignmediajp.com\/1f\/wp-content\/uploads\/sites\/12\/2023\/07\/favicon.jpg","contentUrl":"https:\/\/www.sovereignmediajp.com\/1f\/wp-content\/uploads\/sites\/12\/2023\/07\/favicon.jpg","width":52,"height":66,"caption":"sovereign media"},"image":{"@id":"https:\/\/www.sovereignmediajp.com\/1f\/#\/schema\/logo\/image\/"}}]}},"_links":{"self":[{"href":"https:\/\/www.sovereignmediajp.com\/1f\/wp-json\/wp\/v2\/pages\/19","targetHints":{"allow":["GET"]}}],"collection":[{"href":"https:\/\/www.sovereignmediajp.com\/1f\/wp-json\/wp\/v2\/pages"}],"about":[{"href":"https:\/\/www.sovereignmediajp.com\/1f\/wp-json\/wp\/v2\/types\/page"}],"author":[{"embeddable":true,"href":"https:\/\/www.sovereignmediajp.com\/1f\/wp-json\/wp\/v2\/users\/1"}],"replies":[{"embeddable":true,"href":"https:\/\/www.sovereignmediajp.com\/1f\/wp-json\/wp\/v2\/comments?post=19"}],"version-history":[{"count":9,"href":"https:\/\/www.sovereignmediajp.com\/1f\/wp-json\/wp\/v2\/pages\/19\/revisions"}],"predecessor-version":[{"id":195,"href":"https:\/\/www.sovereignmediajp.com\/1f\/wp-json\/wp\/v2\/pages\/19\/revisions\/195"}],"wp:featuredmedia":[{"embeddable":true,"href":"https:\/\/www.sovereignmediajp.com\/1f\/wp-json\/wp\/v2\/media\/53"}],"wp:attachment":[{"href":"https:\/\/www.sovereignmediajp.com\/1f\/wp-json\/wp\/v2\/media?parent=19"}],"curies":[{"name":"wp","href":"https:\/\/api.w.org\/{rel}","templated":true}]}}