{"id":9,"date":"2023-07-21T04:23:00","date_gmt":"2023-07-21T04:23:00","guid":{"rendered":"https:\/\/sovereignmediajp.com\/10g\/?page_id=9"},"modified":"2024-06-29T13:18:51","modified_gmt":"2024-06-29T13:18:51","slug":"germkts","status":"publish","type":"page","link":"https:\/\/www.sovereignmediajp.com\/10g\/germkts\/","title":{"rendered":"M\u00c4RKTE"},"content":{"rendered":"\n<div class=\"wp-block-columns is-layout-flex wp-container-core-columns-is-layout-9d6595d7 wp-block-columns-is-layout-flex\">\n<div class=\"wp-block-column clsSpace is-layout-flow wp-block-column-is-layout-flow\">\n<p class=\"has-medium-font-size\"><strong>Japan:<\/strong><br><\/p>\n\n\n\n<p class=\"has-medium-font-size\"><em>*120 Video-Monitore\/digitale Beschilderung in 39 St\u00e4dten Japans vorhanden.*<br>*Werbung an Bussen auf kundenspezifischen Routen in jeder Stadt*<br>*Verschiedene alternative Au\u00dfenwerbung (OOH) kann in jeder beliebigen Stadt erworben werden, auf Anfrage.*<\/em><br><br><strong>Osaka<\/strong>&nbsp;\u2013 Reklametafeln, Digital Video, Bahnh\u00f6fen, Einkaufszentren, Stra\u00dfen Transparente, LKW-Seite und weiter verschiedene Medienformen.<br><strong>Kyoto&nbsp;<\/strong>&#8211; Reklametafeln, Videos, Bahnh\u00f6fen, Plakatfl\u00e4chen, Einkaufszentren und weitere verschiedene Medien.<br><strong>Tokyo<\/strong>&nbsp;&#8211; Reklametafeln W\u00e4nde\/Gross Bildschirme, Digital Video, Bushaltestellen, Einkaufszentren, Bus, Taxi, LKW Seiten, Plakatfl\u00e4chen, Bahnh\u00f6fen, U-Bahnen, Parkpl\u00e4tzen, Stra\u00dfen Transparente, Verkehrsmittelwerbung und weitere.<br><strong>Flugh\u00e4fen<\/strong>&nbsp;&#8211; Tokio Narita und Haneda, Osaka Kansai und Itami, Kobe, Nagoya Chubu, Fukuoka und weitere.<br><strong>Kobe\/Sannomiya<\/strong>&nbsp;&#8211; Reklametafeln, Digital Video, Bushaltestellen, Bahnh\u00f6fen, Einkaufszentren, Werbung an Bussen.<br><strong>Nagoya<\/strong>&nbsp;&#8211; Reklametafeln, Digital Video, Bushaltestellen, Einkaufszentren, LKW Seiten und weitere.<br><strong>Sapporo<\/strong>&nbsp;&#8211; Reklametafeln, Video und weitere<br><strong>Sendai<\/strong>&nbsp;&#8211; Reklametafeln<br><strong>Hiroshima<\/strong>&nbsp;&#8211; Reklametafeln, Video und weitere<br><strong>Yokohama<\/strong>&nbsp;&#8211; Reklametafeln, Bushaltestellen, Video, Warteh\u00e4uschen, Einkaufszentren und weitere<br><strong>Fukuoka<\/strong>&nbsp;&#8211; Reklametafeln, Video, Werbetafeln, Innenwerbung, Werbung an Bussen und weitere<br><strong>Kawasaki<\/strong>&nbsp;&#8211; Reklametafeln, Einkaufszentren, LKW Seiten, Bushaltestellen<br><strong>Niigata<\/strong>&nbsp;&#8211; Bushaltestellen, Werbung an Bussen und weitere<\/p>\n\n\n\n<p class=\"has-medium-font-size\"><strong>Transit<\/strong>&nbsp;Medien in allen St\u00e4dten wie U-Bahnen, JR \/ Private Bahnlinien, Hochgeschwindigkeitsz\u00fcge, Innen- und Au\u00dfenplattformen.<\/p>\n\n\n\n<p class=\"has-medium-font-size\"><strong>Thailand:<\/strong><\/p>\n\n\n\n<p class=\"has-medium-font-size\">Allen gr\u00f6\u00dferen St\u00e4dte landesweit;<\/p>\n\n\n\n<p class=\"has-medium-font-size\"><strong>Reklametafeln<\/strong>&nbsp;\/ \u00dcbergro\u00dfe Reklametafeln (mit Spotlights\/Blinkenden Lichteffekten), auf D\u00e4chern und Neonreklame.<\/p>\n\n\n\n<p class=\"has-medium-font-size\"><strong>Fassaden | Geb\u00e4ude Werbeummantelung<\/strong>:<\/p>\n\n\n\n<p class=\"has-medium-font-size\"><strong>Stadtmobiliar<\/strong><\/p>\n\n\n\n<p class=\"has-medium-font-size\"><strong>Mobil:&nbsp;<\/strong>LKW Werbung, Mobile TriVisions, Mobile Digitale Werbetrucks, mobile Leuchtk\u00e4sten, Werbung an Taxis\/TukTuk Taxis.<\/p>\n\n\n\n<p class=\"has-medium-font-size\"><strong>TriVisions<\/strong>: Station\u00e4re und mobile Werbetrucks.<\/p>\n\n\n\n<p class=\"has-medium-font-size\"><strong>BTS\/MRT S\u00e4ulen<\/strong>&nbsp;auf der Sukhumvit&#8221;City Vision BTS&#8221;<\/p>\n\n\n\n<p class=\"has-medium-font-size\"><strong>Transit:<\/strong>&nbsp;verschiedene BTS Medien; BTS Gehweg Leuchtk\u00e4sten, Tollway &#8220;Griplight&#8221; @ Mautstellen. Bus Werbeummantelungen, BTS Zug Werbeummantelungen, BTS in Zug-LCD-Bildschirme (mit Ton), Bushaltestellen und vieles mehr.<\/p>\n\n\n\n<p class=\"has-medium-font-size\"><strong>Einkaufszentren:&nbsp;<\/strong>MBK Siam, Central Pattana, Future Park, Fashion Island, Seacon Square, Siam Square, Centralworld, Huahin Marcet Village, die Avenue-Pattaya, IT-Mall. Tesco-Lotus Kassen-Video-Monitore\/Schilder Werbung, MAKRO Gro\u00dfhandels Club, Carrfour, BIG C &amp; Gesch\u00e4ftsraum Medien. Watsons Drogerie Store,<\/p>\n\n\n\n<p class=\"has-medium-font-size\"><strong>Auf Bestellung!<\/strong>: Mini TriVisions, 3D-Spotlights, Di-Cut, TriVisions, Jalousie Blink Schilder, Auszieh-Rahmen, Stra\u00dfen Shows &amp; Events, Veranstaltungs-Displays, Raumausstattung.<\/p>\n\n\n\n<p class=\"has-medium-font-size\"><strong>USA:<\/strong><br><br>*Alle gro\u00dfen St\u00e4dte: Reklametafeln, Transit, Taxi, U-Bahnen, Plakate zu Sehensw\u00fcrdigkeiten, Mobil und mobile Videos (siehe alternative Medien) und vieles mehr.<br><br><strong>Kalifornien:<\/strong><br><strong>Los Angeles<\/strong>:&nbsp;(und gr\u00f6\u00dfere Metropolen):Reklametafeln, an W\u00e4nden, Bussen &amp; Bushaltestellen, Taxis und Digitale Video W\u00e4nde, MTA Bussen und Bahnen im ganzen LA Bezirk.<br><strong>Bay Umgebung:<\/strong>&nbsp;San Francisco \/ Oakland \/ San Jose\/ Palo Alto: Reklametafeln, Werbefl\u00e4chen, Wand und Video W\u00e4nde<br><strong>Sacramento \/ Stockton \/ Modesto<\/strong>&nbsp;&#8211; Cal Expo: Digitale Video W\u00e4nde<br><strong>Central Valley Fresno:<\/strong>&nbsp;Video W\u00e4nde, Reklametafeln im ganzen Valley (Tal)<br><strong>Ontario:<\/strong>&nbsp;Reklametafeln<\/p>\n\n\n\n<p class=\"has-medium-font-size\"><strong>New York City \/ Staat New York &#8211;&nbsp;<\/strong>Reklametafeln, Digitale Video W\u00e4nde (riesig und klein), an Taxis und Bussen &amp; Haltestellen, Alternative Au\u00dfenwerbung, W\u00e4nde, alle Formate.<\/p>\n\n\n\n<p class=\"has-medium-font-size\"><strong>Detroit Michigan &#8211;<\/strong>&nbsp;Reklametafeln, W\u00e4nde<\/p>\n\n\n\n<p class=\"has-medium-font-size\"><strong>Staat Washington &#8211;<\/strong>&nbsp;Reklametafeln, Video, Bus B\u00e4nke, Transparente<\/p>\n\n\n\n<p class=\"has-medium-font-size\"><strong>Atlanta Georgia &#8211;<\/strong>&nbsp;Video W\u00e4nde, Reklametafeln, W\u00e4nde<\/p>\n\n\n\n<p class=\"has-medium-font-size\"><strong>Dallas Texas &#8211;<\/strong>&nbsp;Reklametafeln, W\u00e4nde, Digitale Video W\u00e4nde<\/p>\n\n\n\n<p class=\"has-medium-font-size\"><strong>Miami &#8211;<\/strong>&nbsp;Reklametafeln, W\u00e4nde, Bushaltestellen\/Werbefl\u00e4chen<\/p>\n\n\n\n<p class=\"has-medium-font-size\"><strong>Chicago &#8211;<\/strong>&nbsp;W\u00e4nde, Reklametafeln, Werbefl\u00e4chen<\/p>\n\n\n\n<p class=\"has-medium-font-size\"><strong>Washington D.C. &#8211;<\/strong>&nbsp;Reklametafeln, W\u00e4nde, Werbefl\u00e4chen<\/p>\n\n\n\n<p class=\"has-medium-font-size\"><strong>Boston &#8211;<\/strong>&nbsp;Reklametafeln, Video, Wand Werbefl\u00e4chen<\/p>\n\n\n\n<p class=\"has-medium-font-size\"><strong>Denver &#8211;<\/strong>&nbsp;Reklametafeln, W\u00e4nde, Bushaltestellen\/Plakatwerbefl\u00e4chen<\/p>\n\n\n\n<p class=\"has-medium-font-size\"><strong>Salt Lake City &#8211;<\/strong>&nbsp;Reklametafeln, W\u00e4nde, Bushaltestellen\/Plakatwerbefl\u00e4chen<\/p>\n\n\n\n<p class=\"has-medium-font-size\"><strong>Las Vegas &#8211;<\/strong>&nbsp;Reklametafeln, W\u00e4nde, Bushaltestellen\/Plakatwerbefl\u00e4chen<\/p>\n\n\n\n<p class=\"has-medium-font-size\">Verschiedene Medien in:<br><strong>Wisconsin &#8211;<\/strong>&nbsp;alle Gebiete, verschiedene Medien<\/p>\n\n\n\n<p class=\"has-medium-font-size\"><strong>Philadelphia &#8211;<\/strong>&nbsp;Werbefl\u00e4chen, W\u00e4nde<\/p>\n\n\n\n<p class=\"has-medium-font-size\"><strong>South Carolina<\/strong><\/p>\n\n\n\n<p class=\"has-medium-font-size\"><strong>North Carolina<\/strong><\/p>\n\n\n\n<p class=\"has-medium-font-size\"><strong>Alabama<\/strong><\/p>\n\n\n\n<p class=\"has-medium-font-size\"><strong>Florida<\/strong><\/p>\n\n\n\n<p class=\"has-medium-font-size\"><strong>West Virginia<\/strong><\/p>\n\n\n\n<p class=\"has-medium-font-size\"><strong>Georgia<\/strong><\/p>\n\n\n\n<p class=\"has-medium-font-size\"><strong>Tennessee<\/strong><\/p>\n\n\n\n<p class=\"has-medium-font-size\"><strong>Indiana<\/strong><\/p>\n\n\n\n<p class=\"has-medium-font-size\"><strong>Puerto Rico<\/strong>: Stadtmobiliar, Spezialmedien, Lokal gebr\u00e4uchliche Werbefl\u00e4chen, Werbung aus der Luft (Luftwerbung) und vieles mehr<\/p>\n\n\n\n<p class=\"has-medium-font-size\"><strong>Luft Werbemedien:<\/strong>&nbsp;NY, LA, DC, Boston, Chicago, Las Vegas, Miami, San Francisco, San Jose, Toronto, Kanada.<\/p>\n\n\n\n<p class=\"has-medium-font-size\"><strong>Sports &amp; Unterhaltung:<\/strong>&nbsp;Sport Komplettservice: In-Game-\/ TV-sichtbare Beschilderungen zu Sponsorenwerbung und Medien Besitzpr\u00e4sentation<\/p>\n\n\n\n<p class=\"has-medium-font-size\">Veranstaltungsorte: Major League Baseball, NBA, NFL und bei vielen anderen Sportarten.<\/p>\n\n\n\n<p class=\"has-medium-font-size\">USA und Kanada<\/p>\n\n\n\n<p class=\"has-medium-font-size\"><strong>Cellular\/Mobil:<\/strong>&nbsp;Anzeigen auf Mobilteilen &#8211; Ihrer Anzeige auf Top mobilen Ger\u00e4ten, weltweit, speziell ausgerichtet auf viele Formen von Demo Ger\u00e4ten und Standorten.<\/p>\n\n\n\n<p class=\"has-medium-font-size\">Werben durch Video-, ganzseitig, 2D Gutscheine und Zugriff auf Echtzeit Analysen.<\/p>\n\n\n\n<p class=\"has-medium-font-size\">USA und Weltweit<\/p>\n\n\n\n<p class=\"has-medium-font-size\"><strong>China:<\/strong><\/p>\n\n\n\n<p class=\"has-medium-font-size\"><em>(Hong Kong, Shanghai, Beijing, Guangzhou +)<\/em><\/p>\n\n\n\n<p class=\"has-medium-font-size\"><strong>Au\u00dfenwerbung:<\/strong>Reklametafeln, LED, Busse, U-Bahnen, Flugh\u00e4fen, Tiefgaragen, Aufz\u00fcge, Leuchtk\u00e4sten +<\/p>\n\n\n\n<p class=\"has-medium-font-size\"><strong>Zeitungen:<\/strong>\u00a0Nord, Ost, S\u00fcd, Zentral, nationale und Regionale Zeitungen, Englisch sprachige und Business Publikationen<\/p>\n\n\n\n<p class=\"has-medium-font-size\"><strong>Zeitschriften:<\/strong>\u00a0Business monatlich, w\u00f6chentlich, Home, Lifesyle, IT, Inflight, Auto, Reisen, Frauen Magazine<\/p>\n\n\n\n<p class=\"has-medium-font-size\"><strong>Online:<\/strong>\u00a0B2B (Business to Business), Auslandsstudium, Auto und Maschinen<\/p>\n\n\n\n<p class=\"has-medium-font-size\"><strong>S\u00fcdkorea:<\/strong><\/p>\n\n\n\n<p class=\"has-medium-font-size\"><em>(Seoul, Busan, Incheon Flughafen +)<\/em><\/p>\n\n\n\n<p class=\"has-medium-font-size\"><strong>Au\u00dfenwerbung:<\/strong>\u00a0U-Bahnen, Plattformen f\u00fcr T\u00fcr Displays, W\u00e4nde, LCD, U-Bahn Innen\/Au\u00dfen, Stadt-Busse, an Bushaltestellen, Flughafen Limousinen Busse, IIA Autobahn Reklametafeln, Leuchtk\u00e4sten +<\/p>\n\n\n\n<p class=\"has-medium-font-size\"><strong>IT-Zeitungen und Zeitschriften<\/strong><\/p>\n\n\n\n<p class=\"has-medium-font-size\"><strong>Weltweit:<\/strong><br><br><strong><em>Verschiedene wichtige Medien in den folgenden L\u00e4ndern und ihren Gro\u00dfst\u00e4dten:<\/em><\/strong><\/p>\n\n\n\n<p class=\"has-medium-font-size\"><strong><br>EU:<\/strong>&nbsp;Gro\u00dfbritannien, Frankreich, Italien, Frankreich, Portugal, Deutschland, Italien, Polen, Ungarn, Spanien, Belgien, Schweiz, Niederlande, Tschechien \/ Slowakei, \u00d6sterreich, Schweden, Finnland, Norwegen, D\u00e4nemark, Griechenland, Kroatien, Bosnien,<br><strong>Osteuropa:<\/strong>&nbsp;Russland, Rum\u00e4nien, Ukraine, Ungarn, Bulgarien, Ukraine, Bulgarien<br><strong>Asien:<\/strong>&nbsp;Thailand, China, Hong Kong, Indien, Indonesien, Malaysia, Taiwan, Vietnam, Kambodscha, S\u00fcdkorea, Philippinen, Singapur<br><strong>Naher Osten:<\/strong>&nbsp;Vereinigte Arabische Emirate, T\u00fcrkei, Irak, Libanon<\/p>\n\n\n\n<p class=\"has-medium-font-size\"><strong>Nordamerika:<\/strong>&nbsp;Kanada&nbsp;(Quebec, Ontario, Alberta, British Columbia, Vancouver)<\/p>\n\n\n\n<p class=\"has-medium-font-size\">Mexiko<br><strong>Karibik:<\/strong>\u00a0Dominikanische Republik, Trinidad Tobago, Bahamas, Antigua, St. Croix St. Thomas, Caymaninseln, Jamaika, Aruba, Curacao, Barbados, Puerto Rico, Gro\u00dfbritannien-Virgin Islands, US-Virgin Islands, St. Martin, Turks &amp; Caicosinseln , Cozumel,<br><strong>Zentralamerika:<\/strong>\u00a0Venezuela, Guatemala, Costa Rica, Honduras, Panama, El Salvador, Nicaragua, Kolumbien,<br><strong>S\u00fcdamerika:<\/strong>\u00a0Chile, Peru, Brasilien, Argentinien, Dominikanische Republik, Uruguay, Paraguay Kolumbien,<a href=\"http:\/\/www.sovereignmediajp.com\/File\/OOH%20Markets%20%20.xls\"><\/a><br><strong>S\u00fcdpazifik:<\/strong>\u00a0Australien, Neuseeland,<br><strong>Afrika:<\/strong>\u00a0S\u00fcdafrika, Kenia, Tansania, Kamerun, Gabun, Nigeria, Mosambik,<\/p>\n\n\n\n<p class=\"has-medium-font-size\">L\u00e4nder in denen wir sehr einzigartige Netzwerk-Funktionen f\u00fcr viele verschiedene Arten von Au\u00dfenwerbung (OOH)<br>und Alternative\/nicht-traditionelle Au\u00dfenwerbung haben:<\/p>\n\n\n\n<ul class=\"has-medium-font-size wp-block-list\">\n<li>USA<\/li>\n\n\n\n<li>Italien<\/li>\n\n\n\n<li>Japan<\/li>\n\n\n\n<li>China<\/li>\n\n\n\n<li>Gro\u00dfbritannien<\/li>\n\n\n\n<li>Frankreich<\/li>\n\n\n\n<li>Kanada<\/li>\n\n\n\n<li>Thailand<\/li>\n\n\n\n<li>Singapur<\/li>\n\n\n\n<li>S\u00fcd-Ost-Asien im Allgemeinen<\/li>\n<\/ul>\n\n\n\n<hr class=\"wp-block-separator has-alpha-channel-opacity\"\/>\n\n\n\n<h2 class=\"wp-block-heading has-text-align-center has-text-color\" style=\"color:#8a000e\">Marketing Daten aus Japan von 2009<br><\/h2>\n\n\n\n<p class=\"has-medium-font-size\">Die japanischen Marktdaten f\u00fcr Ihre Medienplanung::<\/p>\n\n\n\n<p class=\"has-medium-font-size\">Listenauszug der verf\u00fcgbaren Statistik f\u00fcr Regionen und St\u00e4dte:<\/p>\n\n\n\n<ul class=\"has-medium-font-size wp-block-list\">\n<li>Bev\u00f6lkerung<\/li>\n\n\n\n<li>Volkseinkommen nach Pr\u00e4fektur<\/li>\n\n\n\n<li>Bev\u00f6lkerung nach Alter<\/li>\n\n\n\n<li>Anzahl der Eheschlie\u00dfungen\/Scheidungen<\/li>\n\n\n\n<li>Anzahl der Haushalte mit Einkommen \u00fcber 10 Millionen Yen<\/li>\n\n\n\n<li>Markt-Bereich nach Alter<\/li>\n\n\n\n<li>Arbeitskr\u00e4fte<\/li>\n\n\n\n<li>Aufteilung des Wohnungswesens<\/li>\n\n\n\n<li>Freizeitaktivit\u00e4t<\/li>\n\n\n\n<li>\u00c4rzteschaft<\/li>\n\n\n\n<li>Bildung<\/li>\n\n\n\n<li>Unternehmen<\/li>\n\n\n\n<li>Lebensversicherungen<\/li>\n\n\n\n<li>Spareinlagen<\/li>\n\n\n\n<li>Einzelhandel\/Gro\u00dfhandels Industriezweige<\/li>\n\n\n\n<li>Top 100 Kaufh\u00e4user<\/li>\n\n\n\n<li>Informationsverarbeitung<\/li>\n\n\n\n<li>Werbebranchen Aufteilung<\/li>\n\n\n\n<li>Viele weitere von A-Z<\/li>\n<\/ul>\n<\/div>\n<\/div>\n","protected":false},"excerpt":{"rendered":"<p>Japan: *120 Video-Monitore\/digitale Beschilderung in 39 St\u00e4dten Japans vorhanden.**Werbung an Bussen auf kundenspezifischen Routen in jeder Stadt**Verschiedene alternative Au\u00dfenwerbung (OOH) kann in jeder beliebigen Stadt erworben werden, auf Anfrage.* Osaka&nbsp;\u2013 Reklametafeln, Digital Video, Bahnh\u00f6fen, Einkaufszentren, Stra\u00dfen Transparente, LKW-Seite und weiter [&hellip;]<\/p>\n","protected":false},"author":1,"featured_media":0,"parent":0,"menu_order":0,"comment_status":"closed","ping_status":"closed","template":"","meta":{"_pvb_checkbox_block_on_post":false,"footnotes":""},"class_list":["post-9","page","type-page","status-publish","hentry"],"yoast_head":"<!-- This site is optimized with the Yoast SEO plugin v25.0 - https:\/\/yoast.com\/wordpress\/plugins\/seo\/ -->\n<title>M\u00c4RKTE - Sovereign Comm German<\/title>\n<meta name=\"description\" content=\"% DIENSTLEISTUNGEN % M\u00c4RKTE % KONTAKT % WERBE AUFBAU TAKTIKEN % NICHT-TRADITIONELLE OOH AUSSENWERBUNG\" \/>\n<meta name=\"robots\" content=\"index, follow, max-snippet:-1, max-image-preview:large, max-video-preview:-1\" \/>\n<link rel=\"canonical\" href=\"https:\/\/www.sovereignmediajp.com\/10g\/germkts\/\" \/>\n<meta property=\"og:locale\" content=\"de_DE\" \/>\n<meta property=\"og:type\" content=\"article\" \/>\n<meta property=\"og:title\" content=\"M\u00c4RKTE - Sovereign Comm German\" \/>\n<meta property=\"og:description\" content=\"% DIENSTLEISTUNGEN % M\u00c4RKTE % KONTAKT % WERBE AUFBAU TAKTIKEN % NICHT-TRADITIONELLE OOH AUSSENWERBUNG\" \/>\n<meta property=\"og:url\" content=\"https:\/\/www.sovereignmediajp.com\/10g\/germkts\/\" \/>\n<meta property=\"og:site_name\" content=\"Sovereign Comm German\" \/>\n<meta property=\"article:modified_time\" content=\"2024-06-29T13:18:51+00:00\" \/>\n<meta property=\"og:image\" content=\"https:\/\/www.sovereignmediajp.com\/10g\/wp-content\/uploads\/sites\/20\/revslider\/main-slider\/Untitled-1024-x-490-px-1024-x-400-px.png\" \/>\n\t<meta property=\"og:image:width\" content=\"1024\" \/>\n\t<meta property=\"og:image:height\" content=\"400\" \/>\n\t<meta property=\"og:image:type\" content=\"image\/png\" \/>\n<meta name=\"twitter:card\" content=\"summary_large_image\" \/>\n<meta name=\"twitter:label1\" content=\"Gesch\u00e4tzte Lesezeit\" \/>\n\t<meta name=\"twitter:data1\" content=\"4\u00a0Minuten\" \/>\n<script type=\"application\/ld+json\" class=\"yoast-schema-graph\">{\"@context\":\"https:\/\/schema.org\",\"@graph\":[{\"@type\":\"WebPage\",\"@id\":\"https:\/\/www.sovereignmediajp.com\/10g\/germkts\/\",\"url\":\"https:\/\/www.sovereignmediajp.com\/10g\/germkts\/\",\"name\":\"M\u00c4RKTE - Sovereign Comm German\",\"isPartOf\":{\"@id\":\"https:\/\/www.sovereignmediajp.com\/10g\/#website\"},\"datePublished\":\"2023-07-21T04:23:00+00:00\",\"dateModified\":\"2024-06-29T13:18:51+00:00\",\"description\":\"% DIENSTLEISTUNGEN % M\u00c4RKTE % KONTAKT % WERBE AUFBAU TAKTIKEN % NICHT-TRADITIONELLE OOH AUSSENWERBUNG\",\"breadcrumb\":{\"@id\":\"https:\/\/www.sovereignmediajp.com\/10g\/germkts\/#breadcrumb\"},\"inLanguage\":\"de\",\"potentialAction\":[{\"@type\":\"ReadAction\",\"target\":[\"https:\/\/www.sovereignmediajp.com\/10g\/germkts\/\"]}]},{\"@type\":\"BreadcrumbList\",\"@id\":\"https:\/\/www.sovereignmediajp.com\/10g\/germkts\/#breadcrumb\",\"itemListElement\":[{\"@type\":\"ListItem\",\"position\":1,\"name\":\"Home\",\"item\":\"https:\/\/www.sovereignmediajp.com\/10g\/\"},{\"@type\":\"ListItem\",\"position\":2,\"name\":\"M\u00c4RKTE\"}]},{\"@type\":\"WebSite\",\"@id\":\"https:\/\/www.sovereignmediajp.com\/10g\/#website\",\"url\":\"https:\/\/www.sovereignmediajp.com\/10g\/\",\"name\":\"Sovereign Comm German\",\"description\":\"OOH Mediaplanungs- und Einkaufsagentur\",\"publisher\":{\"@id\":\"https:\/\/www.sovereignmediajp.com\/10g\/#organization\"},\"alternateName\":\"sovereignmediajp\",\"potentialAction\":[{\"@type\":\"SearchAction\",\"target\":{\"@type\":\"EntryPoint\",\"urlTemplate\":\"https:\/\/www.sovereignmediajp.com\/10g\/?s={search_term_string}\"},\"query-input\":{\"@type\":\"PropertyValueSpecification\",\"valueRequired\":true,\"valueName\":\"search_term_string\"}}],\"inLanguage\":\"de\"},{\"@type\":\"Organization\",\"@id\":\"https:\/\/www.sovereignmediajp.com\/10g\/#organization\",\"name\":\"sovereign media\",\"alternateName\":\"sovereign media\",\"url\":\"https:\/\/www.sovereignmediajp.com\/10g\/\",\"logo\":{\"@type\":\"ImageObject\",\"inLanguage\":\"de\",\"@id\":\"https:\/\/www.sovereignmediajp.com\/10g\/#\/schema\/logo\/image\/\",\"url\":\"https:\/\/www.sovereignmediajp.com\/10g\/wp-content\/uploads\/sites\/20\/2023\/07\/favicon.jpg\",\"contentUrl\":\"https:\/\/www.sovereignmediajp.com\/10g\/wp-content\/uploads\/sites\/20\/2023\/07\/favicon.jpg\",\"width\":52,\"height\":66,\"caption\":\"sovereign media\"},\"image\":{\"@id\":\"https:\/\/www.sovereignmediajp.com\/10g\/#\/schema\/logo\/image\/\"}}]}<\/script>\n<!-- \/ Yoast SEO plugin. -->","yoast_head_json":{"title":"M\u00c4RKTE - Sovereign Comm German","description":"% DIENSTLEISTUNGEN % M\u00c4RKTE % KONTAKT % WERBE AUFBAU TAKTIKEN % NICHT-TRADITIONELLE OOH AUSSENWERBUNG","robots":{"index":"index","follow":"follow","max-snippet":"max-snippet:-1","max-image-preview":"max-image-preview:large","max-video-preview":"max-video-preview:-1"},"canonical":"https:\/\/www.sovereignmediajp.com\/10g\/germkts\/","og_locale":"de_DE","og_type":"article","og_title":"M\u00c4RKTE - Sovereign Comm German","og_description":"% DIENSTLEISTUNGEN % M\u00c4RKTE % KONTAKT % WERBE AUFBAU TAKTIKEN % NICHT-TRADITIONELLE OOH AUSSENWERBUNG","og_url":"https:\/\/www.sovereignmediajp.com\/10g\/germkts\/","og_site_name":"Sovereign Comm German","article_modified_time":"2024-06-29T13:18:51+00:00","og_image":[{"width":1024,"height":400,"url":"https:\/\/www.sovereignmediajp.com\/10g\/wp-content\/uploads\/sites\/20\/revslider\/main-slider\/Untitled-1024-x-490-px-1024-x-400-px.png","type":"image\/png"}],"twitter_card":"summary_large_image","twitter_misc":{"Gesch\u00e4tzte Lesezeit":"4\u00a0Minuten"},"schema":{"@context":"https:\/\/schema.org","@graph":[{"@type":"WebPage","@id":"https:\/\/www.sovereignmediajp.com\/10g\/germkts\/","url":"https:\/\/www.sovereignmediajp.com\/10g\/germkts\/","name":"M\u00c4RKTE - Sovereign Comm German","isPartOf":{"@id":"https:\/\/www.sovereignmediajp.com\/10g\/#website"},"datePublished":"2023-07-21T04:23:00+00:00","dateModified":"2024-06-29T13:18:51+00:00","description":"% DIENSTLEISTUNGEN % M\u00c4RKTE % KONTAKT % WERBE AUFBAU TAKTIKEN % NICHT-TRADITIONELLE OOH AUSSENWERBUNG","breadcrumb":{"@id":"https:\/\/www.sovereignmediajp.com\/10g\/germkts\/#breadcrumb"},"inLanguage":"de","potentialAction":[{"@type":"ReadAction","target":["https:\/\/www.sovereignmediajp.com\/10g\/germkts\/"]}]},{"@type":"BreadcrumbList","@id":"https:\/\/www.sovereignmediajp.com\/10g\/germkts\/#breadcrumb","itemListElement":[{"@type":"ListItem","position":1,"name":"Home","item":"https:\/\/www.sovereignmediajp.com\/10g\/"},{"@type":"ListItem","position":2,"name":"M\u00c4RKTE"}]},{"@type":"WebSite","@id":"https:\/\/www.sovereignmediajp.com\/10g\/#website","url":"https:\/\/www.sovereignmediajp.com\/10g\/","name":"Sovereign Comm German","description":"OOH Mediaplanungs- und Einkaufsagentur","publisher":{"@id":"https:\/\/www.sovereignmediajp.com\/10g\/#organization"},"alternateName":"sovereignmediajp","potentialAction":[{"@type":"SearchAction","target":{"@type":"EntryPoint","urlTemplate":"https:\/\/www.sovereignmediajp.com\/10g\/?s={search_term_string}"},"query-input":{"@type":"PropertyValueSpecification","valueRequired":true,"valueName":"search_term_string"}}],"inLanguage":"de"},{"@type":"Organization","@id":"https:\/\/www.sovereignmediajp.com\/10g\/#organization","name":"sovereign media","alternateName":"sovereign media","url":"https:\/\/www.sovereignmediajp.com\/10g\/","logo":{"@type":"ImageObject","inLanguage":"de","@id":"https:\/\/www.sovereignmediajp.com\/10g\/#\/schema\/logo\/image\/","url":"https:\/\/www.sovereignmediajp.com\/10g\/wp-content\/uploads\/sites\/20\/2023\/07\/favicon.jpg","contentUrl":"https:\/\/www.sovereignmediajp.com\/10g\/wp-content\/uploads\/sites\/20\/2023\/07\/favicon.jpg","width":52,"height":66,"caption":"sovereign media"},"image":{"@id":"https:\/\/www.sovereignmediajp.com\/10g\/#\/schema\/logo\/image\/"}}]}},"_links":{"self":[{"href":"https:\/\/www.sovereignmediajp.com\/10g\/wp-json\/wp\/v2\/pages\/9","targetHints":{"allow":["GET"]}}],"collection":[{"href":"https:\/\/www.sovereignmediajp.com\/10g\/wp-json\/wp\/v2\/pages"}],"about":[{"href":"https:\/\/www.sovereignmediajp.com\/10g\/wp-json\/wp\/v2\/types\/page"}],"author":[{"embeddable":true,"href":"https:\/\/www.sovereignmediajp.com\/10g\/wp-json\/wp\/v2\/users\/1"}],"replies":[{"embeddable":true,"href":"https:\/\/www.sovereignmediajp.com\/10g\/wp-json\/wp\/v2\/comments?post=9"}],"version-history":[{"count":9,"href":"https:\/\/www.sovereignmediajp.com\/10g\/wp-json\/wp\/v2\/pages\/9\/revisions"}],"predecessor-version":[{"id":186,"href":"https:\/\/www.sovereignmediajp.com\/10g\/wp-json\/wp\/v2\/pages\/9\/revisions\/186"}],"wp:attachment":[{"href":"https:\/\/www.sovereignmediajp.com\/10g\/wp-json\/wp\/v2\/media?parent=9"}],"curies":[{"name":"wp","href":"https:\/\/api.w.org\/{rel}","templated":true}]}}