{"id":4,"date":"2023-07-21T04:22:23","date_gmt":"2023-07-21T04:22:23","guid":{"rendered":"https:\/\/sovereignmediajp.com\/10g\/?page_id=4"},"modified":"2024-06-29T13:18:51","modified_gmt":"2024-06-29T13:18:51","slug":"home","status":"publish","type":"page","link":"https:\/\/www.sovereignmediajp.com\/10g\/","title":{"rendered":"HOME"},"content":{"rendered":"\n<div class=\"wp-block-columns is-layout-flex wp-container-core-columns-is-layout-9d6595d7 wp-block-columns-is-layout-flex\">\n<div class=\"wp-block-column clsSpace is-layout-flow wp-block-column-is-layout-flow\">\n<p class=\"has-medium-font-size\"><strong><mark style=\"background-color:rgba(0, 0, 0, 0);color:#8b000e\" class=\"has-inline-color\">Sovereign Comm, Japan, Asien und Weltweit&#8230;<\/mark>.<\/strong>Sovereign Comm, Asien und Weltweit\u2026 Ein Netzwerk, dass Ihre Werbung an hohen Profilw\u00e4nden, Werbetafeln, digitale Video, Schildern, mobile Werbefl\u00e4chen, Flugh\u00e4fen, Busse, U-Bahnen, Z\u00fcge, Taxis, Veranstaltungen, Banner, Poster, Tafeln, Einkaufzentren, B2B und anderen nicht-traditionellen Au\u00dfenwerbungsfl\u00e4chen des Kunden Wunsch entsprechend anbringen und sind Werbeagenturen f\u00fcr USA, Japan, Hong Kong, Singapur, Thailand, S\u00fcdost Asien, Australien, Neuseeland &amp; mehr\u2026<\/p>\n\n\n\n<p class=\"has-medium-font-size\"><br>Wir sind spezialisiert auf Au\u00dfenwerbung f\u00fcr praktisch ganz Asien. Wir machen die Arbeitsplanung, den Einkauf, die Beratung, Verhandlungen, kreativ und vielseitig \u2013 so wie Au\u00dfenwerbungsspezialisten sein sollten.<\/p>\n\n\n\n<p class=\"has-medium-font-size\"><br>Sie sind eine Agentur irgendwo auf der Welt und ben\u00f6tigen Medien in Japan, in Asien oder den USA, so gilt unsere ganze Konzentration auf die Versorgung Ihrer Firma. Klicken Sie auf Dienstleistungen im oberen Men\u00fc um mehr \u00fcber unsere Leistungen zu erfahren. Unsere Geschwindigkeit, niedrige Geb\u00fchren, Spezial Au\u00dfenwerbungen (OOH &#8211; Out of Home) und verschiedenste sprachlichen F\u00e4higkeiten sind es, was uns von den \u00fcbrigen Au\u00dfenmedienplanung und Einkauf Service Anbietern in Asien unterscheidet.Sovereign Comm bietet Ihnen verschiedenste Au\u00dferhaus Werbeeinkauf &amp; Planungsservice in den folgenden M\u00e4rkten an:<strong>USA:<\/strong><\/p>\n\n\n\n<p class=\"has-medium-font-size\">Allen wichtigen M\u00e4rkte und auch in l\u00e4ndlichen Gebieten&#8230;<\/p>\n\n\n\n<p class=\"has-medium-font-size\"><strong>JAPAN:<\/strong><\/p>\n\n\n\n<p class=\"has-medium-font-size\"><a href=\"https:\/\/sovereignmediajp.com\/mkts\/\">Tokyo<br>Osaka<br>Nagoya<br>Kyoto<br>Aichi<br>Hiroshima<br>Kobe<br>Sendai<br>Yokohama<br>Flugh\u00e4fen<br>&amp; more<\/a><\/p>\n\n\n\n<p class=\"has-medium-font-size\"><strong><a href=\"https:\/\/sovereignmediajp.com\/mkts\/\">Und viele weitere&#8230; Klicken Sie hier f\u00fcr eine GLOBALE LISTE der L\u00e4nder<\/a><\/strong><\/p>\n\n\n\n<p class=\"has-medium-font-size\"><strong>Sollte der Text zu klein dargestellt werden, klicken Sie Ansicht auf Ihrer Men\u00fcleiste, und vergr\u00f6\u00dfern Sie den Text je nach Browser Einstellung.<\/strong><\/p>\n\n\n\n<p class=\"has-medium-font-size\"><br><em><strong>Neu:<\/strong>&nbsp;Ab sofort bieten wir auch andere Medien-Platzierungen f\u00fcr Asien an<\/em>&#8230;<\/p>\n\n\n\n<p class=\"has-medium-font-size\"><em>&#8211;&nbsp;<\/em><em>Asiatische Zeitungen, Zeitschriften, Online, alternative Au\u00dfenwerbung<\/em>&nbsp;&amp; vieles mehr&#8230;<\/p>\n\n\n\n<ul class=\"has-medium-font-size wp-block-list\">\n<li>&#8211; B2B (Business to Business) Titel suchen und Empfehlungen<\/li>\n\n\n\n<li>&#8211; Inflight Magazine &amp; Entertainments<\/li>\n\n\n\n<li>&#8211; Internationale Personal Anwerbung<\/li>\n\n\n\n<li>&#8211; Handels Titel in der Volksrepublik China und alle gro\u00dfen chinesischen Zeitungen und Zeitschriften<\/li>\n\n\n\n<li>&#8211; Online-Werbung<\/li>\n\n\n\n<li>&#8211; Ausstellungsempfehlungen &amp; allgemeine Vereinbarungen \/ Logistik<\/li>\n<\/ul>\n\n\n\n<ul class=\"has-medium-font-size wp-block-list\">\n<li><strong>Radio<\/strong><\/li>\n\n\n\n<li><strong>TV<\/strong><\/li>\n\n\n\n<li><strong>Online<\/strong><\/li>\n\n\n\n<li><strong>Zeitungen<\/strong><\/li>\n\n\n\n<li><strong>Zeitschriften<\/strong><\/li>\n<\/ul>\n\n\n\n<p class=\"has-medium-font-size\">Sovereign Comm Reklameanzeige-Anbieter belaufen sich inzwischen auf \u00fcber 6700 UNTERNEHMEN ALLEIN IN ASIEN.<\/p>\n\n\n\n<p class=\"has-medium-font-size\">F\u00fcgen Sie unser weltweites Netzwerk von Au\u00dfenwerbung hinzu so haben wir Zugriff auf \u00fcber 10,000 Medien-Unternehmen!<\/p>\n<\/div>\n<\/div>\n","protected":false},"excerpt":{"rendered":"<p>Sovereign Comm, Japan, Asien und Weltweit&#8230;.Sovereign Comm, Asien und Weltweit\u2026 Ein Netzwerk, dass Ihre Werbung an hohen Profilw\u00e4nden, Werbetafeln, digitale Video, Schildern, mobile Werbefl\u00e4chen, Flugh\u00e4fen, Busse, U-Bahnen, Z\u00fcge, Taxis, Veranstaltungen, Banner, Poster, Tafeln, Einkaufzentren, B2B und anderen nicht-traditionellen Au\u00dfenwerbungsfl\u00e4chen des [&hellip;]<\/p>\n","protected":false},"author":1,"featured_media":0,"parent":0,"menu_order":0,"comment_status":"closed","ping_status":"closed","template":"","meta":{"_pvb_checkbox_block_on_post":false,"footnotes":""},"class_list":["post-4","page","type-page","status-publish","hentry"],"yoast_head":"<!-- This site is optimized with the Yoast SEO plugin v25.0 - https:\/\/yoast.com\/wordpress\/plugins\/seo\/ -->\n<title>HOME - Sovereign Comm German<\/title>\n<meta name=\"description\" content=\"% DIENSTLEISTUNGEN % M\u00c4RKTE % KONTAKT % WERBE AUFBAU TAKTIKEN % NICHT-TRADITIONELLE OOH AUSSENWERBUNG\" \/>\n<meta name=\"robots\" content=\"index, follow, max-snippet:-1, max-image-preview:large, max-video-preview:-1\" \/>\n<link rel=\"canonical\" href=\"https:\/\/www.sovereignmediajp.com\/10g\/\" \/>\n<meta property=\"og:locale\" content=\"de_DE\" \/>\n<meta property=\"og:type\" content=\"article\" \/>\n<meta property=\"og:title\" content=\"HOME - Sovereign Comm German\" \/>\n<meta property=\"og:description\" content=\"% DIENSTLEISTUNGEN % M\u00c4RKTE % KONTAKT % WERBE AUFBAU TAKTIKEN % NICHT-TRADITIONELLE OOH AUSSENWERBUNG\" \/>\n<meta property=\"og:url\" content=\"https:\/\/www.sovereignmediajp.com\/10g\/\" \/>\n<meta property=\"og:site_name\" content=\"Sovereign Comm German\" \/>\n<meta property=\"article:modified_time\" content=\"2024-06-29T13:18:51+00:00\" \/>\n<meta property=\"og:image\" content=\"https:\/\/www.sovereignmediajp.com\/10g\/wp-content\/uploads\/sites\/20\/revslider\/main-slider\/Untitled-1024-x-490-px-1024-x-400-px.png\" \/>\n\t<meta property=\"og:image:width\" content=\"1024\" \/>\n\t<meta property=\"og:image:height\" content=\"400\" \/>\n\t<meta property=\"og:image:type\" content=\"image\/png\" \/>\n<meta name=\"twitter:card\" content=\"summary_large_image\" \/>\n<meta name=\"twitter:label1\" content=\"Gesch\u00e4tzte Lesezeit\" \/>\n\t<meta name=\"twitter:data1\" content=\"2\u00a0Minuten\" \/>\n<script type=\"application\/ld+json\" class=\"yoast-schema-graph\">{\"@context\":\"https:\/\/schema.org\",\"@graph\":[{\"@type\":\"WebPage\",\"@id\":\"https:\/\/www.sovereignmediajp.com\/10g\/\",\"url\":\"https:\/\/www.sovereignmediajp.com\/10g\/\",\"name\":\"HOME - Sovereign Comm German\",\"isPartOf\":{\"@id\":\"https:\/\/www.sovereignmediajp.com\/10g\/#website\"},\"datePublished\":\"2023-07-21T04:22:23+00:00\",\"dateModified\":\"2024-06-29T13:18:51+00:00\",\"description\":\"% DIENSTLEISTUNGEN % M\u00c4RKTE % KONTAKT % WERBE AUFBAU TAKTIKEN % NICHT-TRADITIONELLE OOH AUSSENWERBUNG\",\"breadcrumb\":{\"@id\":\"https:\/\/www.sovereignmediajp.com\/10g\/#breadcrumb\"},\"inLanguage\":\"de\",\"potentialAction\":[{\"@type\":\"ReadAction\",\"target\":[\"https:\/\/www.sovereignmediajp.com\/10g\/\"]}]},{\"@type\":\"BreadcrumbList\",\"@id\":\"https:\/\/www.sovereignmediajp.com\/10g\/#breadcrumb\",\"itemListElement\":[{\"@type\":\"ListItem\",\"position\":1,\"name\":\"Home\",\"item\":\"https:\/\/www.sovereignmediajp.com\/10g\/\"},{\"@type\":\"ListItem\",\"position\":2,\"name\":\"HOME\"}]},{\"@type\":\"WebSite\",\"@id\":\"https:\/\/www.sovereignmediajp.com\/10g\/#website\",\"url\":\"https:\/\/www.sovereignmediajp.com\/10g\/\",\"name\":\"Sovereign Comm German\",\"description\":\"OOH Mediaplanungs- und Einkaufsagentur\",\"publisher\":{\"@id\":\"https:\/\/www.sovereignmediajp.com\/10g\/#organization\"},\"alternateName\":\"sovereignmediajp\",\"potentialAction\":[{\"@type\":\"SearchAction\",\"target\":{\"@type\":\"EntryPoint\",\"urlTemplate\":\"https:\/\/www.sovereignmediajp.com\/10g\/?s={search_term_string}\"},\"query-input\":{\"@type\":\"PropertyValueSpecification\",\"valueRequired\":true,\"valueName\":\"search_term_string\"}}],\"inLanguage\":\"de\"},{\"@type\":\"Organization\",\"@id\":\"https:\/\/www.sovereignmediajp.com\/10g\/#organization\",\"name\":\"sovereign media\",\"alternateName\":\"sovereign media\",\"url\":\"https:\/\/www.sovereignmediajp.com\/10g\/\",\"logo\":{\"@type\":\"ImageObject\",\"inLanguage\":\"de\",\"@id\":\"https:\/\/www.sovereignmediajp.com\/10g\/#\/schema\/logo\/image\/\",\"url\":\"https:\/\/www.sovereignmediajp.com\/10g\/wp-content\/uploads\/sites\/20\/2023\/07\/favicon.jpg\",\"contentUrl\":\"https:\/\/www.sovereignmediajp.com\/10g\/wp-content\/uploads\/sites\/20\/2023\/07\/favicon.jpg\",\"width\":52,\"height\":66,\"caption\":\"sovereign media\"},\"image\":{\"@id\":\"https:\/\/www.sovereignmediajp.com\/10g\/#\/schema\/logo\/image\/\"}}]}<\/script>\n<!-- \/ Yoast SEO plugin. -->","yoast_head_json":{"title":"HOME - Sovereign Comm German","description":"% DIENSTLEISTUNGEN % M\u00c4RKTE % KONTAKT % WERBE AUFBAU TAKTIKEN % NICHT-TRADITIONELLE OOH AUSSENWERBUNG","robots":{"index":"index","follow":"follow","max-snippet":"max-snippet:-1","max-image-preview":"max-image-preview:large","max-video-preview":"max-video-preview:-1"},"canonical":"https:\/\/www.sovereignmediajp.com\/10g\/","og_locale":"de_DE","og_type":"article","og_title":"HOME - Sovereign Comm German","og_description":"% DIENSTLEISTUNGEN % M\u00c4RKTE % KONTAKT % WERBE AUFBAU TAKTIKEN % NICHT-TRADITIONELLE OOH AUSSENWERBUNG","og_url":"https:\/\/www.sovereignmediajp.com\/10g\/","og_site_name":"Sovereign Comm German","article_modified_time":"2024-06-29T13:18:51+00:00","og_image":[{"width":1024,"height":400,"url":"https:\/\/www.sovereignmediajp.com\/10g\/wp-content\/uploads\/sites\/20\/revslider\/main-slider\/Untitled-1024-x-490-px-1024-x-400-px.png","type":"image\/png"}],"twitter_card":"summary_large_image","twitter_misc":{"Gesch\u00e4tzte Lesezeit":"2\u00a0Minuten"},"schema":{"@context":"https:\/\/schema.org","@graph":[{"@type":"WebPage","@id":"https:\/\/www.sovereignmediajp.com\/10g\/","url":"https:\/\/www.sovereignmediajp.com\/10g\/","name":"HOME - Sovereign Comm German","isPartOf":{"@id":"https:\/\/www.sovereignmediajp.com\/10g\/#website"},"datePublished":"2023-07-21T04:22:23+00:00","dateModified":"2024-06-29T13:18:51+00:00","description":"% DIENSTLEISTUNGEN % M\u00c4RKTE % KONTAKT % WERBE AUFBAU TAKTIKEN % NICHT-TRADITIONELLE OOH AUSSENWERBUNG","breadcrumb":{"@id":"https:\/\/www.sovereignmediajp.com\/10g\/#breadcrumb"},"inLanguage":"de","potentialAction":[{"@type":"ReadAction","target":["https:\/\/www.sovereignmediajp.com\/10g\/"]}]},{"@type":"BreadcrumbList","@id":"https:\/\/www.sovereignmediajp.com\/10g\/#breadcrumb","itemListElement":[{"@type":"ListItem","position":1,"name":"Home","item":"https:\/\/www.sovereignmediajp.com\/10g\/"},{"@type":"ListItem","position":2,"name":"HOME"}]},{"@type":"WebSite","@id":"https:\/\/www.sovereignmediajp.com\/10g\/#website","url":"https:\/\/www.sovereignmediajp.com\/10g\/","name":"Sovereign Comm German","description":"OOH Mediaplanungs- und Einkaufsagentur","publisher":{"@id":"https:\/\/www.sovereignmediajp.com\/10g\/#organization"},"alternateName":"sovereignmediajp","potentialAction":[{"@type":"SearchAction","target":{"@type":"EntryPoint","urlTemplate":"https:\/\/www.sovereignmediajp.com\/10g\/?s={search_term_string}"},"query-input":{"@type":"PropertyValueSpecification","valueRequired":true,"valueName":"search_term_string"}}],"inLanguage":"de"},{"@type":"Organization","@id":"https:\/\/www.sovereignmediajp.com\/10g\/#organization","name":"sovereign media","alternateName":"sovereign media","url":"https:\/\/www.sovereignmediajp.com\/10g\/","logo":{"@type":"ImageObject","inLanguage":"de","@id":"https:\/\/www.sovereignmediajp.com\/10g\/#\/schema\/logo\/image\/","url":"https:\/\/www.sovereignmediajp.com\/10g\/wp-content\/uploads\/sites\/20\/2023\/07\/favicon.jpg","contentUrl":"https:\/\/www.sovereignmediajp.com\/10g\/wp-content\/uploads\/sites\/20\/2023\/07\/favicon.jpg","width":52,"height":66,"caption":"sovereign media"},"image":{"@id":"https:\/\/www.sovereignmediajp.com\/10g\/#\/schema\/logo\/image\/"}}]}},"_links":{"self":[{"href":"https:\/\/www.sovereignmediajp.com\/10g\/wp-json\/wp\/v2\/pages\/4","targetHints":{"allow":["GET"]}}],"collection":[{"href":"https:\/\/www.sovereignmediajp.com\/10g\/wp-json\/wp\/v2\/pages"}],"about":[{"href":"https:\/\/www.sovereignmediajp.com\/10g\/wp-json\/wp\/v2\/types\/page"}],"author":[{"embeddable":true,"href":"https:\/\/www.sovereignmediajp.com\/10g\/wp-json\/wp\/v2\/users\/1"}],"replies":[{"embeddable":true,"href":"https:\/\/www.sovereignmediajp.com\/10g\/wp-json\/wp\/v2\/comments?post=4"}],"version-history":[{"count":5,"href":"https:\/\/www.sovereignmediajp.com\/10g\/wp-json\/wp\/v2\/pages\/4\/revisions"}],"predecessor-version":[{"id":248,"href":"https:\/\/www.sovereignmediajp.com\/10g\/wp-json\/wp\/v2\/pages\/4\/revisions\/248"}],"wp:attachment":[{"href":"https:\/\/www.sovereignmediajp.com\/10g\/wp-json\/wp\/v2\/media?parent=4"}],"curies":[{"name":"wp","href":"https:\/\/api.w.org\/{rel}","templated":true}]}}