{"id":23,"date":"2023-07-21T04:25:01","date_gmt":"2023-07-21T04:25:01","guid":{"rendered":"https:\/\/sovereignmediajp.com\/10g\/?page_id=23"},"modified":"2024-06-29T13:18:52","modified_gmt":"2024-06-29T13:18:52","slug":"gernto","status":"publish","type":"page","link":"https:\/\/www.sovereignmediajp.com\/10g\/gernto\/","title":{"rendered":"NICHT-TRADITIONELLE OOH AUSSENWERBUNG"},"content":{"rendered":"\n<div class=\"wp-block-columns clsSpace is-layout-flex wp-container-core-columns-is-layout-9d6595d7 wp-block-columns-is-layout-flex\">\n<div class=\"wp-block-column is-layout-flow wp-block-column-is-layout-flow\">\n<h2 class=\"wp-block-heading has-text-align-center has-text-color\" style=\"color:#8b000e\">Nicht-traditionelle Medien<\/h2>\n\n\n\n<p class=\"has-medium-font-size\">Wenn Ihr Budget nicht so hoch ist und Sie in einen Bereich vordringen m\u00f6chten wo es nur wenige, teure oder nicht vorhandene Medien gibt, k\u00f6nnen Ihnen Formen von nicht-traditionellen Medien sehr weiterhelfen. Lassen Sie uns mal \u00fcber den Tellerrand blicken. In der Tat gibt es eine enorme Anzahl von Medien-Formate, begonnen innerhalb der letzten 10 Jahre in Amerika und in langsamerer Geschwindigkeit auf die weltweiten M\u00e4rkte, allerdings sind genauso kreative Medien au\u00dferhalb Amerikas vorhanden, wo Sie sagen w\u00fcrden: &#8220;Wow, habe ich hier noch nie gesehen&#8221;. Jedes Land hat seine einzigartigen Formen von nicht-traditionellen Medien, die nicht in Amerika vorhanden sind.<\/p>\n\n\n\n<p class=\"has-medium-font-size\">Im Rahmen unseres wachsenden Netzwerks mochten wir g\u00fcnstige, einzigartige und praktische Medien die keine Reklametafeln, Fassadenverkleidungen oder digital Medien bieten. Die folgende Liste wird \u00fcber das neue Jahr hinaus erweitert werden, schauen Sie also \u00f6fters vorbei.<\/p>\n\n\n\n<table width=\"583\" border=\"0\" cellspacing=\"0\" cellpadding=\"0\">\n<style>\ntable{border:none;}\ntable tr td{border:none;}\n<\/style>\n              <tbody><tr>\n                <td width=\"54\">&nbsp;<\/td>\n                <td width=\"529\"><ul style=\"list-style-image: url(li.gif)\"><li>Seiten von LKW-Flotten\n                  <\/li><li><img decoding=\"async\" src=\"https:\/\/sovereignmediajp.com\/10g\/wp-content\/uploads\/sites\/20\/2023\/07\/Picture-21.png\" alt=\"\" width=\"161\" height=\"107\">                  \n                <\/li><\/ul>\n                  <ul style=\"list-style-image: url(li.gif)\">\n                    <li><a href=\"http:\/\/www.sovereignmediajp.com\/File\/BMW_one_series_asia.mpg\">U-Bahn Motion Vision; animierte TV W\u00e4nde wie Displays<\/a>*Klicken Sie hier um einen Ausschnitt von der Tokyo Metro U-Bahn herunterzuladen*             \n                    <\/li><\/ul>\n                  <ul style=\"list-style-image: url(li.gif)\">\n                    <li>Motorr\u00e4der Werbeverkleidung Reklametafeln\n                    <\/li><li><img decoding=\"async\" src=\"https:\/\/sovereignmediajp.com\/10g\/wp-content\/uploads\/sites\/20\/2023\/07\/600__MG_0776_Medium_.jpg\" alt=\"\" width=\"164\" height=\"116\">                    <img decoding=\"async\" src=\"https:\/\/sovereignmediajp.com\/10g\/wp-content\/uploads\/sites\/20\/2023\/07\/bike-chevy.jpg\" alt=\"\" width=\"180\" height=\"116\">\n                    <\/li><\/ul>\n                  <ul style=\"list-style-image: url(li.gif)\">\n                    <li>Mobile digitale LED verkleidete Fahrzeuge                                       \n                    <\/li><li><img loading=\"lazy\" decoding=\"async\" src=\"https:\/\/sovereignmediajp.com\/10g\/wp-content\/uploads\/sites\/20\/2023\/07\/NBC-Golf-Event.jpg\" alt=\"\" width=\"224\" height=\"168\">\n                    <\/li><\/ul>\n                  <ul style=\"list-style-image: url(li.gif)\">\n                    <li>Mobile digitale LED verkleidete Fahrzeuge Geb\u00e4udeprojektierung (Dias oder bewegte Videos), [Zielgruppe Nachtleben in der Stadt zu jeder Zeit!]                                      \n                    <\/li><li><img loading=\"lazy\" decoding=\"async\" src=\"https:\/\/sovereignmediajp.com\/10g\/wp-content\/uploads\/sites\/20\/2023\/07\/Picture-22.png\" alt=\"\" width=\"224\" height=\"297\">\n                    <\/li><\/ul>\n                  <ul style=\"list-style-image: url(li.gif)\">\n                    <li>Laser Reklametafeln\/Schilder\n                    <\/li><li><img loading=\"lazy\" decoding=\"async\" src=\"https:\/\/sovereignmediajp.com\/10g\/wp-content\/uploads\/sites\/20\/2023\/07\/laser_billboards_4_l.jpg\" alt=\"\" width=\"276\" height=\"116\">                    \n                    <\/li><li><img loading=\"lazy\" decoding=\"async\" src=\"https:\/\/sovereignmediajp.com\/10g\/wp-content\/uploads\/sites\/20\/2023\/07\/opera.jpg\" alt=\"\" width=\"276\" height=\"116\">\n                    <\/li><li>Taxi Oberteil Bereich<br>\n                                          <\/li><li>Pendelzug Verkleidung<br>\n                      <\/li><li>Aufzug\/B\u00fcrogeb\u00e4ude Monitore<br>\n                      <\/li><li>Flugzeug\/Skybus Anzeigen f\u00fcr Reisende<br>\n                      <\/li><li>Fitnesscenter\/Fitness Studios<br>\n                      <\/li><li>Im Inneren von Taxis in New York<br>\n                      <\/li><li>Friseur\/Salon                    \n                      <\/li><li><img loading=\"lazy\" decoding=\"async\" src=\"https:\/\/sovereignmediajp.com\/10g\/wp-content\/uploads\/sites\/20\/2023\/07\/image8_small2.jpg\" alt=\"\" width=\"193\" height=\"145\">                      \n                      <\/li><li>G\u00fcterzug Medien, Landesweit<br>\n                      <\/li><li>TV im Wartezimmer bei Tier\u00e4rzten<br>\n                      <\/li><li>Hochschulgel\u00e4nde\/Monitore au\u00dferhalb des Campusgel\u00e4nde<br>\n                      <\/li><li>Am Strand\/Schwimmende Reklametafeln ausgerichtet auf Strandurlauber\/ Strandg\u00e4nger im n\u00e4chsten Sommer<br>\n                      <\/li><li>Umweltfreundlich Aufh\u00e4nger<br>\n                      <\/li><li>Flughafen Kofferwagen\/Banner<br>\n                      <\/li><li>Im Flugzeug herunterklappbare Tabletts<br>\n                      <\/li><li>Umschl\u00e4ge zum aufbewahren von Schecks                                                                                                                                                                              \n                      <\/li><li><img loading=\"lazy\" decoding=\"async\" src=\"https:\/\/sovereignmediajp.com\/10g\/wp-content\/uploads\/sites\/20\/2023\/07\/img_cinema_sign.gif\" alt=\"\" width=\"119\" height=\"115\">                      \n                      <\/li><li>Film | Kino Dias, 1-5 Minuten-Spots, Vorschauwerbung, Lobby Werbeaktionen. Mittel integriert im Theater-Marketing<br>\n                      <\/li><li>Filmfestivals<br>\n                      <\/li><li>Handelsketten Parkpl\u00e4tze<br>\n                      <\/li><li>Nationalpark Gebiete<br>\n                      <\/li><li>Handy-Textnachrichten auf der neuen &#8220;Kostenlosen Telefondienst&#8221; (UK)<br>\n                      <\/li><li>6 Stockwerke hohe mobile Reklametafeln<br>\n                      <\/li><li>Clubs\/Veranstaltungen Handstempel \/ Toiletten Beschilderung<br>\n                      <\/li><li>Auf dem Gr\u00fcn auf Golfpl\u00e4tzen                                                                                                                                                                                \n                      <\/li><li><img loading=\"lazy\" decoding=\"async\" src=\"https:\/\/sovereignmediajp.com\/10g\/wp-content\/uploads\/sites\/20\/2023\/07\/sidebar-products.jpg\" alt=\"\" width=\"143\" height=\"146\">                      \n                      <\/li><li>Flughafen First Class\/Vorstands Lounges (Zielrichtung Gesch\u00e4ftsleitung + Hohes Einkommen)<br>\n                      <\/li><li>Warenkorb Bildschirme<br>\n                      <\/li><li>Kreuzfahrtschiff Medien<br>\n                      <\/li><li>Kleiderb\u00fcgel von Chemischen Reinigungen                                                                                        \n                      <\/li><li><img loading=\"lazy\" decoding=\"async\" src=\"https:\/\/sovereignmediajp.com\/10g\/wp-content\/uploads\/sites\/20\/2023\/07\/Picture-11.png\" alt=\"\" width=\"236\" height=\"136\">\n                                        <\/li><li>Einkaufscenter<br>\n                                        <\/li><li>Flughafen Buchhandlungen\n                                        <\/li><li><img loading=\"lazy\" decoding=\"async\" src=\"https:\/\/sovereignmediajp.com\/10g\/wp-content\/uploads\/sites\/20\/2023\/07\/banner30.jpg\" alt=\"\" width=\"318\" height=\"71\">                                                                                                                        \n                                        <\/li><li>USA: Flughafen Sicherheitskontrollpunkt Tabletts<br>\n                                          <\/li><li><a href=\"http:\/\/www.sovereignmediajp.com\/File\/arbitron_airport_study.pdf\">=Flughafen Marketing Studie von Arbitron herunterladen (.PDF-Format)=<\/a><br>\n                      <\/li><li>Kreditkarten Quittungen<br>\n                      <\/li><li>Hochschul Fernsehen<br>\n                      <\/li><li>Skilift Werbung<br>\n                      <\/li><li>Krankenh\u00e4user und Kliniken<br>\n                      <\/li><li>Taschent\u00fccher P\u00e4ckchen Handreichungen<br>\n                      <\/li><li>Hochschul Fachb\u00fccher<br>\n                      <\/li><li>Greyhound Busfahrkarten<br>\n                      <\/li><li>Essst\u00e4bchen Verpackungen<br>\n                      <\/li><li>Teenager-Marketing (13-17 Jahre)<br>\n                      <\/li><li>Nachtclub Handgelenk B\u00e4nder<br>\n                      <\/li><li>Video-Bildschirme an amerikanische Hochschul Buchhandlung<br>\n                      <\/li><li>Digital Fu\u00dfmattenwerbung an amerikanischen Hochschulen                                        \n                      <\/li><li><img loading=\"lazy\" decoding=\"async\" src=\"https:\/\/sovereignmediajp.com\/10g\/wp-content\/uploads\/sites\/20\/2023\/07\/Merthyr001.jpg\" alt=\"\" width=\"85\" height=\"183\">                      \n                      <\/li><li>Gro\u00dfbritannien: Beleuchtete Post Schilder<br>\n                      \n                      <\/li><li>Rollende Werbung auf Supermarkt Transportb\u00e4ndern                                            \n                      <\/li><li><img loading=\"lazy\" decoding=\"async\" src=\"https:\/\/sovereignmediajp.com\/10g\/wp-content\/uploads\/sites\/20\/2023\/07\/alltel.jpg\" alt=\"\" width=\"227\" height=\"160\">                      <img loading=\"lazy\" decoding=\"async\" src=\"https:\/\/sovereignmediajp.com\/10g\/wp-content\/uploads\/sites\/20\/2023\/07\/maybelline-a.jpg\" alt=\"\" width=\"212\" height=\"141\">\n                      <\/li><li>USA: Mobile Video Lieferwagen in den gesamten westlichen Staaten\n                      <\/li><li><img loading=\"lazy\" decoding=\"async\" src=\"https:\/\/sovereignmediajp.com\/10g\/wp-content\/uploads\/sites\/20\/2023\/07\/IMG_1133.jpg\" alt=\"\" width=\"255\" height=\"170\">                                            \n                      <\/li><li>Supermarkt Bodenwerbung im Eingangsbereich (Kalifornien bis landesweit)\n                      <\/li><li>\n                      <\/li><li>Singapur: Integrierte KIOSK Werbung, 32&#8243; USA: Mobile Video Lieferwagen in den gesamten westlichen StaatenLCD + Statische Werbung (Erkundigen Sie sich zum einrichten f\u00fcr Ihr Land!)\n                      <\/li><li><img loading=\"lazy\" decoding=\"async\" src=\"https:\/\/sovereignmediajp.com\/10g\/wp-content\/uploads\/sites\/20\/2023\/07\/kaplan.jpg\" alt=\"\" width=\"159\" height=\"196\">                                            \n                      <\/li><li>Singapur: Werbes\u00e4ulen mit integrierten 42&#8243; LCD Bildschirme\n                      <\/li><li><img loading=\"lazy\" decoding=\"async\" src=\"https:\/\/sovereignmediajp.com\/10g\/wp-content\/uploads\/sites\/20\/2023\/07\/osc_portfolio.jpg\" alt=\"\" width=\"242\" height=\"160\">\n                      <\/li><li>Weltgr\u00f6\u00dfte Werbung, von Flugzeugen beim Landeanflug\/Abflug zu betrachten\n                      <\/li><li><img loading=\"lazy\" decoding=\"async\" src=\"https:\/\/sovereignmediajp.com\/10g\/wp-content\/uploads\/sites\/20\/2023\/07\/air-billboard.jpg\" alt=\"\" width=\"397\" height=\"262\">\n                      <\/li><li><a href=\"http:\/\/www.sovereignmediajp.com\/File\/World%20locations%20for%20air%20billboards.rtf\">KLICKEN SIE HIER f\u00fcr weltweite Flughafen Standorte.<\/a>\n                  <\/li><\/ul>\n                  <\/td>\n             <\/tr>\n            <\/tbody><\/table>\n<\/div>\n<\/div>\n","protected":false},"excerpt":{"rendered":"<p>Nicht-traditionelle Medien Wenn Ihr Budget nicht so hoch ist und Sie in einen Bereich vordringen m\u00f6chten wo es nur wenige, teure oder nicht vorhandene Medien gibt, k\u00f6nnen Ihnen Formen von nicht-traditionellen Medien sehr weiterhelfen. Lassen Sie uns mal \u00fcber den [&hellip;]<\/p>\n","protected":false},"author":1,"featured_media":0,"parent":0,"menu_order":0,"comment_status":"closed","ping_status":"closed","template":"","meta":{"_pvb_checkbox_block_on_post":false,"footnotes":""},"class_list":["post-23","page","type-page","status-publish","hentry"],"yoast_head":"<!-- This site is optimized with the Yoast SEO plugin v25.0 - https:\/\/yoast.com\/wordpress\/plugins\/seo\/ -->\n<title>NICHT-TRADITIONELLE OOH AUSSENWERBUNG - Sovereign Comm German<\/title>\n<meta name=\"description\" content=\"% DIENSTLEISTUNGEN % M\u00c4RKTE % KONTAKT % WERBE AUFBAU TAKTIKEN % NICHT-TRADITIONELLE OOH AUSSENWERBUNG\" \/>\n<meta name=\"robots\" content=\"index, follow, max-snippet:-1, max-image-preview:large, max-video-preview:-1\" \/>\n<link rel=\"canonical\" href=\"https:\/\/www.sovereignmediajp.com\/10g\/gernto\/\" \/>\n<meta property=\"og:locale\" content=\"de_DE\" \/>\n<meta property=\"og:type\" content=\"article\" \/>\n<meta property=\"og:title\" content=\"NICHT-TRADITIONELLE OOH AUSSENWERBUNG - Sovereign Comm German\" \/>\n<meta property=\"og:description\" content=\"% DIENSTLEISTUNGEN % M\u00c4RKTE % KONTAKT % WERBE AUFBAU TAKTIKEN % NICHT-TRADITIONELLE OOH AUSSENWERBUNG\" \/>\n<meta property=\"og:url\" content=\"https:\/\/www.sovereignmediajp.com\/10g\/gernto\/\" \/>\n<meta property=\"og:site_name\" content=\"Sovereign Comm German\" \/>\n<meta property=\"article:modified_time\" content=\"2024-06-29T13:18:52+00:00\" \/>\n<meta property=\"og:image\" content=\"https:\/\/sovereignmediajp.com\/10g\/wp-content\/uploads\/sites\/20\/2023\/07\/Picture-21.png\" \/>\n<meta name=\"twitter:card\" content=\"summary_large_image\" \/>\n<meta name=\"twitter:label1\" content=\"Gesch\u00e4tzte Lesezeit\" \/>\n\t<meta name=\"twitter:data1\" content=\"6\u00a0Minuten\" \/>\n<script type=\"application\/ld+json\" class=\"yoast-schema-graph\">{\"@context\":\"https:\/\/schema.org\",\"@graph\":[{\"@type\":\"WebPage\",\"@id\":\"https:\/\/www.sovereignmediajp.com\/10g\/gernto\/\",\"url\":\"https:\/\/www.sovereignmediajp.com\/10g\/gernto\/\",\"name\":\"NICHT-TRADITIONELLE OOH AUSSENWERBUNG - Sovereign Comm German\",\"isPartOf\":{\"@id\":\"https:\/\/www.sovereignmediajp.com\/10g\/#website\"},\"primaryImageOfPage\":{\"@id\":\"https:\/\/www.sovereignmediajp.com\/10g\/gernto\/#primaryimage\"},\"image\":{\"@id\":\"https:\/\/www.sovereignmediajp.com\/10g\/gernto\/#primaryimage\"},\"thumbnailUrl\":\"https:\/\/sovereignmediajp.com\/10g\/wp-content\/uploads\/sites\/20\/2023\/07\/Picture-21.png\",\"datePublished\":\"2023-07-21T04:25:01+00:00\",\"dateModified\":\"2024-06-29T13:18:52+00:00\",\"description\":\"% DIENSTLEISTUNGEN % M\u00c4RKTE % KONTAKT % WERBE AUFBAU TAKTIKEN % NICHT-TRADITIONELLE OOH AUSSENWERBUNG\",\"breadcrumb\":{\"@id\":\"https:\/\/www.sovereignmediajp.com\/10g\/gernto\/#breadcrumb\"},\"inLanguage\":\"de\",\"potentialAction\":[{\"@type\":\"ReadAction\",\"target\":[\"https:\/\/www.sovereignmediajp.com\/10g\/gernto\/\"]}]},{\"@type\":\"ImageObject\",\"inLanguage\":\"de\",\"@id\":\"https:\/\/www.sovereignmediajp.com\/10g\/gernto\/#primaryimage\",\"url\":\"https:\/\/sovereignmediajp.com\/10g\/wp-content\/uploads\/sites\/20\/2023\/07\/Picture-21.png\",\"contentUrl\":\"https:\/\/sovereignmediajp.com\/10g\/wp-content\/uploads\/sites\/20\/2023\/07\/Picture-21.png\"},{\"@type\":\"BreadcrumbList\",\"@id\":\"https:\/\/www.sovereignmediajp.com\/10g\/gernto\/#breadcrumb\",\"itemListElement\":[{\"@type\":\"ListItem\",\"position\":1,\"name\":\"Home\",\"item\":\"https:\/\/www.sovereignmediajp.com\/10g\/\"},{\"@type\":\"ListItem\",\"position\":2,\"name\":\"NICHT-TRADITIONELLE OOH AUSSENWERBUNG\"}]},{\"@type\":\"WebSite\",\"@id\":\"https:\/\/www.sovereignmediajp.com\/10g\/#website\",\"url\":\"https:\/\/www.sovereignmediajp.com\/10g\/\",\"name\":\"Sovereign Comm German\",\"description\":\"OOH Mediaplanungs- und Einkaufsagentur\",\"publisher\":{\"@id\":\"https:\/\/www.sovereignmediajp.com\/10g\/#organization\"},\"alternateName\":\"sovereignmediajp\",\"potentialAction\":[{\"@type\":\"SearchAction\",\"target\":{\"@type\":\"EntryPoint\",\"urlTemplate\":\"https:\/\/www.sovereignmediajp.com\/10g\/?s={search_term_string}\"},\"query-input\":{\"@type\":\"PropertyValueSpecification\",\"valueRequired\":true,\"valueName\":\"search_term_string\"}}],\"inLanguage\":\"de\"},{\"@type\":\"Organization\",\"@id\":\"https:\/\/www.sovereignmediajp.com\/10g\/#organization\",\"name\":\"sovereign media\",\"alternateName\":\"sovereign media\",\"url\":\"https:\/\/www.sovereignmediajp.com\/10g\/\",\"logo\":{\"@type\":\"ImageObject\",\"inLanguage\":\"de\",\"@id\":\"https:\/\/www.sovereignmediajp.com\/10g\/#\/schema\/logo\/image\/\",\"url\":\"https:\/\/www.sovereignmediajp.com\/10g\/wp-content\/uploads\/sites\/20\/2023\/07\/favicon.jpg\",\"contentUrl\":\"https:\/\/www.sovereignmediajp.com\/10g\/wp-content\/uploads\/sites\/20\/2023\/07\/favicon.jpg\",\"width\":52,\"height\":66,\"caption\":\"sovereign media\"},\"image\":{\"@id\":\"https:\/\/www.sovereignmediajp.com\/10g\/#\/schema\/logo\/image\/\"}}]}<\/script>\n<!-- \/ Yoast SEO plugin. -->","yoast_head_json":{"title":"NICHT-TRADITIONELLE OOH AUSSENWERBUNG - Sovereign Comm German","description":"% DIENSTLEISTUNGEN % M\u00c4RKTE % KONTAKT % WERBE AUFBAU TAKTIKEN % NICHT-TRADITIONELLE OOH AUSSENWERBUNG","robots":{"index":"index","follow":"follow","max-snippet":"max-snippet:-1","max-image-preview":"max-image-preview:large","max-video-preview":"max-video-preview:-1"},"canonical":"https:\/\/www.sovereignmediajp.com\/10g\/gernto\/","og_locale":"de_DE","og_type":"article","og_title":"NICHT-TRADITIONELLE OOH AUSSENWERBUNG - Sovereign Comm German","og_description":"% DIENSTLEISTUNGEN % M\u00c4RKTE % KONTAKT % WERBE AUFBAU TAKTIKEN % NICHT-TRADITIONELLE OOH AUSSENWERBUNG","og_url":"https:\/\/www.sovereignmediajp.com\/10g\/gernto\/","og_site_name":"Sovereign Comm German","article_modified_time":"2024-06-29T13:18:52+00:00","og_image":[{"url":"https:\/\/sovereignmediajp.com\/10g\/wp-content\/uploads\/sites\/20\/2023\/07\/Picture-21.png","type":"","width":"","height":""}],"twitter_card":"summary_large_image","twitter_misc":{"Gesch\u00e4tzte Lesezeit":"6\u00a0Minuten"},"schema":{"@context":"https:\/\/schema.org","@graph":[{"@type":"WebPage","@id":"https:\/\/www.sovereignmediajp.com\/10g\/gernto\/","url":"https:\/\/www.sovereignmediajp.com\/10g\/gernto\/","name":"NICHT-TRADITIONELLE OOH AUSSENWERBUNG - Sovereign Comm German","isPartOf":{"@id":"https:\/\/www.sovereignmediajp.com\/10g\/#website"},"primaryImageOfPage":{"@id":"https:\/\/www.sovereignmediajp.com\/10g\/gernto\/#primaryimage"},"image":{"@id":"https:\/\/www.sovereignmediajp.com\/10g\/gernto\/#primaryimage"},"thumbnailUrl":"https:\/\/sovereignmediajp.com\/10g\/wp-content\/uploads\/sites\/20\/2023\/07\/Picture-21.png","datePublished":"2023-07-21T04:25:01+00:00","dateModified":"2024-06-29T13:18:52+00:00","description":"% DIENSTLEISTUNGEN % M\u00c4RKTE % KONTAKT % WERBE AUFBAU TAKTIKEN % NICHT-TRADITIONELLE OOH AUSSENWERBUNG","breadcrumb":{"@id":"https:\/\/www.sovereignmediajp.com\/10g\/gernto\/#breadcrumb"},"inLanguage":"de","potentialAction":[{"@type":"ReadAction","target":["https:\/\/www.sovereignmediajp.com\/10g\/gernto\/"]}]},{"@type":"ImageObject","inLanguage":"de","@id":"https:\/\/www.sovereignmediajp.com\/10g\/gernto\/#primaryimage","url":"https:\/\/sovereignmediajp.com\/10g\/wp-content\/uploads\/sites\/20\/2023\/07\/Picture-21.png","contentUrl":"https:\/\/sovereignmediajp.com\/10g\/wp-content\/uploads\/sites\/20\/2023\/07\/Picture-21.png"},{"@type":"BreadcrumbList","@id":"https:\/\/www.sovereignmediajp.com\/10g\/gernto\/#breadcrumb","itemListElement":[{"@type":"ListItem","position":1,"name":"Home","item":"https:\/\/www.sovereignmediajp.com\/10g\/"},{"@type":"ListItem","position":2,"name":"NICHT-TRADITIONELLE OOH AUSSENWERBUNG"}]},{"@type":"WebSite","@id":"https:\/\/www.sovereignmediajp.com\/10g\/#website","url":"https:\/\/www.sovereignmediajp.com\/10g\/","name":"Sovereign Comm German","description":"OOH Mediaplanungs- und Einkaufsagentur","publisher":{"@id":"https:\/\/www.sovereignmediajp.com\/10g\/#organization"},"alternateName":"sovereignmediajp","potentialAction":[{"@type":"SearchAction","target":{"@type":"EntryPoint","urlTemplate":"https:\/\/www.sovereignmediajp.com\/10g\/?s={search_term_string}"},"query-input":{"@type":"PropertyValueSpecification","valueRequired":true,"valueName":"search_term_string"}}],"inLanguage":"de"},{"@type":"Organization","@id":"https:\/\/www.sovereignmediajp.com\/10g\/#organization","name":"sovereign media","alternateName":"sovereign media","url":"https:\/\/www.sovereignmediajp.com\/10g\/","logo":{"@type":"ImageObject","inLanguage":"de","@id":"https:\/\/www.sovereignmediajp.com\/10g\/#\/schema\/logo\/image\/","url":"https:\/\/www.sovereignmediajp.com\/10g\/wp-content\/uploads\/sites\/20\/2023\/07\/favicon.jpg","contentUrl":"https:\/\/www.sovereignmediajp.com\/10g\/wp-content\/uploads\/sites\/20\/2023\/07\/favicon.jpg","width":52,"height":66,"caption":"sovereign media"},"image":{"@id":"https:\/\/www.sovereignmediajp.com\/10g\/#\/schema\/logo\/image\/"}}]}},"_links":{"self":[{"href":"https:\/\/www.sovereignmediajp.com\/10g\/wp-json\/wp\/v2\/pages\/23","targetHints":{"allow":["GET"]}}],"collection":[{"href":"https:\/\/www.sovereignmediajp.com\/10g\/wp-json\/wp\/v2\/pages"}],"about":[{"href":"https:\/\/www.sovereignmediajp.com\/10g\/wp-json\/wp\/v2\/types\/page"}],"author":[{"embeddable":true,"href":"https:\/\/www.sovereignmediajp.com\/10g\/wp-json\/wp\/v2\/users\/1"}],"replies":[{"embeddable":true,"href":"https:\/\/www.sovereignmediajp.com\/10g\/wp-json\/wp\/v2\/comments?post=23"}],"version-history":[{"count":17,"href":"https:\/\/www.sovereignmediajp.com\/10g\/wp-json\/wp\/v2\/pages\/23\/revisions"}],"predecessor-version":[{"id":155,"href":"https:\/\/www.sovereignmediajp.com\/10g\/wp-json\/wp\/v2\/pages\/23\/revisions\/155"}],"wp:attachment":[{"href":"https:\/\/www.sovereignmediajp.com\/10g\/wp-json\/wp\/v2\/media?parent=23"}],"curies":[{"name":"wp","href":"https:\/\/api.w.org\/{rel}","templated":true}]}}