{"id":21,"date":"2023-07-21T04:24:40","date_gmt":"2023-07-21T04:24:40","guid":{"rendered":"https:\/\/sovereignmediajp.com\/10g\/?page_id=21"},"modified":"2024-06-29T13:18:52","modified_gmt":"2024-06-29T13:18:52","slug":"gerabt","status":"publish","type":"page","link":"https:\/\/www.sovereignmediajp.com\/10g\/gerabt\/","title":{"rendered":"WERBE AUFBAU TAKTIKEN"},"content":{"rendered":"\n<div class=\"wp-block-columns is-layout-flex wp-container-core-columns-is-layout-9d6595d7 wp-block-columns-is-layout-flex\">\n<div class=\"wp-block-column clsSpace is-layout-flow wp-block-column-is-layout-flow\">\n<h2 class=\"wp-block-heading has-text-align-center has-text-color\" style=\"color:#8b000e\">F\u00fcnf Werbeschild-Kampagnen sind zu ber\u00fccksichtigenden<\/h2>\n\n\n\n<p class=\"has-medium-font-size\"><strong>Humor und Intrigen<\/strong><br>Dies ist eine leistungsstarke Design-Wahl, denn Humor und Intrigen ben\u00f6tigen weniger Medien Aufgaben um ein Bewusstsein aufzubauen als eine profane Ausf\u00fchrung es muss. Humor erweckt eine positive Reaktion bei den Zuschauern. Intrigen binden den Betrachter mit Hilfe von Worten oder Bildern, die nicht sofort verst\u00e4ndlich sind, in das Geschehen mit ein, wie ein Puzzle oder ein L\u00f6sungsverh\u00e4ltnis.<\/p>\n\n\n\n<p class=\"has-medium-font-size\"><strong>\u00dcberraschung<\/strong><br>Stimuliert einen Betrachter mit unerwarteten oder ungew\u00f6hnlichen Gestaltungselementen. Ein \u00fcberraschter Betrachter wird nochmals Hinschauen und wird im Allgemeinen eine gef\u00fchlsm\u00e4\u00dfige Reaktion erfahren, sobald der Kern der Botschaft verstanden wird.<\/p>\n\n\n\n<p class=\"has-medium-font-size\"><strong>\u00c4sthetik<\/strong><br>Designs, die Annehmlichkeit vermitteln, angenehme Bildern oder Ideen sind wohltuend zu beachten oder unterhaltsam im Detail zu studieren. Abh\u00e4ngiger an Bildern als an Worten.<\/p>\n\n\n\n<p class=\"has-medium-font-size\"><strong>W\u00f6rtliche Botschaft<\/strong><br>Im Allgemeinen die am niedrigsten erinnerte Au\u00dfenwerbung bei den Betrachtern. Obwohl reines Branding von Namen im Laufe der Zeit sehr effektiv sein kann, wird w\u00f6rtliche Werbung das nicht so schnell erreichen. Vergn\u00fcgungsorte sind dagegen einzigartig, wenn Sie eine w\u00f6rtliche Nachricht verwenden m\u00f6chten und eine bekannte Marke oder Namen haben. Auf der anderen Seite, wenn Sie versuchen eine unbekannte Show, Namen oder Unternehmen mit einer w\u00f6rtlichen Nachricht zu bewerben, ist dies Geldverschwendung. Die Zusammenfassung f\u00fcr Design Durchf\u00fchrung ist: Halten Sie es Einfach!<\/p>\n\n\n\n<p class=\"has-medium-font-size\"><strong>F\u00fcnf todsichere Design Strategien<\/strong><br>Wirkungsvolles Design ist Kunst und Wissenschaft. Die folgenden taktischen Aspekte sind einfach, doch von entscheidender Bedeutung:<br>\u2022 Standort, Standort, Standort<br>\u2022 Physikalische Ausrichtung<br>\u2022 Entfernung<br>\u2022 Zeit<br>\u2022 Neuheitsgrad<br>Mit anderen Worten, ben\u00f6tigen Sie die richtige Botschaft, die richtige Zielgruppe, die richtige Zeit am richtigen Ort.<\/p>\n\n\n\n<p class=\"has-medium-font-size\">Sechs Richtlinien zum Erstellen von Au\u00dfenwerbe Medien<\/p>\n\n\n\n<p class=\"has-medium-font-size\">Genauigkeit \u2013 Pr\u00e4zise den wichtigsten Gedanken ausdr\u00fccken.<br>Mut \u2013 Dynamisches oder provokantes pr\u00e4sentieren der Botschaft, tun Sie nichts Langweiliges.<br>Grenzen \u2013 Sich nicht durch die Grenzen eines Rahmens begrenzt lassen, (Erweiterungen, 3-D).<br>Deutlichkeit &#8211; Begrenzen der Anzahl von W\u00f6rtern und Bildern.<br>K\u00fcrze &#8211; Weniger als 7 Worte. Weniger als 3 Elemente.<br>Farben &#8211; Hohe Farbkontraste k\u00f6nnen den Erinnerungswert f\u00fcr Au\u00dfenwerbung um 38% erh\u00f6hen.<\/p>\n\n\n\n<p class=\"has-medium-font-size\"><strong>H\u00e4ufige Ursachen von Produktionsverz\u00f6gerungen<\/strong><\/p>\n\n\n\n<p class=\"has-medium-font-size\"><br>\u2022 Besch\u00e4digte Disketten<br>\u2022 Fehlende oder unvollst\u00e4ndige Zeichens\u00e4tze<br>\u2022 Fehlende Dateien<br>\u2022 Schlechte Qualit\u00e4t von Typ\/Liniengrafiken<br>\u2022 Keine \u00fcbereinstimmenden Ausdrucke zur Verf\u00fcgung gestellt<br>\u2022 Au\u00dferhalb des proportionalen Layouts<br>\u2022 Gegens\u00e4tzliche k\u00fcnstlerische Anweisungen<br>\u2022 Zu geringe Aufl\u00f6sung von Bildern<\/p>\n<\/div>\n<\/div>\n","protected":false},"excerpt":{"rendered":"<p>F\u00fcnf Werbeschild-Kampagnen sind zu ber\u00fccksichtigenden Humor und IntrigenDies ist eine leistungsstarke Design-Wahl, denn Humor und Intrigen ben\u00f6tigen weniger Medien Aufgaben um ein Bewusstsein aufzubauen als eine profane Ausf\u00fchrung es muss. Humor erweckt eine positive Reaktion bei den Zuschauern. Intrigen binden [&hellip;]<\/p>\n","protected":false},"author":1,"featured_media":0,"parent":0,"menu_order":0,"comment_status":"closed","ping_status":"closed","template":"","meta":{"_pvb_checkbox_block_on_post":false,"footnotes":""},"class_list":["post-21","page","type-page","status-publish","hentry"],"yoast_head":"<!-- This site is optimized with the Yoast SEO plugin v25.0 - https:\/\/yoast.com\/wordpress\/plugins\/seo\/ -->\n<title>WERBE AUFBAU TAKTIKEN - Sovereign Comm German<\/title>\n<meta name=\"description\" content=\"% DIENSTLEISTUNGEN % M\u00c4RKTE % KONTAKT % WERBE AUFBAU TAKTIKEN % NICHT-TRADITIONELLE OOH AUSSENWERBUNG\" \/>\n<meta name=\"robots\" content=\"index, follow, max-snippet:-1, max-image-preview:large, max-video-preview:-1\" \/>\n<link rel=\"canonical\" href=\"https:\/\/www.sovereignmediajp.com\/10g\/gerabt\/\" \/>\n<meta property=\"og:locale\" content=\"de_DE\" \/>\n<meta property=\"og:type\" content=\"article\" \/>\n<meta property=\"og:title\" content=\"WERBE AUFBAU TAKTIKEN - Sovereign Comm German\" \/>\n<meta property=\"og:description\" content=\"% DIENSTLEISTUNGEN % M\u00c4RKTE % KONTAKT % WERBE AUFBAU TAKTIKEN % NICHT-TRADITIONELLE OOH AUSSENWERBUNG\" \/>\n<meta property=\"og:url\" content=\"https:\/\/www.sovereignmediajp.com\/10g\/gerabt\/\" \/>\n<meta property=\"og:site_name\" content=\"Sovereign Comm German\" \/>\n<meta property=\"article:modified_time\" content=\"2024-06-29T13:18:52+00:00\" \/>\n<meta property=\"og:image\" content=\"https:\/\/www.sovereignmediajp.com\/10g\/wp-content\/uploads\/sites\/20\/revslider\/main-slider\/Untitled-1024-x-490-px-1024-x-400-px.png\" \/>\n\t<meta property=\"og:image:width\" content=\"1024\" \/>\n\t<meta property=\"og:image:height\" content=\"400\" \/>\n\t<meta property=\"og:image:type\" content=\"image\/png\" \/>\n<meta name=\"twitter:card\" content=\"summary_large_image\" \/>\n<meta name=\"twitter:label1\" content=\"Gesch\u00e4tzte Lesezeit\" \/>\n\t<meta name=\"twitter:data1\" content=\"2\u00a0Minuten\" \/>\n<script type=\"application\/ld+json\" class=\"yoast-schema-graph\">{\"@context\":\"https:\/\/schema.org\",\"@graph\":[{\"@type\":\"WebPage\",\"@id\":\"https:\/\/www.sovereignmediajp.com\/10g\/gerabt\/\",\"url\":\"https:\/\/www.sovereignmediajp.com\/10g\/gerabt\/\",\"name\":\"WERBE AUFBAU TAKTIKEN - Sovereign Comm German\",\"isPartOf\":{\"@id\":\"https:\/\/www.sovereignmediajp.com\/10g\/#website\"},\"datePublished\":\"2023-07-21T04:24:40+00:00\",\"dateModified\":\"2024-06-29T13:18:52+00:00\",\"description\":\"% DIENSTLEISTUNGEN % M\u00c4RKTE % KONTAKT % WERBE AUFBAU TAKTIKEN % NICHT-TRADITIONELLE OOH AUSSENWERBUNG\",\"breadcrumb\":{\"@id\":\"https:\/\/www.sovereignmediajp.com\/10g\/gerabt\/#breadcrumb\"},\"inLanguage\":\"de\",\"potentialAction\":[{\"@type\":\"ReadAction\",\"target\":[\"https:\/\/www.sovereignmediajp.com\/10g\/gerabt\/\"]}]},{\"@type\":\"BreadcrumbList\",\"@id\":\"https:\/\/www.sovereignmediajp.com\/10g\/gerabt\/#breadcrumb\",\"itemListElement\":[{\"@type\":\"ListItem\",\"position\":1,\"name\":\"Home\",\"item\":\"https:\/\/www.sovereignmediajp.com\/10g\/\"},{\"@type\":\"ListItem\",\"position\":2,\"name\":\"WERBE AUFBAU TAKTIKEN\"}]},{\"@type\":\"WebSite\",\"@id\":\"https:\/\/www.sovereignmediajp.com\/10g\/#website\",\"url\":\"https:\/\/www.sovereignmediajp.com\/10g\/\",\"name\":\"Sovereign Comm German\",\"description\":\"OOH Mediaplanungs- und Einkaufsagentur\",\"publisher\":{\"@id\":\"https:\/\/www.sovereignmediajp.com\/10g\/#organization\"},\"alternateName\":\"sovereignmediajp\",\"potentialAction\":[{\"@type\":\"SearchAction\",\"target\":{\"@type\":\"EntryPoint\",\"urlTemplate\":\"https:\/\/www.sovereignmediajp.com\/10g\/?s={search_term_string}\"},\"query-input\":{\"@type\":\"PropertyValueSpecification\",\"valueRequired\":true,\"valueName\":\"search_term_string\"}}],\"inLanguage\":\"de\"},{\"@type\":\"Organization\",\"@id\":\"https:\/\/www.sovereignmediajp.com\/10g\/#organization\",\"name\":\"sovereign media\",\"alternateName\":\"sovereign media\",\"url\":\"https:\/\/www.sovereignmediajp.com\/10g\/\",\"logo\":{\"@type\":\"ImageObject\",\"inLanguage\":\"de\",\"@id\":\"https:\/\/www.sovereignmediajp.com\/10g\/#\/schema\/logo\/image\/\",\"url\":\"https:\/\/www.sovereignmediajp.com\/10g\/wp-content\/uploads\/sites\/20\/2023\/07\/favicon.jpg\",\"contentUrl\":\"https:\/\/www.sovereignmediajp.com\/10g\/wp-content\/uploads\/sites\/20\/2023\/07\/favicon.jpg\",\"width\":52,\"height\":66,\"caption\":\"sovereign media\"},\"image\":{\"@id\":\"https:\/\/www.sovereignmediajp.com\/10g\/#\/schema\/logo\/image\/\"}}]}<\/script>\n<!-- \/ Yoast SEO plugin. -->","yoast_head_json":{"title":"WERBE AUFBAU TAKTIKEN - Sovereign Comm German","description":"% DIENSTLEISTUNGEN % M\u00c4RKTE % KONTAKT % WERBE AUFBAU TAKTIKEN % NICHT-TRADITIONELLE OOH AUSSENWERBUNG","robots":{"index":"index","follow":"follow","max-snippet":"max-snippet:-1","max-image-preview":"max-image-preview:large","max-video-preview":"max-video-preview:-1"},"canonical":"https:\/\/www.sovereignmediajp.com\/10g\/gerabt\/","og_locale":"de_DE","og_type":"article","og_title":"WERBE AUFBAU TAKTIKEN - Sovereign Comm German","og_description":"% DIENSTLEISTUNGEN % M\u00c4RKTE % KONTAKT % WERBE AUFBAU TAKTIKEN % NICHT-TRADITIONELLE OOH AUSSENWERBUNG","og_url":"https:\/\/www.sovereignmediajp.com\/10g\/gerabt\/","og_site_name":"Sovereign Comm German","article_modified_time":"2024-06-29T13:18:52+00:00","og_image":[{"width":1024,"height":400,"url":"https:\/\/www.sovereignmediajp.com\/10g\/wp-content\/uploads\/sites\/20\/revslider\/main-slider\/Untitled-1024-x-490-px-1024-x-400-px.png","type":"image\/png"}],"twitter_card":"summary_large_image","twitter_misc":{"Gesch\u00e4tzte Lesezeit":"2\u00a0Minuten"},"schema":{"@context":"https:\/\/schema.org","@graph":[{"@type":"WebPage","@id":"https:\/\/www.sovereignmediajp.com\/10g\/gerabt\/","url":"https:\/\/www.sovereignmediajp.com\/10g\/gerabt\/","name":"WERBE AUFBAU TAKTIKEN - Sovereign Comm German","isPartOf":{"@id":"https:\/\/www.sovereignmediajp.com\/10g\/#website"},"datePublished":"2023-07-21T04:24:40+00:00","dateModified":"2024-06-29T13:18:52+00:00","description":"% DIENSTLEISTUNGEN % M\u00c4RKTE % KONTAKT % WERBE AUFBAU TAKTIKEN % NICHT-TRADITIONELLE OOH AUSSENWERBUNG","breadcrumb":{"@id":"https:\/\/www.sovereignmediajp.com\/10g\/gerabt\/#breadcrumb"},"inLanguage":"de","potentialAction":[{"@type":"ReadAction","target":["https:\/\/www.sovereignmediajp.com\/10g\/gerabt\/"]}]},{"@type":"BreadcrumbList","@id":"https:\/\/www.sovereignmediajp.com\/10g\/gerabt\/#breadcrumb","itemListElement":[{"@type":"ListItem","position":1,"name":"Home","item":"https:\/\/www.sovereignmediajp.com\/10g\/"},{"@type":"ListItem","position":2,"name":"WERBE AUFBAU TAKTIKEN"}]},{"@type":"WebSite","@id":"https:\/\/www.sovereignmediajp.com\/10g\/#website","url":"https:\/\/www.sovereignmediajp.com\/10g\/","name":"Sovereign Comm German","description":"OOH Mediaplanungs- und Einkaufsagentur","publisher":{"@id":"https:\/\/www.sovereignmediajp.com\/10g\/#organization"},"alternateName":"sovereignmediajp","potentialAction":[{"@type":"SearchAction","target":{"@type":"EntryPoint","urlTemplate":"https:\/\/www.sovereignmediajp.com\/10g\/?s={search_term_string}"},"query-input":{"@type":"PropertyValueSpecification","valueRequired":true,"valueName":"search_term_string"}}],"inLanguage":"de"},{"@type":"Organization","@id":"https:\/\/www.sovereignmediajp.com\/10g\/#organization","name":"sovereign media","alternateName":"sovereign media","url":"https:\/\/www.sovereignmediajp.com\/10g\/","logo":{"@type":"ImageObject","inLanguage":"de","@id":"https:\/\/www.sovereignmediajp.com\/10g\/#\/schema\/logo\/image\/","url":"https:\/\/www.sovereignmediajp.com\/10g\/wp-content\/uploads\/sites\/20\/2023\/07\/favicon.jpg","contentUrl":"https:\/\/www.sovereignmediajp.com\/10g\/wp-content\/uploads\/sites\/20\/2023\/07\/favicon.jpg","width":52,"height":66,"caption":"sovereign media"},"image":{"@id":"https:\/\/www.sovereignmediajp.com\/10g\/#\/schema\/logo\/image\/"}}]}},"_links":{"self":[{"href":"https:\/\/www.sovereignmediajp.com\/10g\/wp-json\/wp\/v2\/pages\/21","targetHints":{"allow":["GET"]}}],"collection":[{"href":"https:\/\/www.sovereignmediajp.com\/10g\/wp-json\/wp\/v2\/pages"}],"about":[{"href":"https:\/\/www.sovereignmediajp.com\/10g\/wp-json\/wp\/v2\/types\/page"}],"author":[{"embeddable":true,"href":"https:\/\/www.sovereignmediajp.com\/10g\/wp-json\/wp\/v2\/users\/1"}],"replies":[{"embeddable":true,"href":"https:\/\/www.sovereignmediajp.com\/10g\/wp-json\/wp\/v2\/comments?post=21"}],"version-history":[{"count":4,"href":"https:\/\/www.sovereignmediajp.com\/10g\/wp-json\/wp\/v2\/pages\/21\/revisions"}],"predecessor-version":[{"id":105,"href":"https:\/\/www.sovereignmediajp.com\/10g\/wp-json\/wp\/v2\/pages\/21\/revisions\/105"}],"wp:attachment":[{"href":"https:\/\/www.sovereignmediajp.com\/10g\/wp-json\/wp\/v2\/media?parent=21"}],"curies":[{"name":"wp","href":"https:\/\/api.w.org\/{rel}","templated":true}]}}